{"id":15975,"date":"2018-09-20T10:07:35","date_gmt":"2018-09-20T10:07:35","guid":{"rendered":"https:\/\/www.palaciodeolza.es\/el-palacio\/"},"modified":"2023-06-09T10:09:46","modified_gmt":"2023-06-09T08:09:46","slug":"der-herrensitz","status":"publish","type":"page","link":"https:\/\/www.palaciodeolza.es\/de\/der-herrensitz\/","title":{"rendered":"Der Herrensitz"},"content":{"rendered":"\t\t<div data-elementor-type=\"wp-page\" data-elementor-id=\"15975\" class=\"elementor elementor-15975 elementor-280\" data-elementor-post-type=\"page\">\n\t\t\t\t\t\t<section class=\"elementor-section elementor-top-section elementor-element elementor-element-8bc294b elementor-section-stretched elementor-section-height-min-height elementor-section-items-bottom elementor-section-content-bottom elementor-hidden-tablet elementor-hidden-phone elementor-section-boxed elementor-section-height-default\" data-id=\"8bc294b\" data-element_type=\"section\" data-e-type=\"section\" data-settings=\"{&quot;stretch_section&quot;:&quot;section-stretched&quot;,&quot;background_background&quot;:&quot;classic&quot;}\">\n\t\t\t\t\t\t\t<div class=\"elementor-background-overlay\"><\/div>\n\t\t\t\t\t\t\t<div class=\"elementor-container elementor-column-gap-default\">\n\t\t\t\t\t<div class=\"elementor-column elementor-col-100 elementor-top-column elementor-element elementor-element-443e648\" data-id=\"443e648\" data-element_type=\"column\" data-e-type=\"column\">\n\t\t\t<div class=\"elementor-widget-wrap\">\n\t\t\t\t\t\t\t<\/div>\n\t\t<\/div>\n\t\t\t\t\t<\/div>\n\t\t<\/section>\n\t\t\t\t<section class=\"elementor-section elementor-top-section elementor-element elementor-element-2fa08da elementor-section-boxed elementor-section-height-default elementor-section-height-default\" data-id=\"2fa08da\" data-element_type=\"section\" data-e-type=\"section\">\n\t\t\t\t\t\t<div class=\"elementor-container elementor-column-gap-default\">\n\t\t\t\t\t<div class=\"elementor-column elementor-col-100 elementor-top-column elementor-element elementor-element-f687c39\" data-id=\"f687c39\" data-element_type=\"column\" data-e-type=\"column\">\n\t\t\t<div class=\"elementor-widget-wrap elementor-element-populated\">\n\t\t\t\t\t\t<div class=\"elementor-element elementor-element-8802407 elementor-widget elementor-widget-heading\" data-id=\"8802407\" data-element_type=\"widget\" data-e-type=\"widget\" data-widget_type=\"heading.default\">\n\t\t\t\t<div class=\"elementor-widget-container\">\n\t\t\t\t\t<h2 class=\"elementor-heading-title elementor-size-default\">Der Herrensitz<\/h2>\t\t\t\t<\/div>\n\t\t\t\t<\/div>\n\t\t\t\t<div class=\"elementor-element elementor-element-dc7c70a elementor-widget elementor-widget-text-editor\" data-id=\"dc7c70a\" data-element_type=\"widget\" data-e-type=\"widget\" data-widget_type=\"text-editor.default\">\n\t\t\t\t<div class=\"elementor-widget-container\">\n\t\t\t\t\t\t\t\t\t<p>Der Herrensitz Palacio de Olza wurde im Juni 2020 er\u00f6ffnet. Es erwartet Sie ein besonderer, einzigartiger, vertraulicher Ort, <strong>an dem Sie alle zusammenkommen k\u00f6nnen<\/strong>. Geeignet f\u00fcr Zusammenk\u00fcnfte <strong>rgro\u00dfer Familien<\/strong>, f\u00fcr <strong>Gesch\u00e4ftstreffen<\/strong>, aber auch f\u00fcr <strong>befreundete Paare<\/strong>, die in einem einzigartigen Geb\u00e4ude als Ausgangspunkt f\u00fcr Sightseeing in Navarra, La Rioja oder dem Baskenland logieren m\u00f6chten. Sie haben das gesamte Anwesen und das Geb\u00e4ude f\u00fcr sich allein und k\u00f6nnen sich w\u00e4hrend Ihres Aufenthalts selbst versorgen oder sich Fr\u00fchst\u00fcck, Mittagessen, Abendessen oder sonstige Mahlzeiten von uns arrangieren lassen.<\/p><p>Das Haus ist ein historisches Geb\u00e4ude, dessen Erscheinungsbild \u00fcber f\u00fcnf Jahrhunderte hinweg unver\u00e4ndert geblieben ist. Der Herrensitz ist heute eine <strong>G\u00e4steunterkunft auf dem Land<\/strong>, die jeweils komplett an eine Gruppe bzw. f\u00fcr eine Veranstaltung vermietet wird.<strong> Zur Verf\u00fcgung stehen 22 + 9 Betten in 10 Schlafzimmern mit 11 kompletten Badezimmern.<\/strong><\/p><p>Der<strong>Au\u00dfenbereich <\/strong>umfasst Pavillon mit kompletter K\u00fcche und XXL-Grill, Salzelektrolyse-Pool, Garten mit Aussicht, Arkadenhof (mit Pavillon, Garten, Springbrunnen und Holzschuppen) und einen eigenen Parkplatz.<\/p><p>Der <strong>Innenbereich<\/strong> beherbergt <strong>10 Schlafzimmer mit eigenem Bad<\/strong> in den beiden oberen Etagen. Im Erdgeschoss befindet sich ein Speisesaal f\u00fcr bis zu 33 Personen (weitere Zusatztische vorhanden). Au\u00dferdem Lounge und TV-Bereich (75\u201c-Fernseher) mit acht Sofas. Die K\u00fcche ist voll ausgestattet mit zwei Back\u00f6fen, zwei K\u00fchlschr\u00e4nken, einem Gefrierschrank, einem 5-Platten-Herd, Kleinger\u00e4ten und einem f\u00fcr gr\u00f6\u00dfere Anl\u00e4sse geeigneten Geschirrsp\u00fcler (1-3 Minuten). Im Erdgescho\u00df befinden sich au\u00dferdem zwei Toiletten, eine Waschk\u00fcche und ein Aufzug. Das Haus verf\u00fcgt \u00fcber eine in den einzelnen Zimmern einstellbare Fu\u00dfbodenheizung und WLAN. Es gibt 6 Doppelzimmer, 2 Einzelzimmer mit Doppelbetten, 2 Vierbettzimmer und 9 Zusatzbetten.<\/p>\t\t\t\t\t\t\t\t<\/div>\n\t\t\t\t<\/div>\n\t\t\t\t\t<\/div>\n\t\t<\/div>\n\t\t\t\t\t<\/div>\n\t\t<\/section>\n\t\t\t\t<section class=\"elementor-section elementor-top-section elementor-element elementor-element-42a8f4f elementor-section-boxed elementor-section-height-default elementor-section-height-default\" data-id=\"42a8f4f\" data-element_type=\"section\" data-e-type=\"section\">\n\t\t\t\t\t\t<div class=\"elementor-container elementor-column-gap-default\">\n\t\t\t\t\t<div class=\"elementor-column elementor-col-100 elementor-top-column elementor-element elementor-element-5293b16\" data-id=\"5293b16\" data-element_type=\"column\" data-e-type=\"column\">\n\t\t\t<div class=\"elementor-widget-wrap elementor-element-populated\">\n\t\t\t\t\t\t<div class=\"elementor-element elementor-element-90e4390 elementor-widget elementor-widget-heading\" data-id=\"90e4390\" data-element_type=\"widget\" data-e-type=\"widget\" data-widget_type=\"heading.default\">\n\t\t\t\t<div class=\"elementor-widget-container\">\n\t\t\t\t\t<h2 class=\"elementor-heading-title elementor-size-default\">Ein au\u00dfergew\u00f6hnlicher Ort<\/h2>\t\t\t\t<\/div>\n\t\t\t\t<\/div>\n\t\t\t\t\t<\/div>\n\t\t<\/div>\n\t\t\t\t\t<\/div>\n\t\t<\/section>\n\t\t\t\t<section class=\"elementor-section elementor-top-section elementor-element elementor-element-e40bebc elementor-section-boxed elementor-section-height-default elementor-section-height-default\" data-id=\"e40bebc\" data-element_type=\"section\" data-e-type=\"section\">\n\t\t\t\t\t\t<div class=\"elementor-container elementor-column-gap-default\">\n\t\t\t\t\t<div class=\"elementor-column elementor-col-100 elementor-top-column elementor-element elementor-element-1a028d3\" data-id=\"1a028d3\" data-element_type=\"column\" data-e-type=\"column\">\n\t\t\t<div class=\"elementor-widget-wrap elementor-element-populated\">\n\t\t\t\t\t\t<div class=\"elementor-element elementor-element-403fcd2 elementor-widget elementor-widget-text-editor\" data-id=\"403fcd2\" data-element_type=\"widget\" data-e-type=\"widget\" data-widget_type=\"text-editor.default\">\n\t\t\t\t<div class=\"elementor-widget-container\">\n\t\t\t\t\t\t\t\t\t<p>Der Palacio de Olza erhebt sich in der jahrhundertealten Gemeinde Cendea de Olza, einer Stadt, die im Mittelalter ein Adelshaus war und noch heute eine sch\u00f6ne l\u00e4ndliche Landschaft voller Natur und sehenswerter Schaupl\u00e4tze wie Palais und Herrenh\u00e4user zu bieten hat.<\/p><p>So bietet der Palacio de Olza die M\u00f6glichkeit, sich aus dem hektischen Stadtleben in ein einzigartiges Domizil zur\u00fcckzuziehen &#8211; mit und langen Gespr\u00e4chen nach dem Essen, endlosen Plaudereien am Kamin, einem Bad im Mondschein oder einem Abendessen bei Kerzenschein unter dem Sternenhimmel.<\/p>\t\t\t\t\t\t\t\t<\/div>\n\t\t\t\t<\/div>\n\t\t\t\t\t<\/div>\n\t\t<\/div>\n\t\t\t\t\t<\/div>\n\t\t<\/section>\n\t\t\t\t<section class=\"elementor-section elementor-top-section elementor-element elementor-element-8468729 elementor-section-stretched elementor-section-boxed elementor-section-height-default elementor-section-height-default\" data-id=\"8468729\" data-element_type=\"section\" data-e-type=\"section\" data-settings=\"{&quot;stretch_section&quot;:&quot;section-stretched&quot;}\">\n\t\t\t\t\t\t<div class=\"elementor-container elementor-column-gap-default\">\n\t\t\t\t\t<div class=\"elementor-column elementor-col-100 elementor-top-column elementor-element elementor-element-d9f3208\" data-id=\"d9f3208\" data-element_type=\"column\" data-e-type=\"column\">\n\t\t\t<div class=\"elementor-widget-wrap elementor-element-populated\">\n\t\t\t\t\t\t<div class=\"elementor-element elementor-element-c3c0932 elementor-widget elementor-widget-hoteller-gallery-horizontal\" data-id=\"c3c0932\" data-element_type=\"widget\" data-e-type=\"widget\" data-widget_type=\"hoteller-gallery-horizontal.default\">\n\t\t\t\t<div class=\"elementor-widget-container\">\n\t\t\t\t\t<div class=\"tg_horizontal_gallery_wrapper\" data-autoplay=\"8000\" data-loop=\"0\" data-navigation=\"1\" data-pagination=\"1\" data-parallax=\"1\" data-fullscreen=\"0\">\n\t\t<div class=\"tg_horizontal_gallery_cell\" style=\"margin-right:5px\">\n\t\t\t\t\t\t<img class=\"tg_horizontal_gallery_cell_img\" data-flickity-lazyload=\"https:\/\/www.palaciodeolza.es\/wp-content\/uploads\/2020\/11\/palacio-olza-fachada.jpg\" alt=\"\" style=\"height:700px;\" \/>\n\t\t\t\t\t<\/div>\n\t\t<div class=\"tg_horizontal_gallery_cell\" style=\"margin-right:5px\">\n\t\t\t\t\t\t<img class=\"tg_horizontal_gallery_cell_img\" data-flickity-lazyload=\"https:\/\/www.palaciodeolza.es\/wp-content\/uploads\/2020\/11\/cenador-palacio-olza.jpg\" alt=\"\" style=\"height:700px;\" \/>\n\t\t\t\t\t<\/div>\n\t\t<div class=\"tg_horizontal_gallery_cell\" style=\"margin-right:5px\">\n\t\t\t\t\t\t<img class=\"tg_horizontal_gallery_cell_img\" data-flickity-lazyload=\"https:\/\/www.palaciodeolza.es\/wp-content\/uploads\/2020\/11\/jardin-palacio-olza.jpg\" alt=\"\" style=\"height:700px;\" \/>\n\t\t\t\t\t<\/div>\n\t\t<div class=\"tg_horizontal_gallery_cell\" style=\"margin-right:5px\">\n\t\t\t\t\t\t<img class=\"tg_horizontal_gallery_cell_img\" data-flickity-lazyload=\"https:\/\/www.palaciodeolza.es\/wp-content\/uploads\/2020\/11\/comedor-palacio-olza.jpg\" alt=\"\" style=\"height:700px;\" \/>\n\t\t\t\t\t<\/div>\n\t\t<div class=\"tg_horizontal_gallery_cell\" style=\"margin-right:5px\">\n\t\t\t\t\t\t<img class=\"tg_horizontal_gallery_cell_img\" data-flickity-lazyload=\"https:\/\/www.palaciodeolza.es\/wp-content\/uploads\/2020\/03\/EXTRIOR_3.jpg\" alt=\"\" style=\"height:700px;\" \/>\n\t\t\t\t\t<\/div>\n\t\t<div class=\"tg_horizontal_gallery_cell\" style=\"margin-right:5px\">\n\t\t\t\t\t\t<img class=\"tg_horizontal_gallery_cell_img\" data-flickity-lazyload=\"https:\/\/www.palaciodeolza.es\/wp-content\/uploads\/2020\/06\/zone-nord1.jpg\" alt=\"\" style=\"height:700px;\" \/>\n\t\t\t\t\t<\/div>\n\t\t<div class=\"tg_horizontal_gallery_cell\" style=\"margin-right:5px\">\n\t\t\t\t\t\t<img class=\"tg_horizontal_gallery_cell_img\" data-flickity-lazyload=\"https:\/\/www.palaciodeolza.es\/wp-content\/uploads\/2020\/08\/olza-piscina-de-noche.jpg\" alt=\"\" style=\"height:700px;\" \/>\n\t\t\t\t\t<\/div>\n\t\t<div class=\"tg_horizontal_gallery_cell\" style=\"margin-right:5px\">\n\t\t\t\t\t\t<img class=\"tg_horizontal_gallery_cell_img\" data-flickity-lazyload=\"https:\/\/www.palaciodeolza.es\/wp-content\/uploads\/2020\/08\/palacio-olza-noche.jpg\" alt=\"\" style=\"height:700px;\" \/>\n\t\t\t\t\t<\/div>\n\t\t<div class=\"tg_horizontal_gallery_cell\" style=\"margin-right:5px\">\n\t\t\t\t\t\t<img class=\"tg_horizontal_gallery_cell_img\" data-flickity-lazyload=\"https:\/\/www.palaciodeolza.es\/wp-content\/uploads\/2020\/08\/olza-patio-de-noche.jpg\" alt=\"\" style=\"height:700px;\" \/>\n\t\t\t\t\t<\/div>\n\t\t<div class=\"tg_horizontal_gallery_cell\" style=\"margin-right:5px\">\n\t\t\t\t\t\t<img class=\"tg_horizontal_gallery_cell_img\" data-flickity-lazyload=\"https:\/\/www.palaciodeolza.es\/wp-content\/uploads\/2020\/10\/salon-palacio-de-olza.jpg\" alt=\"\" style=\"height:700px;\" \/>\n\t\t\t\t\t<\/div>\n\t\t<div class=\"tg_horizontal_gallery_cell\" style=\"margin-right:5px\">\n\t\t\t\t\t\t<img class=\"tg_horizontal_gallery_cell_img\" data-flickity-lazyload=\"https:\/\/www.palaciodeolza.es\/wp-content\/uploads\/2020\/08\/palacio-de-olza-chimenea1.jpg\" alt=\"\" style=\"height:700px;\" \/>\n\t\t\t\t\t<\/div>\n\t\t<div class=\"tg_horizontal_gallery_cell\" style=\"margin-right:5px\">\n\t\t\t\t\t\t<img class=\"tg_horizontal_gallery_cell_img\" data-flickity-lazyload=\"https:\/\/www.palaciodeolza.es\/wp-content\/uploads\/2020\/10\/escalera-palacio-de-olza.jpg\" alt=\"\" style=\"height:700px;\" \/>\n\t\t\t\t\t<\/div>\n\t\t<div class=\"tg_horizontal_gallery_cell\" style=\"margin-right:5px\">\n\t\t\t\t\t\t<img class=\"tg_horizontal_gallery_cell_img\" data-flickity-lazyload=\"https:\/\/www.palaciodeolza.es\/wp-content\/uploads\/2020\/10\/ventana-palacio-de-olza.jpg\" alt=\"\" style=\"height:700px;\" \/>\n\t\t\t\t\t<\/div>\n\t\t<div class=\"tg_horizontal_gallery_cell\" style=\"margin-right:5px\">\n\t\t\t\t\t\t<img class=\"tg_horizontal_gallery_cell_img\" data-flickity-lazyload=\"https:\/\/www.palaciodeolza.es\/wp-content\/uploads\/2022\/02\/olza-porteria.jpg\" alt=\"\" style=\"height:700px;\" \/>\n\t\t\t\t\t<\/div>\n\t\t<div class=\"tg_horizontal_gallery_cell\" style=\"margin-right:5px\">\n\t\t\t\t\t\t<img class=\"tg_horizontal_gallery_cell_img\" data-flickity-lazyload=\"https:\/\/www.palaciodeolza.es\/wp-content\/uploads\/2022\/02\/bajocubierta-olza.jpg\" alt=\"\" style=\"height:700px;\" \/>\n\t\t\t\t\t<\/div>\n\t\t<div class=\"tg_horizontal_gallery_cell\" style=\"margin-right:5px\">\n\t\t\t\t\t\t<img class=\"tg_horizontal_gallery_cell_img\" data-flickity-lazyload=\"https:\/\/www.palaciodeolza.es\/wp-content\/uploads\/2022\/02\/cine-olza.jpg\" alt=\"\" style=\"height:700px;\" \/>\n\t\t\t\t\t<\/div>\n\t\t<div class=\"tg_horizontal_gallery_cell\" style=\"margin-right:5px\">\n\t\t\t\t\t\t<img class=\"tg_horizontal_gallery_cell_img\" data-flickity-lazyload=\"https:\/\/www.palaciodeolza.es\/wp-content\/uploads\/2022\/01\/desayunos-palacio-olza2.jpg\" alt=\"\" style=\"height:700px;\" \/>\n\t\t\t\t\t<\/div>\n\t\t<div class=\"tg_horizontal_gallery_cell\" style=\"margin-right:5px\">\n\t\t\t\t\t\t<img class=\"tg_horizontal_gallery_cell_img\" data-flickity-lazyload=\"https:\/\/www.palaciodeolza.es\/wp-content\/uploads\/2022\/01\/desayunos-palacio-olza1.jpg\" alt=\"\" style=\"height:700px;\" \/>\n\t\t\t\t\t<\/div>\n\t\t<div class=\"tg_horizontal_gallery_cell\" style=\"margin-right:5px\">\n\t\t\t\t\t\t<img class=\"tg_horizontal_gallery_cell_img\" data-flickity-lazyload=\"https:\/\/www.palaciodeolza.es\/wp-content\/uploads\/2022\/01\/desayuno-olza-saludable-1.jpg\" alt=\"\" style=\"height:700px;\" \/>\n\t\t\t\t\t<\/div>\n<\/div>\n\t\t\t\t<\/div>\n\t\t\t\t<\/div>\n\t\t\t\t\t<\/div>\n\t\t<\/div>\n\t\t\t\t\t<\/div>\n\t\t<\/section>\n\t\t\t\t<section class=\"elementor-section elementor-top-section elementor-element elementor-element-75c01449 elementor-hidden-desktop elementor-hidden-tablet elementor-hidden-phone elementor-section-boxed elementor-section-height-default elementor-section-height-default\" data-id=\"75c01449\" data-element_type=\"section\" data-e-type=\"section\">\n\t\t\t\t\t\t<div class=\"elementor-container elementor-column-gap-extended\">\n\t\t\t\t\t<div class=\"elementor-column elementor-col-16 elementor-top-column elementor-element elementor-element-1d9c2b23\" data-id=\"1d9c2b23\" data-element_type=\"column\" data-e-type=\"column\">\n\t\t\t<div class=\"elementor-widget-wrap\">\n\t\t\t\t\t\t\t<\/div>\n\t\t<\/div>\n\t\t\t\t<div class=\"elementor-column elementor-col-66 elementor-top-column elementor-element elementor-element-32fb74f1\" data-id=\"32fb74f1\" data-element_type=\"column\" data-e-type=\"column\">\n\t\t\t<div class=\"elementor-widget-wrap elementor-element-populated\">\n\t\t\t\t\t\t<div class=\"elementor-element elementor-element-68e05b5e elementor-widget elementor-widget-shortcode\" data-id=\"68e05b5e\" data-element_type=\"widget\" data-e-type=\"widget\" data-widget_type=\"shortcode.default\">\n\t\t\t\t<div class=\"elementor-widget-container\">\n\t\t\t\t\t\t\t<div class=\"elementor-shortcode\"><div class=\"mphb_sc_search-wrapper \">\n<form method=\"GET\" class=\"mphb_sc_search-form\" action=\"https:\/\/www.palaciodeolza.es\/de\/resultados-de-busqueda\/\" data-first_available_check_in_date=\"2027-05-04\">\n\n\t<p class = \"mphb-required-fields-tip\">\n\t<small>\n\t\tErforderliche Felder werden gefolgt von\t\t<abbr title=\"required\">*<\/abbr>\n\t<\/small>\n<\/p>\n\n\t<p class=\"mphb_sc_search-check-in-date\">\n\t\t<label for=\"mphb_check_in_date-mphb-search-form-69f3afa5e67e2\">\n\t\t\tAnreise\t\t\t<abbr title=\"Formatiert als dd\/mm\/yyyy\">*<\/abbr>\n\t\t<\/label>\n\t\t<br \/>\n\t\t<input\n\t\t\tid=\"mphb_check_in_date-mphb-search-form-69f3afa5e67e2\"\n\t\t\tdata-datepick-group=\"mphb-search-form-69f3afa5e67e2\"\n\t\t\tvalue=\"\"\n\t\t\tplaceholder=\"Anreisedatum\"\n\t\t\trequired=\"required\"\n\t\t\ttype=\"text\"\n\t\t\tinputmode=\"none\"\n\t\t\tname=\"mphb_check_in_date\"\n\t\t\tclass=\"mphb-datepick\"\n\t\t\tautocomplete=\"off\"\n\t\t\t\/>\n\t<\/p>\n\n\t<p class=\"mphb_sc_search-check-out-date\">\n\t\t<label for=\"mphb_check_out_date-mphb-search-form-69f3afa5e67e2\">\n\t\t\tAbreise\t\t\t<abbr title=\"Formatiert als dd\/mm\/yyyy\">*<\/abbr>\n\t\t<\/label>\n\t\t<br \/>\n\t\t<input\n\t\t\tid=\"mphb_check_out_date-mphb-search-form-69f3afa5e67e2\"\n\t\t\tdata-datepick-group=\"mphb-search-form-69f3afa5e67e2\"\n\t\t\tvalue=\"\"\n\t\t\tplaceholder=\"Abreisedatum\"\n\t\t\trequired=\"required\"\n\t\t\ttype=\"text\"\n\t\t\tinputmode=\"none\"\n\t\t\tname=\"mphb_check_out_date\"\n\t\t\tclass=\"mphb-datepick\"\n\t\t\tautocomplete=\"off\"\n\t\t\t\/>\n\t<\/p>\n\n\t\t\t<input type=\"hidden\" id=\"mphb_adults-mphb-search-form-69f3afa5e67e2\" name=\"mphb_adults\" value=\"1\" \/>\n\t\n\t\t\t<input type=\"hidden\" id=\"mphb_children-mphb-search-form-69f3afa5e67e2\" name=\"mphb_children\" value=\"0\" \/>\n\t\n\t\n\t\n\t<input id=\"mphb_check_in_date-mphb-search-form-69f3afa5e67e2-hidden\" value=\"\" type=\"hidden\" name=\"mphb_check_in_date\" \/><input id=\"mphb_check_out_date-mphb-search-form-69f3afa5e67e2-hidden\" value=\"\" type=\"hidden\" name=\"mphb_check_out_date\" \/>\n\t<p class=\"mphb_sc_search-submit-button-wrapper\">\n\t\t<input type=\"submit\" class=\"button\" value=\"Suche\"\/>\n\t<\/p>\n\n\t\n<\/form>\n<\/div><\/div>\n\t\t\t\t\t\t<\/div>\n\t\t\t\t<\/div>\n\t\t\t\t\t<\/div>\n\t\t<\/div>\n\t\t\t\t<div class=\"elementor-column elementor-col-16 elementor-top-column elementor-element elementor-element-5f19cba9\" data-id=\"5f19cba9\" data-element_type=\"column\" data-e-type=\"column\">\n\t\t\t<div class=\"elementor-widget-wrap\">\n\t\t\t\t\t\t\t<\/div>\n\t\t<\/div>\n\t\t\t\t\t<\/div>\n\t\t<\/section>\n\t\t\t\t<\/div>\n\t\t","protected":false},"excerpt":{"rendered":"<p>Der Herrensitz Der Herrensitz Palacio de Olza wurde im Juni 2020 er\u00f6ffnet. Es erwartet Sie ein besonderer, einzigartiger, vertraulicher Ort, an dem Sie alle zusammenkommen k\u00f6nnen. Geeignet f\u00fcr Zusammenk\u00fcnfte rgro\u00dfer Familien, f\u00fcr Gesch\u00e4ftstreffen, aber auch f\u00fcr befreundete Paare, die in [&hellip;]<\/p>\n","protected":false},"author":1,"featured_media":15741,"parent":0,"menu_order":0,"comment_status":"closed","ping_status":"closed","template":"","meta":{"footnotes":""},"class_list":["post-15975","page","type-page","status-publish","has-post-thumbnail","hentry"],"aioseo_notices":[],"_links":{"self":[{"href":"https:\/\/www.palaciodeolza.es\/de\/wp-json\/wp\/v2\/pages\/15975","targetHints":{"allow":["GET"]}}],"collection":[{"href":"https:\/\/www.palaciodeolza.es\/de\/wp-json\/wp\/v2\/pages"}],"about":[{"href":"https:\/\/www.palaciodeolza.es\/de\/wp-json\/wp\/v2\/types\/page"}],"author":[{"embeddable":true,"href":"https:\/\/www.palaciodeolza.es\/de\/wp-json\/wp\/v2\/users\/1"}],"replies":[{"embeddable":true,"href":"https:\/\/www.palaciodeolza.es\/de\/wp-json\/wp\/v2\/comments?post=15975"}],"version-history":[{"count":39,"href":"https:\/\/www.palaciodeolza.es\/de\/wp-json\/wp\/v2\/pages\/15975\/revisions"}],"predecessor-version":[{"id":17321,"href":"https:\/\/www.palaciodeolza.es\/de\/wp-json\/wp\/v2\/pages\/15975\/revisions\/17321"}],"wp:featuredmedia":[{"embeddable":true,"href":"https:\/\/www.palaciodeolza.es\/de\/wp-json\/wp\/v2\/media\/15741"}],"wp:attachment":[{"href":"https:\/\/www.palaciodeolza.es\/de\/wp-json\/wp\/v2\/media?parent=15975"}],"curies":[{"name":"wp","href":"https:\/\/api.w.org\/{rel}","templated":true}]}}