{"id":15979,"date":"2020-08-12T16:37:19","date_gmt":"2020-08-12T14:37:19","guid":{"rendered":"https:\/\/www.palaciodeolza.es\/familias\/"},"modified":"2023-06-09T09:24:55","modified_gmt":"2023-06-09T07:24:55","slug":"familien","status":"publish","type":"page","link":"https:\/\/www.palaciodeolza.es\/de\/familien\/","title":{"rendered":"Familien"},"content":{"rendered":"\t\t<div data-elementor-type=\"wp-page\" data-elementor-id=\"15979\" class=\"elementor elementor-15979 elementor-5997\" data-elementor-post-type=\"page\">\n\t\t\t\t\t\t<section class=\"elementor-section elementor-top-section elementor-element elementor-element-7feb35c elementor-section-boxed elementor-section-height-default elementor-section-height-default\" data-id=\"7feb35c\" data-element_type=\"section\" data-e-type=\"section\">\n\t\t\t\t\t\t<div class=\"elementor-container elementor-column-gap-default\">\n\t\t\t\t\t<div class=\"elementor-column elementor-col-100 elementor-top-column elementor-element elementor-element-09046d3\" data-id=\"09046d3\" data-element_type=\"column\" data-e-type=\"column\">\n\t\t\t<div class=\"elementor-widget-wrap elementor-element-populated\">\n\t\t\t\t\t\t<div class=\"elementor-element elementor-element-756a02b elementor-widget elementor-widget-heading\" data-id=\"756a02b\" data-element_type=\"widget\" data-e-type=\"widget\" data-widget_type=\"heading.default\">\n\t\t\t\t<div class=\"elementor-widget-container\">\n\t\t\t\t\t<h2 class=\"elementor-heading-title elementor-size-default\"><span style=\"border-bottom:2px solid #6b3a2d\">Familien<\/span><\/h2>\t\t\t\t<\/div>\n\t\t\t\t<\/div>\n\t\t\t\t\t<\/div>\n\t\t<\/div>\n\t\t\t\t\t<\/div>\n\t\t<\/section>\n\t\t\t\t<section class=\"elementor-section elementor-top-section elementor-element elementor-element-48a8506 elementor-section-boxed elementor-section-height-default elementor-section-height-default\" data-id=\"48a8506\" data-element_type=\"section\" data-e-type=\"section\">\n\t\t\t\t\t\t<div class=\"elementor-container elementor-column-gap-default\">\n\t\t\t\t\t<div class=\"elementor-column elementor-col-100 elementor-top-column elementor-element elementor-element-8d99d07\" data-id=\"8d99d07\" data-element_type=\"column\" data-e-type=\"column\">\n\t\t\t<div class=\"elementor-widget-wrap elementor-element-populated\">\n\t\t\t\t\t\t<div class=\"elementor-element elementor-element-4e17317 elementor-widget elementor-widget-heading\" data-id=\"4e17317\" data-element_type=\"widget\" data-e-type=\"widget\" data-widget_type=\"heading.default\">\n\t\t\t\t<div class=\"elementor-widget-container\">\n\t\t\t\t\t<h2 class=\"elementor-heading-title elementor-size-default\">Wir m\u00f6gen Familien<\/h2>\t\t\t\t<\/div>\n\t\t\t\t<\/div>\n\t\t\t\t\t<\/div>\n\t\t<\/div>\n\t\t\t\t\t<\/div>\n\t\t<\/section>\n\t\t\t\t<section class=\"elementor-section elementor-top-section elementor-element elementor-element-5819603 elementor-section-boxed elementor-section-height-default elementor-section-height-default\" data-id=\"5819603\" data-element_type=\"section\" data-e-type=\"section\">\n\t\t\t\t\t\t<div class=\"elementor-container elementor-column-gap-wide\">\n\t\t\t\t\t<div class=\"elementor-column elementor-col-50 elementor-top-column elementor-element elementor-element-aa23f08\" data-id=\"aa23f08\" data-element_type=\"column\" data-e-type=\"column\">\n\t\t\t<div class=\"elementor-widget-wrap elementor-element-populated\">\n\t\t\t\t\t\t<div class=\"elementor-element elementor-element-0431f07 elementor-widget elementor-widget-text-editor\" data-id=\"0431f07\" data-element_type=\"widget\" data-e-type=\"widget\" data-widget_type=\"text-editor.default\">\n\t\t\t\t<div class=\"elementor-widget-container\">\n\t\t\t\t\t\t\t\t\t<p>Der Palacio de Olza ist zur Beherbergung gro\u00dfer Familien &#8211; vom Baby bis zu den Gro\u00dfeltern &#8211; konzipiert.<\/p><p><strong>Rabatt<\/strong>: Wenn es in der Gruppe eine kinderreiche Familie mit entsprechendem Nachweis oder mindestens 5 Kinder gibt, <strong>10 % Rabatt<\/strong> f\u00fcr die gesamte Buchung \u00fcber die Website. Sind Sie Mitglied einer Vereinigung f\u00fcr kinderreiche Familien, erhalten Sie statt 10 % einen Rabatt von<strong> 15 % Rabatt<\/strong>. <strong>Im Sommer <\/strong>gilt ein Preis von 5400 \u20ac f\u00fcr Gruppen mit einer kinderreichen Familie oder mit mindestens f\u00fcnf Kindern und 5100 \u20ac, wenn eine der Familien Mitglied einer Vereinigung f\u00fcr kinderreiche Familien ist. An Ostern und Weihnachten gelten die Erm\u00e4\u00dfigungen nicht.<\/p><p>\u00a0<\/p>\t\t\t\t\t\t\t\t<\/div>\n\t\t\t\t<\/div>\n\t\t\t\t\t<\/div>\n\t\t<\/div>\n\t\t\t\t<div class=\"elementor-column elementor-col-50 elementor-top-column elementor-element elementor-element-bb7922e\" data-id=\"bb7922e\" data-element_type=\"column\" data-e-type=\"column\">\n\t\t\t<div class=\"elementor-widget-wrap elementor-element-populated\">\n\t\t\t\t\t\t<div class=\"elementor-element elementor-element-974b029 elementor-widget elementor-widget-text-editor\" data-id=\"974b029\" data-element_type=\"widget\" data-e-type=\"widget\" data-widget_type=\"text-editor.default\">\n\t\t\t\t<div class=\"elementor-widget-container\">\n\t\t\t\t\t\t\t\t\t<p>F\u00fcr<strong> die J\u00fcngsten der Familie<\/strong> stehen Wickeltisch, Babyphone, Schutzgitter, Flaschenw\u00e4rmer, Hochst\u00fchle und eine Spielecke zur Verf\u00fcgung.<\/p><p>F\u00fcr<strong> die \u00c4lteren<\/strong> verf\u00fcgt das Geb\u00e4ude \u00fcber einen Aufzug zu den meisten Zimmern und Duschen in allen Badezimmern.<\/p><p>Und f\u00fcr <strong>die ganze Familie<\/strong> &#8211; ein gro\u00dfes Haus, damit alle zusammenkommen k\u00f6nnen, mit einem Speiseraum mit Platz f\u00fcr alle (bis zu 33 Personen, Zusatztische f\u00fcr Feiern sind vorhanden), einer K\u00fcche mit zwei K\u00fchlschr\u00e4nken und einem Gefrierschrank f\u00fcr die gesamte Verpflegung, einem Herd mit f\u00fcnf Kochplatten und zwei Back\u00f6fen f\u00fcr die gesamte Zubereitung, Spielecken mit vielen Brettspielen, Tischtennis, Tischfu\u00dfball, Dartscheibe und Swimmingpool.<\/p>\t\t\t\t\t\t\t\t<\/div>\n\t\t\t\t<\/div>\n\t\t\t\t\t<\/div>\n\t\t<\/div>\n\t\t\t\t\t<\/div>\n\t\t<\/section>\n\t\t\t\t<section class=\"elementor-section elementor-top-section elementor-element elementor-element-4f9f59c elementor-section-stretched elementor-section-full_width elementor-section-height-default elementor-section-height-default\" data-id=\"4f9f59c\" data-element_type=\"section\" data-e-type=\"section\" data-settings=\"{&quot;stretch_section&quot;:&quot;section-stretched&quot;}\">\n\t\t\t\t\t\t<div class=\"elementor-container elementor-column-gap-default\">\n\t\t\t\t\t<div class=\"elementor-column elementor-col-100 elementor-top-column elementor-element elementor-element-781f09f\" data-id=\"781f09f\" data-element_type=\"column\" data-e-type=\"column\">\n\t\t\t<div class=\"elementor-widget-wrap elementor-element-populated\">\n\t\t\t\t\t\t<div class=\"elementor-element elementor-element-d26eaee elementor-widget elementor-widget-hoteller-gallery-horizontal\" data-id=\"d26eaee\" data-element_type=\"widget\" data-e-type=\"widget\" data-widget_type=\"hoteller-gallery-horizontal.default\">\n\t\t\t\t<div class=\"elementor-widget-container\">\n\t\t\t\t\t<div class=\"tg_horizontal_gallery_wrapper\" data-autoplay=\"0\" data-loop=\"0\" data-navigation=\"1\" data-pagination=\"1\" data-parallax=\"1\" data-fullscreen=\"0\">\n\t\t<div class=\"tg_horizontal_gallery_cell\" style=\"margin-right:5px\">\n\t\t\t\t\t\t<img class=\"tg_horizontal_gallery_cell_img\" data-flickity-lazyload=\"https:\/\/www.palaciodeolza.es\/wp-content\/uploads\/2020\/11\/comedor-palacio-olza-1024x682.jpg\" alt=\"\" style=\"height:700px;\" \/>\n\t\t\t\t\t<\/div>\n\t\t<div class=\"tg_horizontal_gallery_cell\" style=\"margin-right:5px\">\n\t\t\t\t\t\t<img class=\"tg_horizontal_gallery_cell_img\" data-flickity-lazyload=\"https:\/\/www.palaciodeolza.es\/wp-content\/uploads\/2020\/03\/ZONA-COMUN_1-1024x682-1024x682.png\" alt=\"\" style=\"height:700px;\" \/>\n\t\t\t\t\t<\/div>\n\t\t<div class=\"tg_horizontal_gallery_cell\" style=\"margin-right:5px\">\n\t\t\t\t\t\t<img class=\"tg_horizontal_gallery_cell_img\" data-flickity-lazyload=\"https:\/\/www.palaciodeolza.es\/wp-content\/uploads\/2020\/05\/frigorificos-palacio-de-olz-683x1024.jpg\" alt=\"\" style=\"height:700px;\" \/>\n\t\t\t\t\t<\/div>\n\t\t<div class=\"tg_horizontal_gallery_cell\" style=\"margin-right:5px\">\n\t\t\t\t\t\t<img class=\"tg_horizontal_gallery_cell_img\" data-flickity-lazyload=\"https:\/\/www.palaciodeolza.es\/wp-content\/uploads\/2020\/05\/tronas-palacio-de-olza-1024x683.jpg\" alt=\"\" style=\"height:700px;\" \/>\n\t\t\t\t\t<\/div>\n\t\t<div class=\"tg_horizontal_gallery_cell\" style=\"margin-right:5px\">\n\t\t\t\t\t\t<img class=\"tg_horizontal_gallery_cell_img\" data-flickity-lazyload=\"https:\/\/www.palaciodeolza.es\/wp-content\/uploads\/2020\/03\/ZONA-COMUN_1-1024x682_2-1024x682.png\" alt=\"\" style=\"height:700px;\" \/>\n\t\t\t\t\t<\/div>\n\t\t<div class=\"tg_horizontal_gallery_cell\" style=\"margin-right:5px\">\n\t\t\t\t\t\t<img class=\"tg_horizontal_gallery_cell_img\" data-flickity-lazyload=\"https:\/\/www.palaciodeolza.es\/wp-content\/uploads\/2020\/10\/salon-palacio-de-olza-1024x682.jpg\" alt=\"\" style=\"height:700px;\" \/>\n\t\t\t\t\t<\/div>\n\t\t<div class=\"tg_horizontal_gallery_cell\" style=\"margin-right:5px\">\n\t\t\t\t\t\t<img class=\"tg_horizontal_gallery_cell_img\" data-flickity-lazyload=\"https:\/\/www.palaciodeolza.es\/wp-content\/uploads\/2020\/06\/IMG_5449-1024x687.jpg\" alt=\"\" style=\"height:700px;\" \/>\n\t\t\t\t\t<\/div>\n\t\t<div class=\"tg_horizontal_gallery_cell\" style=\"margin-right:5px\">\n\t\t\t\t\t\t<img class=\"tg_horizontal_gallery_cell_img\" data-flickity-lazyload=\"https:\/\/www.palaciodeolza.es\/wp-content\/uploads\/2022\/02\/olza-porteria-1024x682.jpg\" alt=\"\" style=\"height:700px;\" \/>\n\t\t\t\t\t<\/div>\n\t\t<div class=\"tg_horizontal_gallery_cell\" style=\"margin-right:5px\">\n\t\t\t\t\t\t<img class=\"tg_horizontal_gallery_cell_img\" data-flickity-lazyload=\"https:\/\/www.palaciodeolza.es\/wp-content\/uploads\/2020\/09\/futbolin-1024x682.jpg\" alt=\"\" style=\"height:700px;\" \/>\n\t\t\t\t\t<\/div>\n\t\t<div class=\"tg_horizontal_gallery_cell\" style=\"margin-right:5px\">\n\t\t\t\t\t\t<img class=\"tg_horizontal_gallery_cell_img\" data-flickity-lazyload=\"https:\/\/www.palaciodeolza.es\/wp-content\/uploads\/2022\/02\/bajocubierta-olza-1024x682.jpg\" alt=\"\" style=\"height:700px;\" \/>\n\t\t\t\t\t<\/div>\n\t\t<div class=\"tg_horizontal_gallery_cell\" style=\"margin-right:5px\">\n\t\t\t\t\t\t<img class=\"tg_horizontal_gallery_cell_img\" data-flickity-lazyload=\"https:\/\/www.palaciodeolza.es\/wp-content\/uploads\/2022\/02\/cine-olza-1024x682.jpg\" alt=\"\" style=\"height:700px;\" \/>\n\t\t\t\t\t<\/div>\n\t\t<div class=\"tg_horizontal_gallery_cell\" style=\"margin-right:5px\">\n\t\t\t\t\t\t<img class=\"tg_horizontal_gallery_cell_img\" data-flickity-lazyload=\"https:\/\/www.palaciodeolza.es\/wp-content\/uploads\/2020\/08\/foto-juegos-1024x683.jpg\" alt=\"\" style=\"height:700px;\" \/>\n\t\t\t\t\t<\/div>\n\t\t<div class=\"tg_horizontal_gallery_cell\" style=\"margin-right:5px\">\n\t\t\t\t\t\t<img class=\"tg_horizontal_gallery_cell_img\" data-flickity-lazyload=\"https:\/\/www.palaciodeolza.es\/wp-content\/uploads\/2020\/08\/foto-cuna-1024x683.jpg\" alt=\"\" style=\"height:700px;\" \/>\n\t\t\t\t\t<\/div>\n\t\t<div class=\"tg_horizontal_gallery_cell\" style=\"margin-right:5px\">\n\t\t\t\t\t\t<img class=\"tg_horizontal_gallery_cell_img\" data-flickity-lazyload=\"https:\/\/www.palaciodeolza.es\/wp-content\/uploads\/2020\/08\/foto-barrerita-1024x683.jpg\" alt=\"\" style=\"height:700px;\" \/>\n\t\t\t\t\t<\/div>\n\t\t<div class=\"tg_horizontal_gallery_cell\" style=\"margin-right:5px\">\n\t\t\t\t\t\t<img class=\"tg_horizontal_gallery_cell_img\" data-flickity-lazyload=\"https:\/\/www.palaciodeolza.es\/wp-content\/uploads\/2020\/06\/habitacion10-1024x682.jpg\" alt=\"\" style=\"height:700px;\" \/>\n\t\t\t\t\t<\/div>\n\t\t<div class=\"tg_horizontal_gallery_cell\" style=\"margin-right:5px\">\n\t\t\t\t\t\t<img class=\"tg_horizontal_gallery_cell_img\" data-flickity-lazyload=\"https:\/\/www.palaciodeolza.es\/wp-content\/uploads\/2020\/05\/ascensor-palacio-de-olza-1024x683.jpg\" alt=\"\" style=\"height:700px;\" \/>\n\t\t\t\t\t<\/div>\n\t\t<div class=\"tg_horizontal_gallery_cell\" style=\"margin-right:5px\">\n\t\t\t\t\t\t<img class=\"tg_horizontal_gallery_cell_img\" data-flickity-lazyload=\"https:\/\/www.palaciodeolza.es\/wp-content\/uploads\/2020\/09\/columpios-1024x682.jpg\" alt=\"\" style=\"height:700px;\" \/>\n\t\t\t\t\t<\/div>\n\t\t<div class=\"tg_horizontal_gallery_cell\" style=\"margin-right:5px\">\n\t\t\t\t\t\t<img class=\"tg_horizontal_gallery_cell_img\" data-flickity-lazyload=\"https:\/\/www.palaciodeolza.es\/wp-content\/uploads\/2020\/09\/fronton-1024x682.jpg\" alt=\"\" style=\"height:700px;\" \/>\n\t\t\t\t\t<\/div>\n\t\t<div class=\"tg_horizontal_gallery_cell\" style=\"margin-right:5px\">\n\t\t\t\t\t\t<img class=\"tg_horizontal_gallery_cell_img\" data-flickity-lazyload=\"https:\/\/www.palaciodeolza.es\/wp-content\/uploads\/2020\/09\/gimnasio-1024x682.jpg\" alt=\"\" style=\"height:700px;\" \/>\n\t\t\t\t\t<\/div>\n\t\t<div class=\"tg_horizontal_gallery_cell\" style=\"margin-right:5px\">\n\t\t\t\t\t\t<img class=\"tg_horizontal_gallery_cell_img\" data-flickity-lazyload=\"https:\/\/www.palaciodeolza.es\/wp-content\/uploads\/2020\/11\/bosque-olza1-1024x682.jpg\" alt=\"\" style=\"height:700px;\" \/>\n\t\t\t\t\t<\/div>\n<\/div>\n\t\t\t\t<\/div>\n\t\t\t\t<\/div>\n\t\t\t\t<div class=\"elementor-element elementor-element-d156b25 elementor-hidden-desktop elementor-hidden-tablet elementor-hidden-phone elementor-widget elementor-widget-heading\" data-id=\"d156b25\" data-element_type=\"widget\" data-e-type=\"widget\" data-widget_type=\"heading.default\">\n\t\t\t\t<div class=\"elementor-widget-container\">\n\t\t\t\t\t<h2 class=\"elementor-heading-title elementor-size-default\">Ba\u00f1os<\/h2>\t\t\t\t<\/div>\n\t\t\t\t<\/div>\n\t\t\t\t<div class=\"elementor-element elementor-element-f031ee0 elementor-hidden-desktop elementor-hidden-tablet elementor-hidden-phone elementor-widget elementor-widget-hoteller-gallery-horizontal\" data-id=\"f031ee0\" data-element_type=\"widget\" data-e-type=\"widget\" data-widget_type=\"hoteller-gallery-horizontal.default\">\n\t\t\t\t<div class=\"elementor-widget-container\">\n\t\t\t\t\t<div class=\"tg_horizontal_gallery_wrapper\" data-autoplay=\"8000\" data-loop=\"1\" data-navigation=\"1\" data-pagination=\"1\" data-parallax=\"1\" data-fullscreen=\"0\">\n\t\t<div class=\"tg_horizontal_gallery_cell\" style=\"margin-right:5px\">\n\t\t\t\t\t\t<img class=\"tg_horizontal_gallery_cell_img\" data-flickity-lazyload=\"https:\/\/www.palaciodeolza.es\/wp-content\/uploads\/2020\/03\/BA\u00d1O_1-1024x682.jpg\" alt=\"\" style=\"height:700px;\" \/>\n\t\t\t\t\t<\/div>\n\t\t<div class=\"tg_horizontal_gallery_cell\" style=\"margin-right:5px\">\n\t\t\t\t\t\t<img class=\"tg_horizontal_gallery_cell_img\" data-flickity-lazyload=\"https:\/\/www.palaciodeolza.es\/wp-content\/uploads\/2020\/03\/BA\u00d1O_2-1024x682.jpg\" alt=\"\" style=\"height:700px;\" \/>\n\t\t\t\t\t<\/div>\n\t\t<div class=\"tg_horizontal_gallery_cell\" style=\"margin-right:5px\">\n\t\t\t\t\t\t<img class=\"tg_horizontal_gallery_cell_img\" data-flickity-lazyload=\"https:\/\/www.palaciodeolza.es\/wp-content\/uploads\/2020\/03\/BA\u00d1O_3-1024x682.jpg\" alt=\"\" style=\"height:700px;\" \/>\n\t\t\t\t\t<\/div>\n\t\t<div class=\"tg_horizontal_gallery_cell\" style=\"margin-right:5px\">\n\t\t\t\t\t\t<img class=\"tg_horizontal_gallery_cell_img\" data-flickity-lazyload=\"https:\/\/www.palaciodeolza.es\/wp-content\/uploads\/2020\/03\/BA\u00d1O_4-1024x682.jpg\" alt=\"\" style=\"height:700px;\" \/>\n\t\t\t\t\t<\/div>\n\t\t<div class=\"tg_horizontal_gallery_cell\" style=\"margin-right:5px\">\n\t\t\t\t\t\t<img class=\"tg_horizontal_gallery_cell_img\" data-flickity-lazyload=\"https:\/\/www.palaciodeolza.es\/wp-content\/uploads\/2020\/03\/BA\u00d1O_5-1024x682.jpg\" alt=\"\" style=\"height:700px;\" \/>\n\t\t\t\t\t<\/div>\n\t\t<div class=\"tg_horizontal_gallery_cell\" style=\"margin-right:5px\">\n\t\t\t\t\t\t<img class=\"tg_horizontal_gallery_cell_img\" data-flickity-lazyload=\"https:\/\/www.palaciodeolza.es\/wp-content\/uploads\/2020\/03\/BA\u00d1O_6-1024x682.jpg\" alt=\"\" style=\"height:700px;\" \/>\n\t\t\t\t\t<\/div>\n\t\t<div class=\"tg_horizontal_gallery_cell\" style=\"margin-right:5px\">\n\t\t\t\t\t\t<img class=\"tg_horizontal_gallery_cell_img\" data-flickity-lazyload=\"https:\/\/www.palaciodeolza.es\/wp-content\/uploads\/2020\/03\/BA\u00d1O_7-1024x682.jpg\" alt=\"\" style=\"height:700px;\" \/>\n\t\t\t\t\t<\/div>\n\t\t<div class=\"tg_horizontal_gallery_cell\" style=\"margin-right:5px\">\n\t\t\t\t\t\t<img class=\"tg_horizontal_gallery_cell_img\" data-flickity-lazyload=\"https:\/\/www.palaciodeolza.es\/wp-content\/uploads\/2020\/03\/BA\u00d1O_8-1024x682.jpg\" alt=\"\" style=\"height:700px;\" \/>\n\t\t\t\t\t<\/div>\n\t\t<div class=\"tg_horizontal_gallery_cell\" style=\"margin-right:5px\">\n\t\t\t\t\t\t<img class=\"tg_horizontal_gallery_cell_img\" data-flickity-lazyload=\"https:\/\/www.palaciodeolza.es\/wp-content\/uploads\/2020\/03\/BA\u00d1O_9-1024x682.jpg\" alt=\"\" style=\"height:700px;\" \/>\n\t\t\t\t\t<\/div>\n<\/div>\n\t\t\t\t<\/div>\n\t\t\t\t<\/div>\n\t\t\t\t\t<\/div>\n\t\t<\/div>\n\t\t\t\t\t<\/div>\n\t\t<\/section>\n\t\t\t\t<section class=\"elementor-section elementor-top-section elementor-element elementor-element-7fd9fc3 elementor-hidden-desktop elementor-hidden-tablet elementor-hidden-phone elementor-section-boxed elementor-section-height-default elementor-section-height-default\" data-id=\"7fd9fc3\" data-element_type=\"section\" data-e-type=\"section\">\n\t\t\t\t\t\t<div class=\"elementor-container elementor-column-gap-extended\">\n\t\t\t\t\t<div class=\"elementor-column elementor-col-16 elementor-top-column elementor-element elementor-element-ae5183e\" data-id=\"ae5183e\" data-element_type=\"column\" data-e-type=\"column\">\n\t\t\t<div class=\"elementor-widget-wrap\">\n\t\t\t\t\t\t\t<\/div>\n\t\t<\/div>\n\t\t\t\t<div class=\"elementor-column elementor-col-66 elementor-top-column elementor-element elementor-element-35c9af9\" data-id=\"35c9af9\" data-element_type=\"column\" data-e-type=\"column\">\n\t\t\t<div class=\"elementor-widget-wrap elementor-element-populated\">\n\t\t\t\t\t\t<div class=\"elementor-element elementor-element-48b72008 elementor-widget elementor-widget-shortcode\" data-id=\"48b72008\" data-element_type=\"widget\" data-e-type=\"widget\" data-widget_type=\"shortcode.default\">\n\t\t\t\t<div class=\"elementor-widget-container\">\n\t\t\t\t\t\t\t<div class=\"elementor-shortcode\"><div class=\"mphb_sc_search-wrapper \">\n<form method=\"GET\" class=\"mphb_sc_search-form\" action=\"https:\/\/www.palaciodeolza.es\/de\/resultados-de-busqueda\/\" data-first_available_check_in_date=\"2027-05-10\">\n\n\t<p class = \"mphb-required-fields-tip\">\n\t<small>\n\t\tErforderliche Felder werden gefolgt von\t\t<abbr title=\"required\">*<\/abbr>\n\t<\/small>\n<\/p>\n\n\t<p class=\"mphb_sc_search-check-in-date\">\n\t\t<label for=\"mphb_check_in_date-mphb-search-form-69fb4992efef0\">\n\t\t\tAnreise\t\t\t<abbr title=\"Formatiert als dd\/mm\/yyyy\">*<\/abbr>\n\t\t<\/label>\n\t\t<br \/>\n\t\t<input\n\t\t\tid=\"mphb_check_in_date-mphb-search-form-69fb4992efef0\"\n\t\t\tdata-datepick-group=\"mphb-search-form-69fb4992efef0\"\n\t\t\tvalue=\"\"\n\t\t\tplaceholder=\"Anreisedatum\"\n\t\t\trequired=\"required\"\n\t\t\ttype=\"text\"\n\t\t\tinputmode=\"none\"\n\t\t\tname=\"mphb_check_in_date\"\n\t\t\tclass=\"mphb-datepick\"\n\t\t\tautocomplete=\"off\"\n\t\t\t\/>\n\t<\/p>\n\n\t<p class=\"mphb_sc_search-check-out-date\">\n\t\t<label for=\"mphb_check_out_date-mphb-search-form-69fb4992efef0\">\n\t\t\tAbreise\t\t\t<abbr title=\"Formatiert als dd\/mm\/yyyy\">*<\/abbr>\n\t\t<\/label>\n\t\t<br \/>\n\t\t<input\n\t\t\tid=\"mphb_check_out_date-mphb-search-form-69fb4992efef0\"\n\t\t\tdata-datepick-group=\"mphb-search-form-69fb4992efef0\"\n\t\t\tvalue=\"\"\n\t\t\tplaceholder=\"Abreisedatum\"\n\t\t\trequired=\"required\"\n\t\t\ttype=\"text\"\n\t\t\tinputmode=\"none\"\n\t\t\tname=\"mphb_check_out_date\"\n\t\t\tclass=\"mphb-datepick\"\n\t\t\tautocomplete=\"off\"\n\t\t\t\/>\n\t<\/p>\n\n\t\t\t<input type=\"hidden\" id=\"mphb_adults-mphb-search-form-69fb4992efef0\" name=\"mphb_adults\" value=\"1\" \/>\n\t\n\t\t\t<input type=\"hidden\" id=\"mphb_children-mphb-search-form-69fb4992efef0\" name=\"mphb_children\" value=\"0\" \/>\n\t\n\t\n\t\n\t<input id=\"mphb_check_in_date-mphb-search-form-69fb4992efef0-hidden\" value=\"\" type=\"hidden\" name=\"mphb_check_in_date\" \/><input id=\"mphb_check_out_date-mphb-search-form-69fb4992efef0-hidden\" value=\"\" type=\"hidden\" name=\"mphb_check_out_date\" \/>\n\t<p class=\"mphb_sc_search-submit-button-wrapper\">\n\t\t<input type=\"submit\" class=\"button\" value=\"Suche\"\/>\n\t<\/p>\n\n\t\n<\/form>\n<\/div><\/div>\n\t\t\t\t\t\t<\/div>\n\t\t\t\t<\/div>\n\t\t\t\t\t<\/div>\n\t\t<\/div>\n\t\t\t\t<div class=\"elementor-column elementor-col-16 elementor-top-column elementor-element elementor-element-7e294a2\" data-id=\"7e294a2\" data-element_type=\"column\" data-e-type=\"column\">\n\t\t\t<div class=\"elementor-widget-wrap\">\n\t\t\t\t\t\t\t<\/div>\n\t\t<\/div>\n\t\t\t\t\t<\/div>\n\t\t<\/section>\n\t\t\t\t<\/div>\n\t\t","protected":false},"excerpt":{"rendered":"<p>Familien Wir m\u00f6gen Familien Der Palacio de Olza ist zur Beherbergung gro\u00dfer Familien &#8211; vom Baby bis zu den Gro\u00dfeltern &#8211; konzipiert. Rabatt: Wenn es in der Gruppe eine kinderreiche Familie mit entsprechendem Nachweis oder mindestens 5 Kinder gibt, 10 [&hellip;]<\/p>\n","protected":false},"author":1,"featured_media":15755,"parent":0,"menu_order":0,"comment_status":"closed","ping_status":"closed","template":"","meta":{"footnotes":""},"class_list":["post-15979","page","type-page","status-publish","has-post-thumbnail","hentry"],"aioseo_notices":[],"_links":{"self":[{"href":"https:\/\/www.palaciodeolza.es\/de\/wp-json\/wp\/v2\/pages\/15979","targetHints":{"allow":["GET"]}}],"collection":[{"href":"https:\/\/www.palaciodeolza.es\/de\/wp-json\/wp\/v2\/pages"}],"about":[{"href":"https:\/\/www.palaciodeolza.es\/de\/wp-json\/wp\/v2\/types\/page"}],"author":[{"embeddable":true,"href":"https:\/\/www.palaciodeolza.es\/de\/wp-json\/wp\/v2\/users\/1"}],"replies":[{"embeddable":true,"href":"https:\/\/www.palaciodeolza.es\/de\/wp-json\/wp\/v2\/comments?post=15979"}],"version-history":[{"count":14,"href":"https:\/\/www.palaciodeolza.es\/de\/wp-json\/wp\/v2\/pages\/15979\/revisions"}],"predecessor-version":[{"id":17265,"href":"https:\/\/www.palaciodeolza.es\/de\/wp-json\/wp\/v2\/pages\/15979\/revisions\/17265"}],"wp:featuredmedia":[{"embeddable":true,"href":"https:\/\/www.palaciodeolza.es\/de\/wp-json\/wp\/v2\/media\/15755"}],"wp:attachment":[{"href":"https:\/\/www.palaciodeolza.es\/de\/wp-json\/wp\/v2\/media?parent=15979"}],"curies":[{"name":"wp","href":"https:\/\/api.w.org\/{rel}","templated":true}]}}