{"id":15984,"date":"2020-03-03T16:36:39","date_gmt":"2020-03-03T15:36:39","guid":{"rendered":"https:\/\/www.palaciodeolza.es\/reservas\/"},"modified":"2026-01-19T10:31:12","modified_gmt":"2026-01-19T09:31:12","slug":"buchungen","status":"publish","type":"page","link":"https:\/\/www.palaciodeolza.es\/de\/buchungen\/","title":{"rendered":"Buchungen"},"content":{"rendered":"\t\t<div data-elementor-type=\"wp-page\" data-elementor-id=\"15984\" class=\"elementor elementor-15984 elementor-4003\" data-elementor-post-type=\"page\">\n\t\t\t\t\t\t<section class=\"elementor-section elementor-top-section elementor-element elementor-element-09d0167 elementor-section-boxed elementor-section-height-default elementor-section-height-default\" data-id=\"09d0167\" data-element_type=\"section\" data-e-type=\"section\">\n\t\t\t\t\t\t<div class=\"elementor-container elementor-column-gap-default\">\n\t\t\t\t\t<div class=\"elementor-column elementor-col-100 elementor-top-column elementor-element elementor-element-f68399e\" data-id=\"f68399e\" data-element_type=\"column\" data-e-type=\"column\">\n\t\t\t<div class=\"elementor-widget-wrap elementor-element-populated\">\n\t\t\t\t\t\t<div class=\"elementor-element elementor-element-f122c1c elementor-widget elementor-widget-heading\" data-id=\"f122c1c\" data-element_type=\"widget\" data-e-type=\"widget\" data-widget_type=\"heading.default\">\n\t\t\t\t<div class=\"elementor-widget-container\">\n\t\t\t\t\t<h2 class=\"elementor-heading-title elementor-size-default\"><span style=\"border-bottom:2px solid #6b3a2d\">buchungen<\/span><\/h2>\t\t\t\t<\/div>\n\t\t\t\t<\/div>\n\t\t\t\t\t<\/div>\n\t\t<\/div>\n\t\t\t\t\t<\/div>\n\t\t<\/section>\n\t\t\t\t<section class=\"elementor-section elementor-top-section elementor-element elementor-element-7b47992 elementor-section-height-min-height elementor-section-items-bottom elementor-section-content-bottom elementor-hidden-tablet elementor-hidden-phone elementor-section-boxed elementor-section-height-default\" data-id=\"7b47992\" data-element_type=\"section\" data-e-type=\"section\" data-settings=\"{&quot;background_background&quot;:&quot;classic&quot;}\">\n\t\t\t\t\t\t<div class=\"elementor-container elementor-column-gap-default\">\n\t\t\t\t\t\t<\/div>\n\t\t<\/section>\n\t\t\t\t<section class=\"elementor-section elementor-top-section elementor-element elementor-element-272722e elementor-section-boxed elementor-section-height-default elementor-section-height-default\" data-id=\"272722e\" data-element_type=\"section\" data-e-type=\"section\">\n\t\t\t\t\t\t<div class=\"elementor-container elementor-column-gap-default\">\n\t\t\t\t\t<div class=\"elementor-column elementor-col-66 elementor-top-column elementor-element elementor-element-18e4f5d\" data-id=\"18e4f5d\" data-element_type=\"column\" data-e-type=\"column\">\n\t\t\t<div class=\"elementor-widget-wrap elementor-element-populated\">\n\t\t\t\t\t\t<div class=\"elementor-element elementor-element-a9e3278 elementor-widget elementor-widget-shortcode\" data-id=\"a9e3278\" data-element_type=\"widget\" data-e-type=\"widget\" data-widget_type=\"shortcode.default\">\n\t\t\t\t<div class=\"elementor-widget-container\">\n\t\t\t\t\t\t\t<div class=\"elementor-shortcode\"><h2 class=\"mphb-room-type-title entry-title\">Die Verf\u00fcgbarkeit des Anwesens k\u00f6nnen Sie dem folgenden Kalender entnehmen.<br><\/h2>\n<div class=\"mphb_sc_availability_calendar-wrapper\">\t<div class=\"mphb-calendar mphb-datepick inlinePicker \" data-room-type-id=\"2313\" data-monthstoshow=\"2\" data-is_show_prices=\"0\" data-is_truncate_prices=\"1\" data-is_show_prices_currency=\"0\" data-first_available_check_in_date=\"2027-05-10\"><\/div>\n\t<\/div> \n<br>\n<h2 class=\"mphb-room-type-title entry-title\">Das gesamte Anwesen buchen.<br><\/h2><br>\n<p align=\"justify\">\nPalacio de Olza ist eine G\u00e4steunterkunft auf dem Land, die jeweils komplett an eine Gruppe zur Nutzung der Einrichtungen vermietet wird:<br>\n<strong>Unterbringung<\/strong>22 + 9 Personen.<br>\n.<br>\n<strong>PREISE 2026:<\/strong><br>\n\nVermietung des gesamten Anwesens und Wochenendfestpreis.<br>\n<strong>Nebensaison:<\/strong> Wochenende: 2.500 \u20ac.<br>\n<strong>Zwischensaison:<\/strong>  Lange Wochenenden, Ostern und Weihnachten (mindestens vier \u00dcbernachtungen): 3.700 \u20ac.<br>\n<strong>Hauptsaison:<\/strong> 28. Juni bis 29. August. Wochenweise Vermietung - mindestens sechs Tage: 6.300 \u20ac (5.800 bzw. 5.500 mit Familienrabatt, siehe unten).<br>\n<strong>Zus\u00e4tzliche Nacht::<\/strong> 600 \u20ac (in der Hauptsaison 985 \u20ac)\n<br>\n<strong>Fr\u00fchst\u00fcck, Mittagessen und\/oder Abendessen f\u00fcr die Gruppe: <\/strong> Preis auf Anfrage.<br><br>\n<strong>JAHR 2027:<\/strong><br>\n\u00d6ffnung f\u00fcr Reservierungen f\u00fcr Stammkunden am 1. August und f\u00fcr Neukunden am 1. September.<br><br>\n<strong>Rabatte:<\/strong><br>\n<strong>Gro\u00dfe Familien oder mindestens f\u00fcnf Kinder<\/strong>: <b>10 % Erm\u00e4\u00dfigung<\/b> f\u00fcr die gesamte Reservierung \u00fcber das Internet oder im Sommer 5.800 pro Woche. Wenn Sie einem Zusammenschluss von kinderreichen Familien angeh\u00f6ren, dann in von 10 % ist ein <b>15 % Rabatt<\/b> oder 5.500 im Sommer. Der Rabatt gilt nicht an Ostern und Weihnachten.<br>\n<br>\nIm Preis enthalten sind Bettw\u00e4sche, Handt\u00fccher, Badezimmer mit Duschgel, Toilettenpapier, Toilettenartikel und Haartrockner. Heizung, Holz f\u00fcr den Kamin und Holzkohle f\u00fcr den Grill. Der Pool ist von Ostern bis 30. September in Betrieb. Bitte setzen Sie sich vor Ihrer Ankunft mit uns in Verbindung, damit wir Ihre Zimmer planen und die von Ihnen ben\u00f6tigten kostenlosen Leistungen (Kinderbetten, Hochst\u00fchle, zus\u00e4tzliche Kleinger\u00e4te ...) bereitstellen k\u00f6nnen.<br><br>\nDie Buchung gilt als verbindlich, wenn eine Anzahlung in H\u00f6he von 40 % des Unterkunftspreises geleistet wurde. Bitte beachten Sie <a href=\"http:\/\/www.palaciodeolza.es\/politica-de-reservas\/\">unsere Stornobedingungen<\/a>.<br><br>\nBitte denken Sie daran, dass es Einschr\u00e4nkungen gibt: Olza und sein Herrensitz sind ein ruhiger und famili\u00e4rer Ort. Buchungen f\u00fcr Partys, wie z.B. Junggesellenabschiede, Musik oder Unruhe im Garten oder Hof des Anwesens sind nicht gestattet. Unsere G\u00e4ste sind gehalten, L\u00e4rm und Unruhe, die auf dem Anwesen verboten sind, auch im Dorf zu unterlassen.<\/p><\/div>\n\t\t\t\t\t\t<\/div>\n\t\t\t\t<\/div>\n\t\t\t\t\t<\/div>\n\t\t<\/div>\n\t\t\t\t<div class=\"elementor-column elementor-col-33 elementor-top-column elementor-element elementor-element-ba3d1e3\" data-id=\"ba3d1e3\" data-element_type=\"column\" data-e-type=\"column\">\n\t\t\t<div class=\"elementor-widget-wrap elementor-element-populated\">\n\t\t\t\t\t\t<div class=\"elementor-element elementor-element-c97b6d8 elementor-widget elementor-widget-shortcode\" data-id=\"c97b6d8\" data-element_type=\"widget\" data-e-type=\"widget\" data-widget_type=\"shortcode.default\">\n\t\t\t\t<div class=\"elementor-widget-container\">\n\t\t\t\t\t\t\t<div class=\"elementor-shortcode\"><span style=\"display: inline-block;\nfont-size: 25px;padding:50px 60px 30px 60px;\nfont-family: prata;\nline-height: 1em;\">Reservieren Sie den gesamten Palast.<\/span>\n<div class=\"mphb_sc_search-wrapper formu\">\n<form method=\"GET\" class=\"mphb_sc_search-form\" action=\"https:\/\/www.palaciodeolza.es\/de\/resultados-de-busqueda\/\" data-first_available_check_in_date=\"2027-05-10\">\n\n\t<p class = \"mphb-required-fields-tip\">\n\t<small>\n\t\tErforderliche Felder werden gefolgt von\t\t<abbr title=\"required\">*<\/abbr>\n\t<\/small>\n<\/p>\n\n\t<p class=\"mphb_sc_search-check-in-date\">\n\t\t<label for=\"mphb_check_in_date-mphb-search-form-69fb49425e4f8\">\n\t\t\tAnreise\t\t\t<abbr title=\"Formatiert als dd\/mm\/yyyy\">*<\/abbr>\n\t\t<\/label>\n\t\t<br \/>\n\t\t<input\n\t\t\tid=\"mphb_check_in_date-mphb-search-form-69fb49425e4f8\"\n\t\t\tdata-datepick-group=\"mphb-search-form-69fb49425e4f8\"\n\t\t\tvalue=\"\"\n\t\t\tplaceholder=\"Anreisedatum\"\n\t\t\trequired=\"required\"\n\t\t\ttype=\"text\"\n\t\t\tinputmode=\"none\"\n\t\t\tname=\"mphb_check_in_date\"\n\t\t\tclass=\"mphb-datepick\"\n\t\t\tautocomplete=\"off\"\n\t\t\t\/>\n\t<\/p>\n\n\t<p class=\"mphb_sc_search-check-out-date\">\n\t\t<label for=\"mphb_check_out_date-mphb-search-form-69fb49425e4f8\">\n\t\t\tAbreise\t\t\t<abbr title=\"Formatiert als dd\/mm\/yyyy\">*<\/abbr>\n\t\t<\/label>\n\t\t<br \/>\n\t\t<input\n\t\t\tid=\"mphb_check_out_date-mphb-search-form-69fb49425e4f8\"\n\t\t\tdata-datepick-group=\"mphb-search-form-69fb49425e4f8\"\n\t\t\tvalue=\"\"\n\t\t\tplaceholder=\"Abreisedatum\"\n\t\t\trequired=\"required\"\n\t\t\ttype=\"text\"\n\t\t\tinputmode=\"none\"\n\t\t\tname=\"mphb_check_out_date\"\n\t\t\tclass=\"mphb-datepick\"\n\t\t\tautocomplete=\"off\"\n\t\t\t\/>\n\t<\/p>\n\n\t\t\t<input type=\"hidden\" id=\"mphb_adults-mphb-search-form-69fb49425e4f8\" name=\"mphb_adults\" value=\"1\" \/>\n\t\n\t\t\t<input type=\"hidden\" id=\"mphb_children-mphb-search-form-69fb49425e4f8\" name=\"mphb_children\" value=\"0\" \/>\n\t\n\t\n\t\n\t<input id=\"mphb_check_in_date-mphb-search-form-69fb49425e4f8-hidden\" value=\"\" type=\"hidden\" name=\"mphb_check_in_date\" \/><input id=\"mphb_check_out_date-mphb-search-form-69fb49425e4f8-hidden\" value=\"\" type=\"hidden\" name=\"mphb_check_out_date\" \/>\n\t<p class=\"mphb_sc_search-submit-button-wrapper\">\n\t\t<input type=\"submit\" class=\"button\" value=\"Suche\"\/>\n\t<\/p>\n\n\t\n<\/form>\n<\/div>\n<span style=\"display: inline-block;\nfont-size: 14px;padding:5px 60px 30px 60px;\nfont-family: prata;\nline-height: 1em;\">Wenn Ihr Termin reserviert ist, schreiben Sie uns, damit wir Sie benachrichtigen, wenn es zu Stornierungen kommt.<\/span><\/div>\n\t\t\t\t\t\t<\/div>\n\t\t\t\t<\/div>\n\t\t\t\t\t<\/div>\n\t\t<\/div>\n\t\t\t\t\t<\/div>\n\t\t<\/section>\n\t\t\t\t<section class=\"elementor-section elementor-top-section elementor-element elementor-element-c379010 elementor-section-boxed elementor-section-height-default elementor-section-height-default\" data-id=\"c379010\" data-element_type=\"section\" data-e-type=\"section\">\n\t\t\t\t\t\t<div class=\"elementor-container elementor-column-gap-default\">\n\t\t\t\t\t<div class=\"elementor-column elementor-col-100 elementor-top-column elementor-element elementor-element-477a7c3\" data-id=\"477a7c3\" data-element_type=\"column\" data-e-type=\"column\">\n\t\t\t<div class=\"elementor-widget-wrap\">\n\t\t\t\t\t\t\t<\/div>\n\t\t<\/div>\n\t\t\t\t<div class=\"elementor-column elementor-col-100 elementor-top-column elementor-element elementor-element-8ed29c3\" data-id=\"8ed29c3\" data-element_type=\"column\" data-e-type=\"column\">\n\t\t\t<div class=\"elementor-widget-wrap elementor-element-populated\">\n\t\t\t\t\t\t<div class=\"elementor-element elementor-element-6d48faa elementor-hidden-desktop elementor-hidden-tablet elementor-hidden-phone elementor-widget elementor-widget-shortcode\" data-id=\"6d48faa\" data-element_type=\"widget\" data-e-type=\"widget\" data-widget_type=\"shortcode.default\">\n\t\t\t\t<div class=\"elementor-widget-container\">\n\t\t\t\t\t\t\t<div class=\"elementor-shortcode\"><div class=\"mphb_sc_search-wrapper formu\">\n<form method=\"GET\" class=\"mphb_sc_search-form\" action=\"https:\/\/www.palaciodeolza.es\/de\/resultados-de-busqueda\/\" data-first_available_check_in_date=\"2027-05-10\">\n\n\t<p class = \"mphb-required-fields-tip\">\n\t<small>\n\t\tErforderliche Felder werden gefolgt von\t\t<abbr title=\"required\">*<\/abbr>\n\t<\/small>\n<\/p>\n\n\t<p class=\"mphb_sc_search-check-in-date\">\n\t\t<label for=\"mphb_check_in_date-mphb-search-form-69fb49426b036\">\n\t\t\tAnreise\t\t\t<abbr title=\"Formatiert als dd\/mm\/yyyy\">*<\/abbr>\n\t\t<\/label>\n\t\t<br \/>\n\t\t<input\n\t\t\tid=\"mphb_check_in_date-mphb-search-form-69fb49426b036\"\n\t\t\tdata-datepick-group=\"mphb-search-form-69fb49426b036\"\n\t\t\tvalue=\"\"\n\t\t\tplaceholder=\"Anreisedatum\"\n\t\t\trequired=\"required\"\n\t\t\ttype=\"text\"\n\t\t\tinputmode=\"none\"\n\t\t\tname=\"mphb_check_in_date\"\n\t\t\tclass=\"mphb-datepick\"\n\t\t\tautocomplete=\"off\"\n\t\t\t\/>\n\t<\/p>\n\n\t<p class=\"mphb_sc_search-check-out-date\">\n\t\t<label for=\"mphb_check_out_date-mphb-search-form-69fb49426b036\">\n\t\t\tAbreise\t\t\t<abbr title=\"Formatiert als dd\/mm\/yyyy\">*<\/abbr>\n\t\t<\/label>\n\t\t<br \/>\n\t\t<input\n\t\t\tid=\"mphb_check_out_date-mphb-search-form-69fb49426b036\"\n\t\t\tdata-datepick-group=\"mphb-search-form-69fb49426b036\"\n\t\t\tvalue=\"\"\n\t\t\tplaceholder=\"Abreisedatum\"\n\t\t\trequired=\"required\"\n\t\t\ttype=\"text\"\n\t\t\tinputmode=\"none\"\n\t\t\tname=\"mphb_check_out_date\"\n\t\t\tclass=\"mphb-datepick\"\n\t\t\tautocomplete=\"off\"\n\t\t\t\/>\n\t<\/p>\n\n\t\t\t<input type=\"hidden\" id=\"mphb_adults-mphb-search-form-69fb49426b036\" name=\"mphb_adults\" value=\"1\" \/>\n\t\n\t\t\t<input type=\"hidden\" id=\"mphb_children-mphb-search-form-69fb49426b036\" name=\"mphb_children\" value=\"0\" \/>\n\t\n\t\n\t\n\t<input id=\"mphb_check_in_date-mphb-search-form-69fb49426b036-hidden\" value=\"\" type=\"hidden\" name=\"mphb_check_in_date\" \/><input id=\"mphb_check_out_date-mphb-search-form-69fb49426b036-hidden\" value=\"\" type=\"hidden\" name=\"mphb_check_out_date\" \/>\n\t<p class=\"mphb_sc_search-submit-button-wrapper\">\n\t\t<input type=\"submit\" class=\"button\" value=\"Suche\"\/>\n\t<\/p>\n\n\t\n<\/form>\n<\/div><\/div>\n\t\t\t\t\t\t<\/div>\n\t\t\t\t<\/div>\n\t\t\t\t\t<\/div>\n\t\t<\/div>\n\t\t\t\t\t<\/div>\n\t\t<\/section>\n\t\t\t\t<\/div>\n\t\t","protected":false},"excerpt":{"rendered":"<p>buchungen Die Verf\u00fcgbarkeit des Anwesens k\u00f6nnen Sie dem folgenden Kalender entnehmen. Das gesamte Anwesen buchen. Palacio de Olza ist eine G\u00e4steunterkunft auf dem Land, die jeweils komplett an eine Gruppe zur Nutzung der Einrichtungen vermietet wird: Unterbringung22 + 9 Personen. [&hellip;]<\/p>\n","protected":false},"author":1,"featured_media":15650,"parent":0,"menu_order":0,"comment_status":"closed","ping_status":"closed","template":"","meta":{"footnotes":""},"class_list":["post-15984","page","type-page","status-publish","has-post-thumbnail","hentry"],"aioseo_notices":[],"_links":{"self":[{"href":"https:\/\/www.palaciodeolza.es\/de\/wp-json\/wp\/v2\/pages\/15984","targetHints":{"allow":["GET"]}}],"collection":[{"href":"https:\/\/www.palaciodeolza.es\/de\/wp-json\/wp\/v2\/pages"}],"about":[{"href":"https:\/\/www.palaciodeolza.es\/de\/wp-json\/wp\/v2\/types\/page"}],"author":[{"embeddable":true,"href":"https:\/\/www.palaciodeolza.es\/de\/wp-json\/wp\/v2\/users\/1"}],"replies":[{"embeddable":true,"href":"https:\/\/www.palaciodeolza.es\/de\/wp-json\/wp\/v2\/comments?post=15984"}],"version-history":[{"count":67,"href":"https:\/\/www.palaciodeolza.es\/de\/wp-json\/wp\/v2\/pages\/15984\/revisions"}],"predecessor-version":[{"id":17701,"href":"https:\/\/www.palaciodeolza.es\/de\/wp-json\/wp\/v2\/pages\/15984\/revisions\/17701"}],"wp:featuredmedia":[{"embeddable":true,"href":"https:\/\/www.palaciodeolza.es\/de\/wp-json\/wp\/v2\/media\/15650"}],"wp:attachment":[{"href":"https:\/\/www.palaciodeolza.es\/de\/wp-json\/wp\/v2\/media?parent=15984"}],"curies":[{"name":"wp","href":"https:\/\/api.w.org\/{rel}","templated":true}]}}