{"id":16015,"date":"2022-08-16T20:29:10","date_gmt":"2022-08-16T18:29:10","guid":{"rendered":"https:\/\/www.palaciodeolza.es\/boletin\/"},"modified":"2022-08-16T20:29:10","modified_gmt":"2022-08-16T18:29:10","slug":"boletin","status":"publish","type":"page","link":"https:\/\/www.palaciodeolza.es\/en\/boletin\/","title":{"rendered":"Bolet\u00edn semestral"},"content":{"rendered":"\t\t<div data-elementor-type=\"wp-page\" data-elementor-id=\"16015\" class=\"elementor elementor-16015 elementor-15195\" data-elementor-post-type=\"page\">\n\t\t\t\t\t\t<section class=\"elementor-section elementor-top-section elementor-element elementor-element-2fa08da elementor-section-boxed elementor-section-height-default elementor-section-height-default\" data-id=\"2fa08da\" data-element_type=\"section\" data-e-type=\"section\">\n\t\t\t\t\t\t<div class=\"elementor-container elementor-column-gap-default\">\n\t\t\t\t\t<div class=\"elementor-column elementor-col-100 elementor-top-column elementor-element elementor-element-f687c39\" data-id=\"f687c39\" data-element_type=\"column\" data-e-type=\"column\">\n\t\t\t<div class=\"elementor-widget-wrap elementor-element-populated\">\n\t\t\t\t\t\t<div class=\"elementor-element elementor-element-8802407 elementor-widget elementor-widget-heading\" data-id=\"8802407\" data-element_type=\"widget\" data-e-type=\"widget\" data-widget_type=\"heading.default\">\n\t\t\t\t<div class=\"elementor-widget-container\">\n\t\t\t\t\t<h2 class=\"elementor-heading-title elementor-size-default\">Suscribirse al bolet\u00edn semestral<\/h2>\t\t\t\t<\/div>\n\t\t\t\t<\/div>\n\t\t\t\t<div class=\"elementor-element elementor-element-dc7c70a elementor-widget elementor-widget-text-editor\" data-id=\"dc7c70a\" data-element_type=\"widget\" data-e-type=\"widget\" data-widget_type=\"text-editor.default\">\n\t\t\t\t<div class=\"elementor-widget-container\">\n\t\t\t\t\t\t\t\t\t\n<link href=\"\/\/cdn-images.mailchimp.com\/embedcode\/classic-071822.css\" rel=\"stylesheet\" type=\"text\/css\">\n<style type=\"text\/css\">\n\t#mc_embed_signup{background:#fff; clear:left; font:14px Helvetica,Arial,sans-serif;  width:600px;}\n\t\/* Add your own Mailchimp form style overrides in your site stylesheet or in this style block.\n\t   We recommend moving this block and the preceding CSS link to the HEAD of your HTML file. *\/\n<\/style>\n<div id=\"mc_embed_signup\">\n<form action=\"https:\/\/palaciodeolza.us18.list-manage.com\/subscribe\/post?u=c25f16e84fe61edf33f22528a&amp;id=c82c0b6d10&amp;f_id=00f522e7f0\" method=\"post\" id=\"mc-embedded-subscribe-form\" name=\"mc-embedded-subscribe-form\" class=\"validate\" target=\"_blank\" novalidate>\n    <div id=\"mc_embed_signup_scroll\">\n\t<h2>Suscribirse al bolet\u00edn semestral de Palacio de Olza<\/h2>\n<div class=\"indicates-required\"><span class=\"asterisk\">*<\/span> indicates required<\/div>\n<div class=\"mc-field-group\">\n\t<label for=\"mce-EMAIL\">Correo electr\u00f3nico  <span class=\"asterisk\">*<\/span>\n<\/label>\n\t<input type=\"email\" value=\"\" name=\"EMAIL\" class=\"required email\" id=\"mce-EMAIL\">\n\t<span id=\"mce-EMAIL-HELPERTEXT\" class=\"helper_text\"><\/span>\n<\/div>\n<div class=\"mc-field-group\">\n\t<label for=\"mce-FNAME\">Nombre <\/label>\n\t<input type=\"text\" value=\"\" name=\"FNAME\" class=\"\" id=\"mce-FNAME\">\n\t<span id=\"mce-FNAME-HELPERTEXT\" class=\"helper_text\"><\/span>\n<\/div>\n\t<div id=\"mce-responses\" class=\"clear foot\">\n\t\t<div class=\"response\" id=\"mce-error-response\" style=\"display:none\"><\/div>\n\t\t<div class=\"response\" id=\"mce-success-response\" style=\"display:none\"><\/div>\n\t<\/div>    \n    <div style=\"position: absolute; left: -5000px;\" aria-hidden=\"true\"><input type=\"text\" name=\"b_c25f16e84fe61edf33f22528a_c82c0b6d10\" tabindex=\"-1\" value=\"\"><\/div>\n        <div class=\"optionalParent\">\n            <div class=\"clear foot\">\n                <input type=\"submit\" value=\"Subscribe\" name=\"subscribe\" id=\"mc-embedded-subscribe\" class=\"button\">\n                <p class=\"brandingLogo\"><a href=\"http:\/\/eepurl.com\/h8W0Fz\" title=\"Mailchimp - email marketing made easy and fun\"><img decoding=\"async\" src=\"https:\/\/eep.io\/mc-cdn-images\/template_images\/branding_logo_text_dark_dtp.svg\"><\/a><\/p>\n            <\/div>\n        <\/div>\n    <\/div>\n<\/form>\n<\/div>\n<script type='text\/javascript' src='\/\/s3.amazonaws.com\/downloads.mailchimp.com\/js\/mc-validate.js'><\/script><script type='text\/javascript'>(function($) {window.fnames = new Array(); window.ftypes = new Array();fnames[0]='EMAIL';ftypes[0]='email';fnames[1]='FNAME';ftypes[1]='text';fnames[2]='LNAME';ftypes[2]='text';fnames[3]='ADDRESS';ftypes[3]='address';fnames[4]='PHONE';ftypes[4]='phone';fnames[5]='BIRTHDAY';ftypes[5]='birthday'; \/*\n * Translated default messages for the $ validation plugin.\n * Locale: ES\n *\/\n$.extend($.validator.messages, {\n  required: \"Este campo es obligatorio.\",\n  remote: \"Por favor, rellena este campo.\",\n  email: \"Por favor, escribe una direcci\u00f3n de correo v\u00e1lida\",\n  url: \"Por favor, escribe una URL v\u00e1lida.\",\n  date: \"Por favor, escribe una fecha v\u00e1lida.\",\n  dateISO: \"Por favor, escribe una fecha (ISO) v\u00e1lida.\",\n  number: \"Por favor, escribe un n\u00famero entero v\u00e1lido.\",\n  digits: \"Por favor, escribe s\u00f3lo d\u00edgitos.\",\n  creditcard: \"Por favor, escribe un n\u00famero de tarjeta v\u00e1lido.\",\n  equalTo: \"Por favor, escribe el mismo valor de nuevo.\",\n  accept: \"Por favor, escribe un valor con una extensi\u00f3n aceptada.\",\n  maxlength: $.validator.format(\"Por favor, no escribas m\u00e1s de {0} caracteres.\"),\n  minlength: $.validator.format(\"Por favor, no escribas menos de {0} caracteres.\"),\n  rangelength: $.validator.format(\"Por favor, escribe un valor entre {0} y {1} caracteres.\"),\n  range: $.validator.format(\"Por favor, escribe un valor entre {0} y {1}.\"),\n  max: $.validator.format(\"Por favor, escribe un valor menor o igual a {0}.\"),\n  min: $.validator.format(\"Por favor, escribe un valor mayor o igual a {0}.\")\n});}(jQuery));var $mcj = jQuery.noConflict(true);<\/script>\n\t\t\t\t\t\t\t\t<\/div>\n\t\t\t\t<\/div>\n\t\t\t\t\t<\/div>\n\t\t<\/div>\n\t\t\t\t\t<\/div>\n\t\t<\/section>\n\t\t\t\t<section class=\"elementor-section elementor-top-section elementor-element elementor-element-75c01449 elementor-hidden-desktop elementor-hidden-tablet elementor-hidden-phone elementor-section-boxed elementor-section-height-default elementor-section-height-default\" data-id=\"75c01449\" data-element_type=\"section\" data-e-type=\"section\">\n\t\t\t\t\t\t<div class=\"elementor-container elementor-column-gap-extended\">\n\t\t\t\t\t<div class=\"elementor-column elementor-col-16 elementor-top-column elementor-element elementor-element-1d9c2b23\" data-id=\"1d9c2b23\" data-element_type=\"column\" data-e-type=\"column\">\n\t\t\t<div class=\"elementor-widget-wrap\">\n\t\t\t\t\t\t\t<\/div>\n\t\t<\/div>\n\t\t\t\t<div class=\"elementor-column elementor-col-66 elementor-top-column elementor-element elementor-element-32fb74f1\" data-id=\"32fb74f1\" data-element_type=\"column\" data-e-type=\"column\">\n\t\t\t<div class=\"elementor-widget-wrap elementor-element-populated\">\n\t\t\t\t\t\t<div class=\"elementor-element elementor-element-68e05b5e elementor-widget elementor-widget-shortcode\" data-id=\"68e05b5e\" data-element_type=\"widget\" data-e-type=\"widget\" data-widget_type=\"shortcode.default\">\n\t\t\t\t<div class=\"elementor-widget-container\">\n\t\t\t\t\t\t\t<div class=\"elementor-shortcode\"><div class=\"mphb_sc_search-wrapper \">\n<form method=\"GET\" class=\"mphb_sc_search-form\" action=\"https:\/\/www.palaciodeolza.es\/en\/resultados-de-busqueda\/\" data-first_available_check_in_date=\"2027-05-05\">\n\n\t<p class = \"mphb-required-fields-tip\">\n\t<small>\n\t\tRequired fields are followed by\t\t<abbr title=\"required\">*<\/abbr>\n\t<\/small>\n<\/p>\n\n\t<p class=\"mphb_sc_search-check-in-date\">\n\t\t<label for=\"mphb_check_in_date-mphb-search-form-69f51d9fcc804\">\n\t\t\tCheck-in\t\t\t<abbr title=\"Formatted as dd\/mm\/yyyy\">*<\/abbr>\n\t\t<\/label>\n\t\t<br \/>\n\t\t<input\n\t\t\tid=\"mphb_check_in_date-mphb-search-form-69f51d9fcc804\"\n\t\t\tdata-datepick-group=\"mphb-search-form-69f51d9fcc804\"\n\t\t\tvalue=\"\"\n\t\t\tplaceholder=\"Check-in Date\"\n\t\t\trequired=\"required\"\n\t\t\ttype=\"text\"\n\t\t\tinputmode=\"none\"\n\t\t\tname=\"mphb_check_in_date\"\n\t\t\tclass=\"mphb-datepick\"\n\t\t\tautocomplete=\"off\"\n\t\t\t\/>\n\t<\/p>\n\n\t<p class=\"mphb_sc_search-check-out-date\">\n\t\t<label for=\"mphb_check_out_date-mphb-search-form-69f51d9fcc804\">\n\t\t\tCheck-out\t\t\t<abbr title=\"Formatted as dd\/mm\/yyyy\">*<\/abbr>\n\t\t<\/label>\n\t\t<br \/>\n\t\t<input\n\t\t\tid=\"mphb_check_out_date-mphb-search-form-69f51d9fcc804\"\n\t\t\tdata-datepick-group=\"mphb-search-form-69f51d9fcc804\"\n\t\t\tvalue=\"\"\n\t\t\tplaceholder=\"Check-out Date\"\n\t\t\trequired=\"required\"\n\t\t\ttype=\"text\"\n\t\t\tinputmode=\"none\"\n\t\t\tname=\"mphb_check_out_date\"\n\t\t\tclass=\"mphb-datepick\"\n\t\t\tautocomplete=\"off\"\n\t\t\t\/>\n\t<\/p>\n\n\t\t\t<input type=\"hidden\" id=\"mphb_adults-mphb-search-form-69f51d9fcc804\" name=\"mphb_adults\" value=\"1\" \/>\n\t\n\t\t\t<input type=\"hidden\" id=\"mphb_children-mphb-search-form-69f51d9fcc804\" name=\"mphb_children\" value=\"0\" \/>\n\t\n\t\n\t\n\t<input id=\"mphb_check_in_date-mphb-search-form-69f51d9fcc804-hidden\" value=\"\" type=\"hidden\" name=\"mphb_check_in_date\" \/><input id=\"mphb_check_out_date-mphb-search-form-69f51d9fcc804-hidden\" value=\"\" type=\"hidden\" name=\"mphb_check_out_date\" \/>\n\t<p class=\"mphb_sc_search-submit-button-wrapper\">\n\t\t<input type=\"submit\" class=\"button\" value=\"Search\"\/>\n\t<\/p>\n\n\t\n<\/form>\n<\/div><\/div>\n\t\t\t\t\t\t<\/div>\n\t\t\t\t<\/div>\n\t\t\t\t\t<\/div>\n\t\t<\/div>\n\t\t\t\t<div class=\"elementor-column elementor-col-16 elementor-top-column elementor-element elementor-element-5f19cba9\" data-id=\"5f19cba9\" data-element_type=\"column\" data-e-type=\"column\">\n\t\t\t<div class=\"elementor-widget-wrap\">\n\t\t\t\t\t\t\t<\/div>\n\t\t<\/div>\n\t\t\t\t\t<\/div>\n\t\t<\/section>\n\t\t\t\t<\/div>\n\t\t","protected":false},"excerpt":{"rendered":"<p>Suscribirse al bolet\u00edn semestral Suscribirse al bolet\u00edn semestral de Palacio de Olza * indicates required Correo electr\u00f3nico * Nombre<\/p>\n","protected":false},"author":1,"featured_media":15740,"parent":0,"menu_order":0,"comment_status":"closed","ping_status":"closed","template":"","meta":{"footnotes":""},"class_list":["post-16015","page","type-page","status-publish","has-post-thumbnail","hentry"],"aioseo_notices":[],"_links":{"self":[{"href":"https:\/\/www.palaciodeolza.es\/en\/wp-json\/wp\/v2\/pages\/16015","targetHints":{"allow":["GET"]}}],"collection":[{"href":"https:\/\/www.palaciodeolza.es\/en\/wp-json\/wp\/v2\/pages"}],"about":[{"href":"https:\/\/www.palaciodeolza.es\/en\/wp-json\/wp\/v2\/types\/page"}],"author":[{"embeddable":true,"href":"https:\/\/www.palaciodeolza.es\/en\/wp-json\/wp\/v2\/users\/1"}],"replies":[{"embeddable":true,"href":"https:\/\/www.palaciodeolza.es\/en\/wp-json\/wp\/v2\/comments?post=16015"}],"version-history":[{"count":0,"href":"https:\/\/www.palaciodeolza.es\/en\/wp-json\/wp\/v2\/pages\/16015\/revisions"}],"wp:featuredmedia":[{"embeddable":true,"href":"https:\/\/www.palaciodeolza.es\/en\/wp-json\/wp\/v2\/media\/15740"}],"wp:attachment":[{"href":"https:\/\/www.palaciodeolza.es\/en\/wp-json\/wp\/v2\/media?parent=16015"}],"curies":[{"name":"wp","href":"https:\/\/api.w.org\/{rel}","templated":true}]}}