{"id":16051,"date":"2020-07-01T11:57:36","date_gmt":"2020-07-01T09:57:36","guid":{"rendered":"https:\/\/www.palaciodeolza.es\/covid-19\/"},"modified":"2020-07-01T11:57:36","modified_gmt":"2020-07-01T09:57:36","slug":"covid-19","status":"publish","type":"page","link":"https:\/\/www.palaciodeolza.es\/en\/covid-19\/","title":{"rendered":"Higiene Covid-19"},"content":{"rendered":"\t\t<div data-elementor-type=\"wp-page\" data-elementor-id=\"16051\" class=\"elementor elementor-16051 elementor-5948\" data-elementor-post-type=\"page\">\n\t\t\t\t\t\t<section class=\"elementor-section elementor-top-section elementor-element elementor-element-957bc0a elementor-section-boxed elementor-section-height-default elementor-section-height-default\" data-id=\"957bc0a\" data-element_type=\"section\" data-e-type=\"section\">\n\t\t\t\t\t\t<div class=\"elementor-container elementor-column-gap-default\">\n\t\t\t\t\t<div class=\"elementor-column elementor-col-100 elementor-top-column elementor-element elementor-element-8dcdc21\" data-id=\"8dcdc21\" data-element_type=\"column\" data-e-type=\"column\">\n\t\t\t<div class=\"elementor-widget-wrap elementor-element-populated\">\n\t\t\t\t\t\t<div class=\"elementor-element elementor-element-e5dbab1 elementor-widget elementor-widget-heading\" data-id=\"e5dbab1\" data-element_type=\"widget\" data-e-type=\"widget\" data-widget_type=\"heading.default\">\n\t\t\t\t<div class=\"elementor-widget-container\">\n\t\t\t\t\t<h2 class=\"elementor-heading-title elementor-size-default\"><span style=\"border-bottom:2px solid #6b3a2d\">MEDIDAS HIGI\u00c9NIcAS POR COVID-19<\/span><\/h2>\t\t\t\t<\/div>\n\t\t\t\t<\/div>\n\t\t\t\t\t<\/div>\n\t\t<\/div>\n\t\t\t\t\t<\/div>\n\t\t<\/section>\n\t\t\t\t<section class=\"elementor-section elementor-top-section elementor-element elementor-element-ad83284 elementor-section-boxed elementor-section-height-default elementor-section-height-default\" data-id=\"ad83284\" data-element_type=\"section\" data-e-type=\"section\">\n\t\t\t\t\t\t<div class=\"elementor-container elementor-column-gap-default\">\n\t\t\t\t\t<div class=\"elementor-column elementor-col-100 elementor-top-column elementor-element elementor-element-9f6dc19\" data-id=\"9f6dc19\" data-element_type=\"column\" data-e-type=\"column\">\n\t\t\t<div class=\"elementor-widget-wrap elementor-element-populated\">\n\t\t\t\t\t\t<div class=\"elementor-element elementor-element-59bef58 elementor-widget elementor-widget-text-editor\" data-id=\"59bef58\" data-element_type=\"widget\" data-e-type=\"widget\" data-widget_type=\"text-editor.default\">\n\t\t\t\t<div class=\"elementor-widget-container\">\n\t\t\t\t\t\t\t\t\t<p>Ante la pandemia por el virus Covid-19, en Palacio de Olza hemos tomado las siguientes medidas extra en higiene:<br \/><b><br \/>ANTES DE TU LLEGADA:<\/b><br \/>&#8211; La desinfecci\u00f3n del edificio se realiza con guantes y mascarillas desechables y con productos desinfectantes que cumplen la <a href=\"https:\/\/www.mscbs.gob.es\/en\/profesionales\/saludPublica\/ccayes\/alertasActual\/nCov-China\/documentos\/Listado_virucidas.pdf\">norma UNE-EN 14476<\/a>.<span style=\"font-family: Heebo, sans-serif; font-size: 14px; font-style: normal; font-weight: 400;\">\u00a0Se limpian con desinfectante pomos de puertas, interruptores, botones de ascensor, mando a distancia, pasamanos y llaves.<\/span><br \/>&#8211; Las toallas y manteles se lavan a 60\u00ba. las s\u00e1banas, en lavander\u00eda, a m\u00e1s de 60\u00ba.<br \/>&#8211; Se refuerza la limpieza con lej\u00eda en ba\u00f1os, cocina y suelo del sal\u00f3n.\u00a0<br \/>&#8211; La cuberter\u00eda, cristaler\u00eda y vajilla se lavan siempre en lavavajillas a altas temperaturas.<br \/><span style=\"font-family: Heebo, sans-serif; font-size: 14px; font-style: normal; font-weight: 400;\">&#8211; Se alterna en el uso material sensible, como perchas y cojines del sal\u00f3n.\u00a0<br \/>&#8211; Como m\u00ednimo, habr\u00e1 un tiempo de 24 horas entre grupo y grupo.<\/span><br \/>&#8211; Se ventila la casa m\u00e1s tiempo.\u00a0<\/p><p><b>NUESTRO COMPROMISO EN LA LIMPIEZA:<\/b><br \/>1. Preparamos el material que vamos a necesitar y lo ponemos todo a punto para empezar. <br \/>2. Limpiamos todas las superficies para quitar el polvo y cualquier rastro de suciedad. <br \/>3. Desinfectamos\u00a0 las zonas de contacto frecuente, los electrodom\u00e9sticos y los aparatos electr\u00f3nicos. <br \/>4. Comprobamos que el espacio est\u00e1 limpio y desinfectado a fondo. <br \/>5. Dejamos todo listo para los pr\u00f3ximos hu\u00e9spedes y reponemos los productos que hemos gastado.<\/p><p><b>VUESTRO COMPROMISO:<\/b><br \/>Palacio de Olza puede ser alquilado a d\u00eda de hoy por hasta 31 personas, pero deben cumplir las normas de reuni\u00f3n establecidas por el Gobierno de Navarra:<br \/>&#8211; Prohibici\u00f3n de realizar fiestas.<br \/>&#8211; M\u00e1ximo de 24 personas a la vez en el sal\u00f3n y manteniendo las distancias de seguridad.<br \/><span style=\"font-size: 14px; letter-spacing: 0px;\">&#8211; 1,5 m. de distancia interpersonal, uno de mascarillas y lavado frecuente de manos.<br \/>&#8211; Seis personas como m\u00e1ximo por mesa a la hora de las comidas.<\/span><\/p><p><span style=\"font-size: 14px; letter-spacing: 0px;\">Actualmente, se recomienda a la ciudadan\u00eda la limitaci\u00f3n de los encuentros sociales fuera del grupo de convivencia estable. En caso de que se restrinjan, pueden anular en cualquier momento sin coste. Palacio de Olza se reserva el derecho de cancelar un hospedaje si ve peligro en el control de virus.\u00a0<\/span><\/p>\t\t\t\t\t\t\t\t<\/div>\n\t\t\t\t<\/div>\n\t\t\t\t\t<\/div>\n\t\t<\/div>\n\t\t\t\t\t<\/div>\n\t\t<\/section>\n\t\t\t\t<section class=\"elementor-section elementor-top-section elementor-element elementor-element-5241ceab elementor-hidden-desktop elementor-hidden-tablet elementor-hidden-phone elementor-section-boxed elementor-section-height-default elementor-section-height-default\" data-id=\"5241ceab\" data-element_type=\"section\" data-e-type=\"section\">\n\t\t\t\t\t\t<div class=\"elementor-container elementor-column-gap-extended\">\n\t\t\t\t\t<div class=\"elementor-column elementor-col-16 elementor-top-column elementor-element elementor-element-142d93b0\" data-id=\"142d93b0\" data-element_type=\"column\" data-e-type=\"column\">\n\t\t\t<div class=\"elementor-widget-wrap\">\n\t\t\t\t\t\t\t<\/div>\n\t\t<\/div>\n\t\t\t\t<div class=\"elementor-column elementor-col-66 elementor-top-column elementor-element elementor-element-2917cdba\" data-id=\"2917cdba\" data-element_type=\"column\" data-e-type=\"column\">\n\t\t\t<div class=\"elementor-widget-wrap elementor-element-populated\">\n\t\t\t\t\t\t<div class=\"elementor-element elementor-element-d93cb57 elementor-widget elementor-widget-shortcode\" data-id=\"d93cb57\" data-element_type=\"widget\" data-e-type=\"widget\" data-widget_type=\"shortcode.default\">\n\t\t\t\t<div class=\"elementor-widget-container\">\n\t\t\t\t\t\t\t<div class=\"elementor-shortcode\"><div class=\"mphb_sc_search-wrapper \">\n<form method=\"GET\" class=\"mphb_sc_search-form\" action=\"https:\/\/www.palaciodeolza.es\/en\/resultados-de-busqueda\/\" data-first_available_check_in_date=\"2027-05-03\">\n\n\t<p class = \"mphb-required-fields-tip\">\n\t<small>\n\t\tRequired fields are followed by\t\t<abbr title=\"required\">*<\/abbr>\n\t<\/small>\n<\/p>\n\n\t<p class=\"mphb_sc_search-check-in-date\">\n\t\t<label for=\"mphb_check_in_date-mphb-search-form-69f17005d1001\">\n\t\t\tCheck-in\t\t\t<abbr title=\"Formatted as dd\/mm\/yyyy\">*<\/abbr>\n\t\t<\/label>\n\t\t<br \/>\n\t\t<input\n\t\t\tid=\"mphb_check_in_date-mphb-search-form-69f17005d1001\"\n\t\t\tdata-datepick-group=\"mphb-search-form-69f17005d1001\"\n\t\t\tvalue=\"\"\n\t\t\tplaceholder=\"Check-in Date\"\n\t\t\trequired=\"required\"\n\t\t\ttype=\"text\"\n\t\t\tinputmode=\"none\"\n\t\t\tname=\"mphb_check_in_date\"\n\t\t\tclass=\"mphb-datepick\"\n\t\t\tautocomplete=\"off\"\n\t\t\t\/>\n\t<\/p>\n\n\t<p class=\"mphb_sc_search-check-out-date\">\n\t\t<label for=\"mphb_check_out_date-mphb-search-form-69f17005d1001\">\n\t\t\tCheck-out\t\t\t<abbr title=\"Formatted as dd\/mm\/yyyy\">*<\/abbr>\n\t\t<\/label>\n\t\t<br \/>\n\t\t<input\n\t\t\tid=\"mphb_check_out_date-mphb-search-form-69f17005d1001\"\n\t\t\tdata-datepick-group=\"mphb-search-form-69f17005d1001\"\n\t\t\tvalue=\"\"\n\t\t\tplaceholder=\"Check-out Date\"\n\t\t\trequired=\"required\"\n\t\t\ttype=\"text\"\n\t\t\tinputmode=\"none\"\n\t\t\tname=\"mphb_check_out_date\"\n\t\t\tclass=\"mphb-datepick\"\n\t\t\tautocomplete=\"off\"\n\t\t\t\/>\n\t<\/p>\n\n\t\t\t<input type=\"hidden\" id=\"mphb_adults-mphb-search-form-69f17005d1001\" name=\"mphb_adults\" value=\"1\" \/>\n\t\n\t\t\t<input type=\"hidden\" id=\"mphb_children-mphb-search-form-69f17005d1001\" name=\"mphb_children\" value=\"0\" \/>\n\t\n\t\n\t\n\t<input id=\"mphb_check_in_date-mphb-search-form-69f17005d1001-hidden\" value=\"\" type=\"hidden\" name=\"mphb_check_in_date\" \/><input id=\"mphb_check_out_date-mphb-search-form-69f17005d1001-hidden\" value=\"\" type=\"hidden\" name=\"mphb_check_out_date\" \/>\n\t<p class=\"mphb_sc_search-submit-button-wrapper\">\n\t\t<input type=\"submit\" class=\"button\" value=\"Search\"\/>\n\t<\/p>\n\n\t\n<\/form>\n<\/div><\/div>\n\t\t\t\t\t\t<\/div>\n\t\t\t\t<\/div>\n\t\t\t\t\t<\/div>\n\t\t<\/div>\n\t\t\t\t<div class=\"elementor-column elementor-col-16 elementor-top-column elementor-element elementor-element-33f37695\" data-id=\"33f37695\" data-element_type=\"column\" data-e-type=\"column\">\n\t\t\t<div class=\"elementor-widget-wrap\">\n\t\t\t\t\t\t\t<\/div>\n\t\t<\/div>\n\t\t\t\t\t<\/div>\n\t\t<\/section>\n\t\t\t\t<\/div>\n\t\t","protected":false},"excerpt":{"rendered":"<p>MEDIDAS HIGI\u00c9NIcAS POR COVID-19 Ante la pandemia por el virus Covid-19, en Palacio de Olza hemos tomado las siguientes medidas extra en higiene:ANTES DE TU LLEGADA:&#8211; La desinfecci\u00f3n del edificio se realiza con guantes y mascarillas desechables y con productos [&hellip;]<\/p>\n","protected":false},"author":1,"featured_media":0,"parent":0,"menu_order":0,"comment_status":"closed","ping_status":"closed","template":"","meta":{"footnotes":""},"class_list":["post-16051","page","type-page","status-publish","hentry"],"aioseo_notices":[],"_links":{"self":[{"href":"https:\/\/www.palaciodeolza.es\/en\/wp-json\/wp\/v2\/pages\/16051","targetHints":{"allow":["GET"]}}],"collection":[{"href":"https:\/\/www.palaciodeolza.es\/en\/wp-json\/wp\/v2\/pages"}],"about":[{"href":"https:\/\/www.palaciodeolza.es\/en\/wp-json\/wp\/v2\/types\/page"}],"author":[{"embeddable":true,"href":"https:\/\/www.palaciodeolza.es\/en\/wp-json\/wp\/v2\/users\/1"}],"replies":[{"embeddable":true,"href":"https:\/\/www.palaciodeolza.es\/en\/wp-json\/wp\/v2\/comments?post=16051"}],"version-history":[{"count":0,"href":"https:\/\/www.palaciodeolza.es\/en\/wp-json\/wp\/v2\/pages\/16051\/revisions"}],"wp:attachment":[{"href":"https:\/\/www.palaciodeolza.es\/en\/wp-json\/wp\/v2\/media?parent=16051"}],"curies":[{"name":"wp","href":"https:\/\/api.w.org\/{rel}","templated":true}]}}