{"id":16059,"date":"2020-12-23T05:27:43","date_gmt":"2020-12-23T04:27:43","guid":{"rendered":"https:\/\/www.palaciodeolza.es\/politica-privacidad-general\/"},"modified":"2020-12-23T05:27:43","modified_gmt":"2020-12-23T04:27:43","slug":"politica-privacidad-general","status":"publish","type":"page","link":"https:\/\/www.palaciodeolza.es\/en\/politica-privacidad-general\/","title":{"rendered":"Pol\u00edtica de privacidad general &#8211; Palacio de Olza"},"content":{"rendered":"\t\t<div data-elementor-type=\"wp-page\" data-elementor-id=\"16059\" class=\"elementor elementor-16059 elementor-7045\" data-elementor-post-type=\"page\">\n\t\t\t\t\t\t<section class=\"elementor-section elementor-top-section elementor-element elementor-element-0dcdd67 elementor-section-boxed elementor-section-height-default elementor-section-height-default\" data-id=\"0dcdd67\" data-element_type=\"section\" data-e-type=\"section\">\n\t\t\t\t\t\t<div class=\"elementor-container elementor-column-gap-default\">\n\t\t\t\t\t<div class=\"elementor-column elementor-col-100 elementor-top-column elementor-element elementor-element-57d5b39\" data-id=\"57d5b39\" data-element_type=\"column\" data-e-type=\"column\">\n\t\t\t<div class=\"elementor-widget-wrap elementor-element-populated\">\n\t\t\t\t\t\t<div class=\"elementor-element elementor-element-a55e556 elementor-widget elementor-widget-heading\" data-id=\"a55e556\" data-element_type=\"widget\" data-e-type=\"widget\" data-widget_type=\"heading.default\">\n\t\t\t\t<div class=\"elementor-widget-container\">\n\t\t\t\t\t<h2 class=\"elementor-heading-title elementor-size-default\">pol\u00edtica de privacidad general<\/h2>\t\t\t\t<\/div>\n\t\t\t\t<\/div>\n\t\t\t\t\t<\/div>\n\t\t<\/div>\n\t\t\t\t\t<\/div>\n\t\t<\/section>\n\t\t\t\t<section class=\"elementor-section elementor-top-section elementor-element elementor-element-3af056f1 elementor-section-boxed elementor-section-height-default elementor-section-height-default\" data-id=\"3af056f1\" data-element_type=\"section\" data-e-type=\"section\">\n\t\t\t\t\t\t<div class=\"elementor-container elementor-column-gap-default\">\n\t\t\t\t\t<div class=\"elementor-column elementor-col-100 elementor-top-column elementor-element elementor-element-74fe6e1\" data-id=\"74fe6e1\" data-element_type=\"column\" data-e-type=\"column\">\n\t\t\t<div class=\"elementor-widget-wrap elementor-element-populated\">\n\t\t\t\t\t\t<div class=\"elementor-element elementor-element-17b03e77 elementor-widget elementor-widget-text-editor\" data-id=\"17b03e77\" data-element_type=\"widget\" data-e-type=\"widget\" data-widget_type=\"text-editor.default\">\n\t\t\t\t<div class=\"elementor-widget-container\">\n\t\t\t\t\t\t\t\t\t<div id=\"formulario_datos\"><div class=\"widget-body\"><div class=\"widget-body row\"><div class=\"input-icon-text input-group col-xs-12 col-sm-12 pull-left \"><h4>Informacion sobre Protecci\u00f3n de Datos<\/h4><h4><span style=\"font-family: inherit; font-size: 14px; font-style: inherit; letter-spacing: 0.5px;\">1. <\/span><strong style=\"font-family: inherit; font-size: 14px; font-style: inherit; letter-spacing: 0.5px;\">Datos relativos al Responsable<\/strong><\/h4><p><b>Responsable Tratamiento<\/b><\/p><ol><li style=\"list-style-type: none;\"><ol>\u00a0\u00a0&#8211; Entidad: PALACIO DE OLZA, SL<\/ol><\/li><\/ol><ol><li style=\"list-style-type: none;\"><ol>\u00a0\u00a0&#8211; CIF de la entidad: B71323828<\/ol><\/li><\/ol><ol><li style=\"list-style-type: none;\"><ol>\u00a0\u00a0&#8211; Direcci\u00f3n de la entidad: FLORENCIO ANSOLEAGA 14 5\u00ba Dcha &#8211; (31001) PAMPLONA<\/ol><\/li><\/ol><ol><li style=\"list-style-type: none;\"><ol>\u00a0\u00a0&#8211; Email de la entidad: palaciodeolza@gmail.com<\/ol><\/li><\/ol><ol><li style=\"list-style-type: none;\"><ol>\u00a0\u00a0&#8211; Responsable del tratamiento : CARLOS MENCOS ARRAIZA<\/ol><\/li><\/ol><ol><li style=\"list-style-type: none;\"><ol>\u00a0\u00a0&#8211; Tel\u00e9fono del Responsable del tratamiento : 613026207<\/ol><\/li><\/ol><ol><li style=\"list-style-type: none;\"><ol>\u00a0\u00a0&#8211; Direcci\u00f3n email del Responsable del tratamiento : PALACIODEOLZA@GMAIL.COM<\/ol><\/li><\/ol><p>2. <b>Finalidades<\/b><\/p><p>En cumplimiento de lo dispuesto en el Reglamento Europeo 2016\/679 General de Protecci\u00f3n de Datos y la Ley Org\u00e1nica 3\/2018 de Protecci\u00f3n de Datos Personales y Garant\u00eda de Derechos Digitales, le informamos de que, dependiendo de la relaci\u00f3n que tenga con nosotros, en <strong>PALACIO DE OLZA, SL<\/strong> tratamos los datos que nos facilita para alguna, o todas, las siguientes finalidades:<\/p><ol><li style=\"list-style-type: none;\"><ol><li style=\"list-style-type: none;\"><ul><li>Archivo\/historial de trabajadores y extrabajadores de la empresa<\/li><li>Compra\/venta de material<\/li><li>Control y supervisi\u00f3n de la eficiencia y calidad de la entidad<\/li><li>Coordinaci\u00f3n de actividades empresariales<\/li><li>Creaci\u00f3n de contratos, confecci\u00f3n de n\u00f3minas y otras tareas relacionadas<\/li><li>Env\u00edo de informaci\u00f3n comercial de la entidad mediante correo postal, correo electr\u00f3nico u otros<\/li><li>Formaci\u00f3n<\/li><li>Gesti\u00f3n contable, administrativa, de facturaci\u00f3n y gesti\u00f3n de cobros.<\/li><li>Gesti\u00f3n contable, administrativa, de facturaci\u00f3n, de cobros y pagos<\/li><li>Mantenimiento de la relaci\u00f3n laboral y contra-prestaci\u00f3n por los trabajos realizados<\/li><li>Prestarles un servicio<\/li><li>Realizar pedidos<\/li><li>Recepci\u00f3n de la prestaci\u00f3n de un servicio<\/li><li>Reservas<\/li><li>Seguridad de la entidad.<\/li><li>Tramitaci\u00f3n de altas y bajas por enfermedad com\u00fan o accidente laboral<\/li><li>Utilizaci\u00f3n de datos derivados de las actividades de la empresa<\/li><\/ul><\/li><\/ol><\/li><\/ol><p>3. <b>Plazo de conservaci\u00f3n de los datos<\/b><\/p><p>Sus datos ser\u00e1n conservados mientras dure la relaci\u00f3n contractual, comercial o de otro tipo con nuestra entidad, solicite su supresi\u00f3n, as\u00ed como el tiempo necesario para cumplir las obligaciones legales.<\/p><p>4. <b>Legitimaci\u00f3n\u00a0<\/b><\/p><p>La base legal para el tratamiento de tus datos radica por:<\/p><ol><li style=\"list-style-type: none;\"><ol><li style=\"list-style-type: none;\"><ul><li>Consentimiento inequ\u00edvoco<\/li><li>Cumplimiento de legislaci\u00f3n<\/li><li>Ejecuci\u00f3n de un contrato<\/li><li>Inter\u00e9s leg\u00edtimo por parte del responsable del tratamiento<\/li><\/ul><\/li><\/ol><\/li><\/ol><p>5. <b>Destinatarios<\/b><\/p><p>Sus datos personales ser\u00e1n comunicados a terceros en los siguientes supuestos:<\/p><ol><li style=\"list-style-type: none;\"><ol><li style=\"list-style-type: none;\"><ul><li>Administraci\u00f3n tributaria<\/li><li>Bancos y entidades financieras<\/li><li>Cuerpos y fuerzas de seguridad del estado<\/li><li>Entidades de Consultor\u00eda\/Auditor\u00eda<\/li><li>Entidades inform\u00e1ticas de mantenimiento de software y hardware<\/li><li>Gestor\u00eda\/Asesor\u00eda<\/li><li>Seguridad social<\/li><\/ul><\/li><\/ol><\/li><\/ol><p>6. <b>Derechos<\/b><\/p><p>Tiene derecho a obtener confirmaci\u00f3n sobre si en <strong>PALACIO DE OLZA, SL<\/strong> estamos tratando datos personales que le conciernan, o no.<\/p><p>Asimismo, tiene derecho de acceso a sus datos personales, as\u00ed como a solicitar la <em>rectificaci\u00f3n<\/em> de los datos inexactos o, en su caso, solicitar su <em>supresi\u00f3n<\/em> cuando, entre otros motivos, los datos ya no sean necesarios para los fines que fueron recogidos.<\/p><p>En determinadas circunstancias, podr\u00e1 solicitar la <em>limitaci\u00f3n del tratamiento<\/em> de sus datos, en cuyo caso \u00fanicamente los conservaremos para el ejercicio o la defensa de reclamaciones.<\/p><p>Adicionalmente, en determinadas circunstancias y por motivos relacionados con tu situaci\u00f3n particular, podr\u00e1 ejercer el derecho de <em>oposici\u00f3n<\/em> al tratamiento de sus datos. <strong>PALACIO DE OLZA, SL<\/strong> dejar\u00e1 de tratar los datos, salvo por motivos leg\u00edtimos imperiosos, o el ejercicio o la defensa de posibles reclamaciones.<\/p><p>Asimismo, puede ejercer el derecho a la <em>portabilidad<\/em> de los datos, as\u00ed como retirar los consentimientos facilitados en cualquier momento, sin que ello afecte a la licitud del tratamiento basado en el consentimiento previo a su retirada.<\/p><p>Si desea hacer uso de cualquiera de tus derechos puede realizarlos a trav\u00e9s de los enlaces habilitados que encontrar\u00e1 a continuaci\u00f3n:<\/p><ol><li style=\"list-style-type: none;\"><ol><li style=\"list-style-type: none;\"><ul><li>Para ejercer su derecho de <strong>Acceso<\/strong> haga clic <a href=\"https:\/\/intranet.milopd.com\/webApp\/clientes_derechos\/derechos-formulario.php?id_cliente=ZnAwRHhvS08wMWlLWk95TzRFVzQ4QT09\" target=\"_blank\" rel=\"noopener\">aqu\u00ed<\/a><\/li><li>Para ejercer su derecho de <strong>Rectificaci\u00f3n<\/strong> haga clic <a href=\"https:\/\/intranet.milopd.com\/webApp\/clientes_derechos\/derechos-formulario.php?id_cliente=ZnAwRHhvS08wMWlLWk95TzRFVzQ4QT09\" target=\"_blank\" rel=\"noopener\">aqu\u00ed<\/a><\/li><li>Para ejercer su derecho de <strong>Supresi\u00f3n (Olvido)<\/strong> haga clic <a href=\"https:\/\/intranet.milopd.com\/webApp\/clientes_derechos\/derechos-formulario.php?id_cliente=ZnAwRHhvS08wMWlLWk95TzRFVzQ4QT09\" target=\"_blank\" rel=\"noopener\">aqu\u00ed<\/a><\/li><li>Para ejercer su derecho de <strong>Limitaci\u00f3n del Tratamiento<\/strong> haga clic <a href=\"https:\/\/intranet.milopd.com\/webApp\/clientes_derechos\/derechos-formulario.php?id_cliente=ZnAwRHhvS08wMWlLWk95TzRFVzQ4QT09\" target=\"_blank\" rel=\"noopener\">aqu\u00ed<\/a><\/li><li>Para ejercer su derecho de <strong>Oposici\u00f3n<\/strong> haga clic <a href=\"https:\/\/intranet.milopd.com\/webApp\/clientes_derechos\/derechos-formulario.php?id_cliente=ZnAwRHhvS08wMWlLWk95TzRFVzQ4QT09\" target=\"_blank\" rel=\"noopener\">aqu\u00ed<\/a><\/li><li>Para ejercer su derecho de <strong>Portabilidad<\/strong> haga clic <a href=\"https:\/\/intranet.milopd.com\/webApp\/clientes_derechos\/derechos-formulario.php?id_cliente=ZnAwRHhvS08wMWlLWk95TzRFVzQ4QT09\" target=\"_blank\" rel=\"noopener\">aqu\u00ed<\/a><\/li><\/ul><\/li><\/ol><\/li><\/ol><p>Alternativamente, tambi\u00e9n puede dirigirse a nosotros mediante correo postal a la siguiente direcci\u00f3n: <strong>FLORENCIO ANSOLEAGA 14 5\u00ba Dcha &#8211; (31001) PAMPLONA<\/strong>\u00a0adjuntado una fotocopia del DNI, para la certeza de su identidad. Recuerde facilitar la mayor informaci\u00f3n posible sobre su solicitud: Nombre y apellidos, direcci\u00f3n de correo electr\u00f3nico que utiliza para la cuenta o portal objeto de tu solicitud.<\/p><p>Por \u00faltimo, le informamos que puede dirigirse ante la Agencia Espa\u00f1ola de Protecci\u00f3n de Datos y dem\u00e1s organismos p\u00fablicos competentes para cualquier reclamaci\u00f3n derivada del tratamiento de tus datos personales.<\/p><p><span style=\"font-family: inherit; font-style: inherit;\">7.\u00a0<\/span><strong style=\"font-family: inherit; font-style: inherit;\">Pol\u00edtica de cookies<\/strong><\/p><p>Para conocer las cookies que utilizamos en nuestra p\u00e1gina, recuerde que puede acceder a nuestra Pol\u00edtica de Cookies a trav\u00e9s del siguiente enlace <a href=\"https:\/\/intranet.milopd.com\/politicaCookies\/index.php?sid=ZnAwRHhvS08wMWlLWk95TzRFVzQ4QT09\" target=\"_blank\" rel=\"noopener\">pol\u00edtica de cookies<\/a>.<\/p><\/div><\/div><\/div><\/div>\t\t\t\t\t\t\t\t<\/div>\n\t\t\t\t<\/div>\n\t\t\t\t\t<\/div>\n\t\t<\/div>\n\t\t\t\t\t<\/div>\n\t\t<\/section>\n\t\t\t\t<\/div>\n\t\t","protected":false},"excerpt":{"rendered":"<p>pol\u00edtica de privacidad general Informacion sobre Protecci\u00f3n de Datos 1. Datos relativos al Responsable Responsable Tratamiento \u00a0\u00a0&#8211; Entidad: PALACIO DE OLZA, SL \u00a0\u00a0&#8211; CIF de la entidad: B71323828 \u00a0\u00a0&#8211; Direcci\u00f3n de la entidad: FLORENCIO ANSOLEAGA 14 5\u00ba Dcha &#8211; (31001) [&hellip;]<\/p>\n","protected":false},"author":1,"featured_media":0,"parent":0,"menu_order":0,"comment_status":"closed","ping_status":"closed","template":"","meta":{"footnotes":""},"class_list":["post-16059","page","type-page","status-publish","hentry"],"aioseo_notices":[],"_links":{"self":[{"href":"https:\/\/www.palaciodeolza.es\/en\/wp-json\/wp\/v2\/pages\/16059","targetHints":{"allow":["GET"]}}],"collection":[{"href":"https:\/\/www.palaciodeolza.es\/en\/wp-json\/wp\/v2\/pages"}],"about":[{"href":"https:\/\/www.palaciodeolza.es\/en\/wp-json\/wp\/v2\/types\/page"}],"author":[{"embeddable":true,"href":"https:\/\/www.palaciodeolza.es\/en\/wp-json\/wp\/v2\/users\/1"}],"replies":[{"embeddable":true,"href":"https:\/\/www.palaciodeolza.es\/en\/wp-json\/wp\/v2\/comments?post=16059"}],"version-history":[{"count":0,"href":"https:\/\/www.palaciodeolza.es\/en\/wp-json\/wp\/v2\/pages\/16059\/revisions"}],"wp:attachment":[{"href":"https:\/\/www.palaciodeolza.es\/en\/wp-json\/wp\/v2\/media?parent=16059"}],"curies":[{"name":"wp","href":"https:\/\/api.w.org\/{rel}","templated":true}]}}