{"id":16315,"date":"2020-03-03T16:36:39","date_gmt":"2020-03-03T15:36:39","guid":{"rendered":"https:\/\/www.palaciodeolza.es\/reservas\/"},"modified":"2026-01-19T10:05:24","modified_gmt":"2026-01-19T09:05:24","slug":"reservations","status":"publish","type":"page","link":"https:\/\/www.palaciodeolza.es\/fr\/reservations\/","title":{"rendered":"R\u00e9servations"},"content":{"rendered":"\t\t<div data-elementor-type=\"wp-page\" data-elementor-id=\"16315\" class=\"elementor elementor-16315 elementor-4003\" data-elementor-post-type=\"page\">\n\t\t\t\t\t\t<section class=\"elementor-section elementor-top-section elementor-element elementor-element-09d0167 elementor-section-boxed elementor-section-height-default elementor-section-height-default\" data-id=\"09d0167\" data-element_type=\"section\" data-e-type=\"section\">\n\t\t\t\t\t\t<div class=\"elementor-container elementor-column-gap-default\">\n\t\t\t\t\t<div class=\"elementor-column elementor-col-100 elementor-top-column elementor-element elementor-element-f68399e\" data-id=\"f68399e\" data-element_type=\"column\" data-e-type=\"column\">\n\t\t\t<div class=\"elementor-widget-wrap elementor-element-populated\">\n\t\t\t\t\t\t<div class=\"elementor-element elementor-element-f122c1c elementor-widget elementor-widget-heading\" data-id=\"f122c1c\" data-element_type=\"widget\" data-e-type=\"widget\" data-widget_type=\"heading.default\">\n\t\t\t\t<div class=\"elementor-widget-container\">\n\t\t\t\t\t<h2 class=\"elementor-heading-title elementor-size-default\"><span style=\"border-bottom:2px solid #6b3a2d\">R\u00e9servations<\/span><\/h2>\t\t\t\t<\/div>\n\t\t\t\t<\/div>\n\t\t\t\t\t<\/div>\n\t\t<\/div>\n\t\t\t\t\t<\/div>\n\t\t<\/section>\n\t\t\t\t<section class=\"elementor-section elementor-top-section elementor-element elementor-element-7b47992 elementor-section-height-min-height elementor-section-items-bottom elementor-section-content-bottom elementor-hidden-tablet elementor-hidden-phone elementor-section-boxed elementor-section-height-default\" data-id=\"7b47992\" data-element_type=\"section\" data-e-type=\"section\" data-settings=\"{&quot;background_background&quot;:&quot;classic&quot;}\">\n\t\t\t\t\t\t<div class=\"elementor-container elementor-column-gap-default\">\n\t\t\t\t\t\t<\/div>\n\t\t<\/section>\n\t\t\t\t<section class=\"elementor-section elementor-top-section elementor-element elementor-element-272722e elementor-section-boxed elementor-section-height-default elementor-section-height-default\" data-id=\"272722e\" data-element_type=\"section\" data-e-type=\"section\">\n\t\t\t\t\t\t<div class=\"elementor-container elementor-column-gap-default\">\n\t\t\t\t\t<div class=\"elementor-column elementor-col-66 elementor-top-column elementor-element elementor-element-18e4f5d\" data-id=\"18e4f5d\" data-element_type=\"column\" data-e-type=\"column\">\n\t\t\t<div class=\"elementor-widget-wrap elementor-element-populated\">\n\t\t\t\t\t\t<div class=\"elementor-element elementor-element-a9e3278 elementor-widget elementor-widget-shortcode\" data-id=\"a9e3278\" data-element_type=\"widget\" data-e-type=\"widget\" data-widget_type=\"shortcode.default\">\n\t\t\t\t<div class=\"elementor-widget-container\">\n\t\t\t\t\t\t\t<div class=\"elementor-shortcode\"><h2 class=\"mphb-room-type-title entry-title\">Consultez la disponibilit\u00e9 du palais dans le calendrier suivant.<br><\/h2>\n<div class=\"mphb_sc_availability_calendar-wrapper\">\t<div class=\"mphb-calendar mphb-datepick inlinePicker \" data-room-type-id=\"2313\" data-monthstoshow=\"2\" data-is_show_prices=\"0\" data-is_truncate_prices=\"1\" data-is_show_prices_currency=\"0\" data-first_available_check_in_date=\"2027-05-10\"><\/div>\n\t<\/div> \n<br>\n<h2 class=\"mphb-room-type-title entry-title\">Caract\u00e9ristiques et conditions de la location.<br><\/h2><br>\n<p align=\"justify\">\nPalacio de Olza est lou\u00e9 int\u00e9gralement pour un seul groupe:<br>\n<strong>H\u00e9bergement:<\/strong> 22+9 personnes.<br>\n<strong>\u00c9v\u00e9nement:<\/strong> Du lundi au vendredi, avec ou sans nuit\u00e9e, consultez notre section. <a href=\"https:\/\/www.palaciodeolza.es\/fr\/evenements-dentreprise\/\">\u00c9v\u00e9nements<\/a> .<br><br>\n\n<strong>TARIFS  2026:<\/strong><br>\n\nLocalisation de l'h\u00e9bergement entier et prise fixe :<br>\n<strong>Basse saison\u00a0:<\/strong> Week-end\u00a0: 2.500\u00a0\u20ac.<br>\n<strong>Moyenne saison\u00a0:<\/strong> juin, premi\u00e8re quinzaine de septembre, jours f\u00e9ri\u00e9s, P\u00e2ques et No\u00ebl, minimum quatre nuits\u00a0: 3.700\u00a0\u20ac.<br>\n<strong>Haute saison\u00a0:<\/strong> du 28 juin au 29 ao\u00fbt. <strong>Minimum six nuits<\/strong>\u00a0: 6.300\u00a0\u20ac (5.800\u00a0\u20ac et 5.500\u00a0\u20ac avec les r\u00e9ductions familiales, voir ci-dessous).<br>\n<strong>Nuit suppl\u00e9mentaire\u00a0:<\/strong> 600\u00a0\u20ac (985\u00a0\u20ac en haute saison).\n<br>\n<strong>Entreprise en semaine\u00a0:<\/strong> 700\u00a0\u20ac.<br>\n<strong>Entreprise de 9h \u00e0 14h\u00a0:<\/strong> 400\u00a0\u20ac.<br>\n<br>\n\n<strong>ANN\u00c9E\u00a02027\u00a0:<\/strong><br>\nOuverture aux r\u00e9servations pour les clients r\u00e9guliers le 1er ao\u00fbt et pour les nouveaux clients le 1er septembre.<br><br>\n\n<strong>R\u00e9ductions:<\/strong><br>\n<strong>Familles nombreuses ou minimum cinq enfants<\/strong>: <b>10\u00a0% de remise<\/b> pour toute la r\u00e9servation via le Web ou en \u00e9t\u00e9 5\u00a0600\u00a0\u20ac par semaine.Si vous appartenez \u00e0 une association de familles nombreuses, au lieu de 10% c'est une <b>15% de remise<\/b> soit 5 300 en \u00e9t\u00e9. Remise non applicable \u00e0 P\u00e2ques et \u00e0 No\u00ebl.<br>\n<br>\n\nLe prix comprend les draps, les serviettes, le gel douche, le papier hygi\u00e9nique, l\u2019eau chaude et l\u2019\u00e9lectricit\u00e9, le chauffage, le bois pour la chemin\u00e9e et le charbon de bois pour le barbecue. La piscine est op\u00e9rationnelle \u00e0 partir des vacances de P\u00e2ques et jusqu\u2019au 30 septembre. Contactez-nous avant votre arriv\u00e9e afin que nous puissions pr\u00e9parer vos chambres, ainsi que tous les services gratuits dont vous pourriez avoir besoin (lits parapluie, chaises hautes, petits appareils \u00e9lectrom\u00e9nagers suppl\u00e9mentaires, etc.).<br><br>\nLa r\u00e9servation sera confirm\u00e9e d\u00e8s que le virement de<b> 40 % du montant<\/b> du s\u00e9jour aura \u00e9t\u00e9 effectu\u00e9. Consulta nuestra <a href=\"http:\/\/www.palaciodeolza.es\/politica-de-reservas\/\">pol\u00edtica de cancelaciones<\/a>.<br><br>\nN'oubliez pas qu'il y a <b>une exception<\/b>: Palacio de Olza est un espace familial et tranquille. Les r\u00e9servations pour organiser des f\u00eates entre jeunes et\/ou des enterrements de vie de jeune-fille\/gar\u00e7on ne sont pas admises. Les h\u00f4tes s\u2019abstiendront de faire du bruit ou de cr\u00e9er du d\u00e9sordre dans la propri\u00e9t\u00e9, et en particulier entre 22 h et 8 h..<\/p><\/div>\n\t\t\t\t\t\t<\/div>\n\t\t\t\t<\/div>\n\t\t\t\t\t<\/div>\n\t\t<\/div>\n\t\t\t\t<div class=\"elementor-column elementor-col-33 elementor-top-column elementor-element elementor-element-ba3d1e3\" data-id=\"ba3d1e3\" data-element_type=\"column\" data-e-type=\"column\">\n\t\t\t<div class=\"elementor-widget-wrap elementor-element-populated\">\n\t\t\t\t\t\t<div class=\"elementor-element elementor-element-c97b6d8 elementor-widget elementor-widget-shortcode\" data-id=\"c97b6d8\" data-element_type=\"widget\" data-e-type=\"widget\" data-widget_type=\"shortcode.default\">\n\t\t\t\t<div class=\"elementor-widget-container\">\n\t\t\t\t\t\t\t<div class=\"elementor-shortcode\"><span style=\"display: inline-block;\nfont-size: 25px;padding:50px 60px 30px 60px;\nfont-family: prata;\nline-height: 1em;\">R\u00e9servez tout le palais.<\/span>\n<div class=\"mphb_sc_search-wrapper formu\">\n<form method=\"GET\" class=\"mphb_sc_search-form\" action=\"https:\/\/www.palaciodeolza.es\/fr\/resultats-de-recherche\/\" data-first_available_check_in_date=\"2027-05-10\">\n\n\t<p class = \"mphb-required-fields-tip\">\n\t<small>\n\t\tLes champs obligatoires sont suivis de\t\t<abbr title=\"required\">*<\/abbr>\n\t<\/small>\n<\/p>\n\n\t<p class=\"mphb_sc_search-check-in-date\">\n\t\t<label for=\"mphb_check_in_date-mphb-search-form-69fb4a0dd7bfd\">\n\t\t\tArriv\u00e9e\t\t\t<abbr title=\"Format\u00e9 comme dd\/mm\/yyyy\">*<\/abbr>\n\t\t<\/label>\n\t\t<br \/>\n\t\t<input\n\t\t\tid=\"mphb_check_in_date-mphb-search-form-69fb4a0dd7bfd\"\n\t\t\tdata-datepick-group=\"mphb-search-form-69fb4a0dd7bfd\"\n\t\t\tvalue=\"\"\n\t\t\tplaceholder=\"Date d&#039;arriv\u00e9e\"\n\t\t\trequired=\"required\"\n\t\t\ttype=\"text\"\n\t\t\tinputmode=\"none\"\n\t\t\tname=\"mphb_check_in_date\"\n\t\t\tclass=\"mphb-datepick\"\n\t\t\tautocomplete=\"off\"\n\t\t\t\/>\n\t<\/p>\n\n\t<p class=\"mphb_sc_search-check-out-date\">\n\t\t<label for=\"mphb_check_out_date-mphb-search-form-69fb4a0dd7bfd\">\n\t\t\tD\u00e9part\t\t\t<abbr title=\"Format\u00e9 comme dd\/mm\/yyyy\">*<\/abbr>\n\t\t<\/label>\n\t\t<br \/>\n\t\t<input\n\t\t\tid=\"mphb_check_out_date-mphb-search-form-69fb4a0dd7bfd\"\n\t\t\tdata-datepick-group=\"mphb-search-form-69fb4a0dd7bfd\"\n\t\t\tvalue=\"\"\n\t\t\tplaceholder=\"Date de d\u00e9part\"\n\t\t\trequired=\"required\"\n\t\t\ttype=\"text\"\n\t\t\tinputmode=\"none\"\n\t\t\tname=\"mphb_check_out_date\"\n\t\t\tclass=\"mphb-datepick\"\n\t\t\tautocomplete=\"off\"\n\t\t\t\/>\n\t<\/p>\n\n\t\t\t<input type=\"hidden\" id=\"mphb_adults-mphb-search-form-69fb4a0dd7bfd\" name=\"mphb_adults\" value=\"1\" \/>\n\t\n\t\t\t<input type=\"hidden\" id=\"mphb_children-mphb-search-form-69fb4a0dd7bfd\" name=\"mphb_children\" value=\"0\" \/>\n\t\n\t\n\t\n\t<input id=\"mphb_check_in_date-mphb-search-form-69fb4a0dd7bfd-hidden\" value=\"\" type=\"hidden\" name=\"mphb_check_in_date\" \/><input id=\"mphb_check_out_date-mphb-search-form-69fb4a0dd7bfd-hidden\" value=\"\" type=\"hidden\" name=\"mphb_check_out_date\" \/>\n\t<p class=\"mphb_sc_search-submit-button-wrapper\">\n\t\t<input type=\"submit\" class=\"button\" value=\"Chercher\"\/>\n\t<\/p>\n\n\t\n<\/form>\n<\/div>\n<span style=\"display: inline-block;\nfont-size: 14px;padding:5px 60px 30px 60px;\nfont-family: prata;\nline-height: 1em;\">Si votre date est r\u00e9serv\u00e9e, \u00e9crivez-nous afin que nous vous informions en cas d'annulation.<\/span><\/div>\n\t\t\t\t\t\t<\/div>\n\t\t\t\t<\/div>\n\t\t\t\t\t<\/div>\n\t\t<\/div>\n\t\t\t\t\t<\/div>\n\t\t<\/section>\n\t\t\t\t<section class=\"elementor-section elementor-top-section elementor-element elementor-element-c379010 elementor-section-boxed elementor-section-height-default elementor-section-height-default\" data-id=\"c379010\" data-element_type=\"section\" data-e-type=\"section\">\n\t\t\t\t\t\t<div class=\"elementor-container elementor-column-gap-default\">\n\t\t\t\t\t<div class=\"elementor-column elementor-col-100 elementor-top-column elementor-element elementor-element-477a7c3\" data-id=\"477a7c3\" data-element_type=\"column\" data-e-type=\"column\">\n\t\t\t<div class=\"elementor-widget-wrap\">\n\t\t\t\t\t\t\t<\/div>\n\t\t<\/div>\n\t\t\t\t<div class=\"elementor-column elementor-col-100 elementor-top-column elementor-element elementor-element-8ed29c3\" data-id=\"8ed29c3\" data-element_type=\"column\" data-e-type=\"column\">\n\t\t\t<div class=\"elementor-widget-wrap elementor-element-populated\">\n\t\t\t\t\t\t<div class=\"elementor-element elementor-element-6d48faa elementor-hidden-desktop elementor-hidden-tablet elementor-hidden-phone elementor-widget elementor-widget-shortcode\" data-id=\"6d48faa\" data-element_type=\"widget\" data-e-type=\"widget\" data-widget_type=\"shortcode.default\">\n\t\t\t\t<div class=\"elementor-widget-container\">\n\t\t\t\t\t\t\t<div class=\"elementor-shortcode\"><div class=\"mphb_sc_search-wrapper formu\">\n<form method=\"GET\" class=\"mphb_sc_search-form\" action=\"https:\/\/www.palaciodeolza.es\/fr\/resultats-de-recherche\/\" data-first_available_check_in_date=\"2027-05-10\">\n\n\t<p class = \"mphb-required-fields-tip\">\n\t<small>\n\t\tLes champs obligatoires sont suivis de\t\t<abbr title=\"required\">*<\/abbr>\n\t<\/small>\n<\/p>\n\n\t<p class=\"mphb_sc_search-check-in-date\">\n\t\t<label for=\"mphb_check_in_date-mphb-search-form-69fb4a0deaae1\">\n\t\t\tArriv\u00e9e\t\t\t<abbr title=\"Format\u00e9 comme dd\/mm\/yyyy\">*<\/abbr>\n\t\t<\/label>\n\t\t<br \/>\n\t\t<input\n\t\t\tid=\"mphb_check_in_date-mphb-search-form-69fb4a0deaae1\"\n\t\t\tdata-datepick-group=\"mphb-search-form-69fb4a0deaae1\"\n\t\t\tvalue=\"\"\n\t\t\tplaceholder=\"Date d&#039;arriv\u00e9e\"\n\t\t\trequired=\"required\"\n\t\t\ttype=\"text\"\n\t\t\tinputmode=\"none\"\n\t\t\tname=\"mphb_check_in_date\"\n\t\t\tclass=\"mphb-datepick\"\n\t\t\tautocomplete=\"off\"\n\t\t\t\/>\n\t<\/p>\n\n\t<p class=\"mphb_sc_search-check-out-date\">\n\t\t<label for=\"mphb_check_out_date-mphb-search-form-69fb4a0deaae1\">\n\t\t\tD\u00e9part\t\t\t<abbr title=\"Format\u00e9 comme dd\/mm\/yyyy\">*<\/abbr>\n\t\t<\/label>\n\t\t<br \/>\n\t\t<input\n\t\t\tid=\"mphb_check_out_date-mphb-search-form-69fb4a0deaae1\"\n\t\t\tdata-datepick-group=\"mphb-search-form-69fb4a0deaae1\"\n\t\t\tvalue=\"\"\n\t\t\tplaceholder=\"Date de d\u00e9part\"\n\t\t\trequired=\"required\"\n\t\t\ttype=\"text\"\n\t\t\tinputmode=\"none\"\n\t\t\tname=\"mphb_check_out_date\"\n\t\t\tclass=\"mphb-datepick\"\n\t\t\tautocomplete=\"off\"\n\t\t\t\/>\n\t<\/p>\n\n\t\t\t<input type=\"hidden\" id=\"mphb_adults-mphb-search-form-69fb4a0deaae1\" name=\"mphb_adults\" value=\"1\" \/>\n\t\n\t\t\t<input type=\"hidden\" id=\"mphb_children-mphb-search-form-69fb4a0deaae1\" name=\"mphb_children\" value=\"0\" \/>\n\t\n\t\n\t\n\t<input id=\"mphb_check_in_date-mphb-search-form-69fb4a0deaae1-hidden\" value=\"\" type=\"hidden\" name=\"mphb_check_in_date\" \/><input id=\"mphb_check_out_date-mphb-search-form-69fb4a0deaae1-hidden\" value=\"\" type=\"hidden\" name=\"mphb_check_out_date\" \/>\n\t<p class=\"mphb_sc_search-submit-button-wrapper\">\n\t\t<input type=\"submit\" class=\"button\" value=\"Chercher\"\/>\n\t<\/p>\n\n\t\n<\/form>\n<\/div><\/div>\n\t\t\t\t\t\t<\/div>\n\t\t\t\t<\/div>\n\t\t\t\t\t<\/div>\n\t\t<\/div>\n\t\t\t\t\t<\/div>\n\t\t<\/section>\n\t\t\t\t<\/div>\n\t\t","protected":false},"excerpt":{"rendered":"<p>R\u00e9servations Consultez la disponibilit\u00e9 du palais dans le calendrier suivant. Caract\u00e9ristiques et conditions de la location. Palacio de Olza est lou\u00e9 int\u00e9gralement pour un seul groupe: H\u00e9bergement: 22+9 personnes. \u00c9v\u00e9nement: Du lundi au vendredi, avec ou sans nuit\u00e9e, consultez notre [&hellip;]<\/p>\n","protected":false},"author":1,"featured_media":6373,"parent":0,"menu_order":0,"comment_status":"closed","ping_status":"closed","template":"","meta":{"footnotes":""},"class_list":["post-16315","page","type-page","status-publish","has-post-thumbnail","hentry"],"aioseo_notices":[],"_links":{"self":[{"href":"https:\/\/www.palaciodeolza.es\/fr\/wp-json\/wp\/v2\/pages\/16315","targetHints":{"allow":["GET"]}}],"collection":[{"href":"https:\/\/www.palaciodeolza.es\/fr\/wp-json\/wp\/v2\/pages"}],"about":[{"href":"https:\/\/www.palaciodeolza.es\/fr\/wp-json\/wp\/v2\/types\/page"}],"author":[{"embeddable":true,"href":"https:\/\/www.palaciodeolza.es\/fr\/wp-json\/wp\/v2\/users\/1"}],"replies":[{"embeddable":true,"href":"https:\/\/www.palaciodeolza.es\/fr\/wp-json\/wp\/v2\/comments?post=16315"}],"version-history":[{"count":88,"href":"https:\/\/www.palaciodeolza.es\/fr\/wp-json\/wp\/v2\/pages\/16315\/revisions"}],"predecessor-version":[{"id":17692,"href":"https:\/\/www.palaciodeolza.es\/fr\/wp-json\/wp\/v2\/pages\/16315\/revisions\/17692"}],"wp:featuredmedia":[{"embeddable":true,"href":"https:\/\/www.palaciodeolza.es\/fr\/wp-json\/wp\/v2\/media\/6373"}],"wp:attachment":[{"href":"https:\/\/www.palaciodeolza.es\/fr\/wp-json\/wp\/v2\/media?parent=16315"}],"curies":[{"name":"wp","href":"https:\/\/api.w.org\/{rel}","templated":true}]}}