{"id":6338,"date":"2018-09-20T10:07:35","date_gmt":"2018-09-20T10:07:35","guid":{"rendered":"https:\/\/www.palaciodeolza.es\/el-palacio\/"},"modified":"2022-06-23T23:03:59","modified_gmt":"2022-06-23T21:03:59","slug":"le-palais","status":"publish","type":"page","link":"https:\/\/www.palaciodeolza.es\/fr\/le-palais\/","title":{"rendered":"Le palais"},"content":{"rendered":"\t\t<div data-elementor-type=\"wp-page\" data-elementor-id=\"6338\" class=\"elementor elementor-6338 elementor-280\" data-elementor-post-type=\"page\">\n\t\t\t\t\t\t<section class=\"elementor-section elementor-top-section elementor-element elementor-element-8bc294b elementor-section-stretched elementor-section-height-min-height elementor-section-items-bottom elementor-section-content-bottom elementor-hidden-tablet elementor-hidden-phone elementor-section-boxed elementor-section-height-default\" data-id=\"8bc294b\" data-element_type=\"section\" data-e-type=\"section\" data-settings=\"{&quot;stretch_section&quot;:&quot;section-stretched&quot;,&quot;background_background&quot;:&quot;classic&quot;}\">\n\t\t\t\t\t\t\t<div class=\"elementor-background-overlay\"><\/div>\n\t\t\t\t\t\t\t<div class=\"elementor-container elementor-column-gap-default\">\n\t\t\t\t\t<div class=\"elementor-column elementor-col-100 elementor-top-column elementor-element elementor-element-443e648\" data-id=\"443e648\" data-element_type=\"column\" data-e-type=\"column\">\n\t\t\t<div class=\"elementor-widget-wrap\">\n\t\t\t\t\t\t\t<\/div>\n\t\t<\/div>\n\t\t\t\t\t<\/div>\n\t\t<\/section>\n\t\t\t\t<section class=\"elementor-section elementor-top-section elementor-element elementor-element-2fa08da elementor-section-boxed elementor-section-height-default elementor-section-height-default\" data-id=\"2fa08da\" data-element_type=\"section\" data-e-type=\"section\">\n\t\t\t\t\t\t<div class=\"elementor-container elementor-column-gap-default\">\n\t\t\t\t\t<div class=\"elementor-column elementor-col-100 elementor-top-column elementor-element elementor-element-f687c39\" data-id=\"f687c39\" data-element_type=\"column\" data-e-type=\"column\">\n\t\t\t<div class=\"elementor-widget-wrap elementor-element-populated\">\n\t\t\t\t\t\t<div class=\"elementor-element elementor-element-8802407 elementor-widget elementor-widget-heading\" data-id=\"8802407\" data-element_type=\"widget\" data-e-type=\"widget\" data-widget_type=\"heading.default\">\n\t\t\t\t<div class=\"elementor-widget-container\">\n\t\t\t\t\t<h2 class=\"elementor-heading-title elementor-size-default\">Le palais<\/h2>\t\t\t\t<\/div>\n\t\t\t\t<\/div>\n\t\t\t\t<div class=\"elementor-element elementor-element-dc7c70a elementor-widget elementor-widget-text-editor\" data-id=\"dc7c70a\" data-element_type=\"widget\" data-e-type=\"widget\" data-widget_type=\"text-editor.default\">\n\t\t\t\t<div class=\"elementor-widget-container\">\n\t\t\t\t\t\t\t\t\t<p>Palacio de Olza a ouvert ses portes en juin 2020. C\u2019est un endroit sp\u00e9cial, unique et discret o\u00f9 vous retrouverez avec plaisir tous vos proches.\u00a0<span style=\"font-family: Heebo, sans-serif; font-size: 14px; font-style: normal; font-weight: 400; letter-spacing: 0px;\">Un b\u00e2timent historique dont l\u2019image est rest\u00e9e inchang\u00e9e pendant plus de cinq si\u00e8cles.\u00a0<\/span><span style=\"font-size: 14px; letter-spacing: 0px;\">Un palais <\/span><b style=\"font-family: inherit; font-style: inherit; letter-spacing: 0px;\"> \u00e0 louer enti\u00e8rement, pour un groupe ou un \u00e9v\u00e9nement sp\u00e9cifique \u00e0 <\/b><span style=\"font-size: 14px; letter-spacing: 0px;\">chaque fois.\u00a0<\/span><span style=\"font-family: Heebo, sans-serif; font-size: 14px; font-style: normal; font-weight: bold; letter-spacing: 0px;\">La capacit\u00e9 d\u2019accueil est de 22+9\u00a0couchages, dans dix chambres, avec onze salles de bain compl\u00e8tes.<\/span><\/p>\n<p>\u00c0 l\u2019<strong>ext\u00e9rieur<\/strong>, vous trouverez un porche avec cuisine \u00e9quip\u00e9e attenante et barbecue XXL, une piscine au sel, un jardin offrant une vue magnifique, une cour \u00e0 arcades (avec porche, jardin, fontaine et r\u00e9serve \u00e0 bois) et un espace de stationnement priv\u00e9.<\/p>\n<p>\u00c0 l\u2019<strong>int\u00e9rieur<\/strong>, dix chambres sont distribu\u00e9es sur les deux \u00e9tages. Au rez-de-chauss\u00e9e, vous trouverez un salon pouvant accueillir jusqu\u2019\u00e0 33\u00a0personnes (des tables suppl\u00e9mentaires sont disponibles). Le palais comprend \u00e9galement un salon et un espace TV (t\u00e9l\u00e9viseur 75\u00a0pouces) pourvu de huit canap\u00e9s. Une cuisine compl\u00e8te avec deux fours, deux r\u00e9frig\u00e9rateurs, un cong\u00e9lateur, une plaque \u00e0 5\u00a0feux, tous les petits appareils \u00e9lectrom\u00e9nagers n\u00e9cessaires et un lave-vaisselle semi-professionnel 1-3\u00a0minutes. Le rez-de-chauss\u00e9e comprend \u00e9galement deux toilettes, une buanderie et un ascenseur. La maison est chauff\u00e9e par un syst\u00e8me de plancher radiant r\u00e9glable dans chaque pi\u00e8ce et est \u00e9quip\u00e9e d\u2019une connexion \u00e0 Internet en Wi-Fi.\u00a0\u00a0<span style=\"font-family: Heebo, sans-serif; font-size: 14px; font-style: normal; font-weight: 400; letter-spacing: 0px;\">Le palais compte six chambres doubles, deux chambres individuelles, avec lit double, deux chambres quadruples, deux lits d\u2019appoint dans le salon et sept lits suppl\u00e9mentaires.<\/span><\/p>\n\t\t\t\t\t\t\t\t<\/div>\n\t\t\t\t<\/div>\n\t\t\t\t\t<\/div>\n\t\t<\/div>\n\t\t\t\t\t<\/div>\n\t\t<\/section>\n\t\t\t\t<section class=\"elementor-section elementor-top-section elementor-element elementor-element-42a8f4f elementor-section-boxed elementor-section-height-default elementor-section-height-default\" data-id=\"42a8f4f\" data-element_type=\"section\" data-e-type=\"section\">\n\t\t\t\t\t\t<div class=\"elementor-container elementor-column-gap-default\">\n\t\t\t\t\t<div class=\"elementor-column elementor-col-100 elementor-top-column elementor-element elementor-element-5293b16\" data-id=\"5293b16\" data-element_type=\"column\" data-e-type=\"column\">\n\t\t\t<div class=\"elementor-widget-wrap elementor-element-populated\">\n\t\t\t\t\t\t<div class=\"elementor-element elementor-element-90e4390 elementor-widget elementor-widget-heading\" data-id=\"90e4390\" data-element_type=\"widget\" data-e-type=\"widget\" data-widget_type=\"heading.default\">\n\t\t\t\t<div class=\"elementor-widget-container\">\n\t\t\t\t\t<h2 class=\"elementor-heading-title elementor-size-default\">&nbsp;<br>Un lieu unique<\/h2>\t\t\t\t<\/div>\n\t\t\t\t<\/div>\n\t\t\t\t\t<\/div>\n\t\t<\/div>\n\t\t\t\t\t<\/div>\n\t\t<\/section>\n\t\t\t\t<section class=\"elementor-section elementor-top-section elementor-element elementor-element-e40bebc elementor-section-boxed elementor-section-height-default elementor-section-height-default\" data-id=\"e40bebc\" data-element_type=\"section\" data-e-type=\"section\">\n\t\t\t\t\t\t<div class=\"elementor-container elementor-column-gap-default\">\n\t\t\t\t\t<div class=\"elementor-column elementor-col-100 elementor-top-column elementor-element elementor-element-1a028d3\" data-id=\"1a028d3\" data-element_type=\"column\" data-e-type=\"column\">\n\t\t\t<div class=\"elementor-widget-wrap elementor-element-populated\">\n\t\t\t\t\t\t<div class=\"elementor-element elementor-element-403fcd2 elementor-widget elementor-widget-text-editor\" data-id=\"403fcd2\" data-element_type=\"widget\" data-e-type=\"widget\" data-widget_type=\"text-editor.default\">\n\t\t\t\t<div class=\"elementor-widget-container\">\n\t\t\t\t\t\t\t\t\t<p>Le palais d\u2019Olza se dresse dans la commune centenaire de Cendea de Olza, un hameau qui fut hidalgo au Moyen-\u00c2ge. Le village a su pr\u00e9server un magnifique paysage rural ponctu\u00e9 de v\u00e9g\u00e9tation et des sites dignes d\u2019int\u00e9r\u00eat comme des palais et des demeures seigneuriales.<\/p><p>Le palais d\u2019Olza offre donc l\u2019opportunit\u00e9 de s\u2019\u00e9loigner du rythme fr\u00e9n\u00e9tique des grandes villes pour se r\u00e9fugier dans une demeure tr\u00e8s sp\u00e9ciale et prendre le temps de savourer des repas qui s\u2019\u00e9ternisent, de participer \u00e0 des conversations passionnantes \u00e0 c\u00f4t\u00e9 de la chemin\u00e9e, de contempler la lune ou de d\u00eener sous les \u00e9toiles \u00e0 la lueur des chandelles.<\/p>\t\t\t\t\t\t\t\t<\/div>\n\t\t\t\t<\/div>\n\t\t\t\t\t<\/div>\n\t\t<\/div>\n\t\t\t\t\t<\/div>\n\t\t<\/section>\n\t\t\t\t<section class=\"elementor-section elementor-top-section elementor-element elementor-element-5dc54f8 elementor-section-boxed elementor-section-height-default elementor-section-height-default\" data-id=\"5dc54f8\" data-element_type=\"section\" data-e-type=\"section\">\n\t\t\t\t\t\t<div class=\"elementor-container elementor-column-gap-default\">\n\t\t\t\t\t<div class=\"elementor-column elementor-col-100 elementor-top-column elementor-element elementor-element-e64f56a\" data-id=\"e64f56a\" data-element_type=\"column\" data-e-type=\"column\">\n\t\t\t<div class=\"elementor-widget-wrap elementor-element-populated\">\n\t\t\t\t\t\t<div class=\"elementor-element elementor-element-03dc1e6 elementor-widget elementor-widget-image\" data-id=\"03dc1e6\" data-element_type=\"widget\" data-e-type=\"widget\" data-widget_type=\"image.default\">\n\t\t\t\t<div class=\"elementor-widget-container\">\n\t\t\t\t\t\t\t\t\t\t\t\t\t\t\t<img fetchpriority=\"high\" decoding=\"async\" width=\"638\" height=\"587\" src=\"https:\/\/www.palaciodeolza.es\/wp-content\/uploads\/2020\/03\/criculo.png\" class=\"attachment-full size-full wp-image-6349\" alt=\"\" srcset=\"https:\/\/www.palaciodeolza.es\/wp-content\/uploads\/2020\/03\/criculo.png 638w, https:\/\/www.palaciodeolza.es\/wp-content\/uploads\/2020\/03\/criculo-300x276.png 300w, https:\/\/www.palaciodeolza.es\/wp-content\/uploads\/2020\/03\/criculo-440x405.png 440w, https:\/\/www.palaciodeolza.es\/wp-content\/uploads\/2020\/03\/criculo-600x552.png 600w\" sizes=\"(max-width: 638px) 100vw, 638px\" \/>\t\t\t\t\t\t\t\t\t\t\t\t\t\t\t<\/div>\n\t\t\t\t<\/div>\n\t\t\t\t<div class=\"elementor-element elementor-element-274eea8 elementor-widget elementor-widget-heading\" data-id=\"274eea8\" data-element_type=\"widget\" data-e-type=\"widget\" data-widget_type=\"heading.default\">\n\t\t\t\t<div class=\"elementor-widget-container\">\n\t\t\t\t\t<h2 class=\"elementor-heading-title elementor-size-default\">&nbsp;<br>Son histoire<\/h2>\t\t\t\t<\/div>\n\t\t\t\t<\/div>\n\t\t\t\t\t<\/div>\n\t\t<\/div>\n\t\t\t\t\t<\/div>\n\t\t<\/section>\n\t\t\t\t<section class=\"elementor-section elementor-top-section elementor-element elementor-element-da460a8 elementor-section-boxed elementor-section-height-default elementor-section-height-default\" data-id=\"da460a8\" data-element_type=\"section\" data-e-type=\"section\">\n\t\t\t\t\t\t<div class=\"elementor-container elementor-column-gap-default\">\n\t\t\t\t\t<div class=\"elementor-column elementor-col-100 elementor-top-column elementor-element elementor-element-39732a7\" data-id=\"39732a7\" data-element_type=\"column\" data-e-type=\"column\">\n\t\t\t<div class=\"elementor-widget-wrap elementor-element-populated\">\n\t\t\t\t\t\t<div class=\"elementor-element elementor-element-0957c7d elementor-widget elementor-widget-text-editor\" data-id=\"0957c7d\" data-element_type=\"widget\" data-e-type=\"widget\" data-widget_type=\"text-editor.default\">\n\t\t\t\t<div class=\"elementor-widget-container\">\n\t\t\t\t\t\t\t\t\t<p style=\"font-weight: 400; font-style: normal; font-size: 14px; font-family: Heebo, sans-serif;\">Selon <strong>l\u2019\u00e9tude historique<\/strong> de M\u00aa Elba Ochoa Larraona, docteure en Histoire de l\u2019Art, l\u2019origine du palais remonte \u00e0 une maison-tour du XVe si\u00e8cle (celle de gauche lorsque l\u2019on se place face \u00e0 la fa\u00e7ade). Un corps r\u00e9sidentiel fut ensuite ajout\u00e9, puis une tour jumelle. Tout cela donna lieu \u00e0 un ensemble harmonieux et \u00e9quilibr\u00e9, tr\u00e8s en vogue \u00e0 l\u2019\u00e9poque selon les crit\u00e8res esth\u00e9tiques de la Renaissance qui \u00e9mergeaient avec force en Navarre \u00e0 cette date.<\/p><p style=\"font-weight: 400; font-style: normal; font-size: 14px; font-family: Heebo, sans-serif;\">Selon cette \u00e9tude historique, cet agrandissement fut b\u00e2ti, vers 1525 approximativement, en employant des pierres de la carri\u00e8re du village d\u2019Olza, dans le mont Arrobia. Les blasons sur la fa\u00e7ade principale sont au nombre de deux\u00a0: un premier sur le voussoir central, tr\u00e8s caract\u00e9ristique du style gothique-renaissance, et un autre, un peu plus haut, presque perdu, qui fut adoss\u00e9 \u00e0 la fa\u00e7ade post\u00e9rieurement.<\/p><p style=\"font-weight: 400; font-style: normal; font-size: 14px; font-family: Heebo, sans-serif;\">Le premier \u00e9tage, o\u00f9 se trouvent actuellement les chambres, poss\u00e8de de petites fen\u00eatres dont l\u2019agencement pr\u00e9tendait \u00eatre en grande mesure sym\u00e9trique, mais qui r\u00e9pond clairement \u00e0 des modifications post\u00e9rieures, tout comme la finition par une frise de modillons, une solution caract\u00e9ristique de l\u2019architecture militaire, sur laquelle repose la toiture.<\/p><p style=\"font-weight: 400; font-style: normal; font-size: 14px; font-family: Heebo, sans-serif;\">Au milieu du XVIe si\u00e8cle, le palais appartenait \u00e0 Ochoa Cruzat, qui \u00e9tait membre d\u2019une famille importante du bourg pamplonais de San Cernin pendant le Moyen-\u00c2ge et dont le nom s\u2019\u00e9tendit dans le bassin de Pampelune et dans toute la Navarre durant le XVIe si\u00e8cle, d\u2019apr\u00e8s les conclusions de l\u2019\u00e9tude la docteure Larraona.<\/p><p style=\"font-weight: 400; font-style: normal; font-size: 14px; font-family: Heebo, sans-serif;\">Au cours des si\u00e8cles post\u00e9rieurs, le b\u00e2timent fut la propri\u00e9t\u00e9 de la Coll\u00e9giale de Roncevaux et de la famille Ochoa de Olza. Il fut c\u00e9d\u00e9 temporairement \u00e0 une communaut\u00e9 de B\u00e9n\u00e9dictins originaires de Bayonne.<\/p><p style=\"font-weight: 400; font-style: normal; font-size: 14px; font-family: Heebo, sans-serif;\">Le palais d\u2019Olza a \u00e9t\u00e9 restaur\u00e9 par un bureau <a style=\"font-size: 14px;\" href=\"http:\/\/restauraciondepatrimonio.es\/\" target=\"_blank\" rel=\"noopener\"><strong>d\u2019architectes sp\u00e9cialis\u00e9s en restauration du patrimoine<\/strong><\/a>. Il est aujourd\u2019hui un lieu unique \u00e0 disposition de tous ceux qui veulent profiter de cet h\u00e9bergement de grande capacit\u00e9 proche de Pampelune, id\u00e9al pour les familles ou les groupes d\u2019amis. <\/p>\t\t\t\t\t\t\t\t<\/div>\n\t\t\t\t<\/div>\n\t\t\t\t\t<\/div>\n\t\t<\/div>\n\t\t\t\t\t<\/div>\n\t\t<\/section>\n\t\t\t\t<section class=\"elementor-section elementor-top-section elementor-element elementor-element-8468729 elementor-section-stretched elementor-section-boxed elementor-section-height-default elementor-section-height-default\" data-id=\"8468729\" data-element_type=\"section\" data-e-type=\"section\" data-settings=\"{&quot;stretch_section&quot;:&quot;section-stretched&quot;}\">\n\t\t\t\t\t\t<div class=\"elementor-container elementor-column-gap-default\">\n\t\t\t\t\t<div class=\"elementor-column elementor-col-100 elementor-top-column elementor-element elementor-element-d9f3208\" data-id=\"d9f3208\" data-element_type=\"column\" data-e-type=\"column\">\n\t\t\t<div class=\"elementor-widget-wrap elementor-element-populated\">\n\t\t\t\t\t\t<div class=\"elementor-element elementor-element-c3c0932 elementor-widget elementor-widget-hoteller-gallery-horizontal\" data-id=\"c3c0932\" data-element_type=\"widget\" data-e-type=\"widget\" data-widget_type=\"hoteller-gallery-horizontal.default\">\n\t\t\t\t<div class=\"elementor-widget-container\">\n\t\t\t\t\t<div class=\"tg_horizontal_gallery_wrapper\" data-autoplay=\"8000\" data-loop=\"0\" data-navigation=\"1\" data-pagination=\"1\" data-parallax=\"1\" data-fullscreen=\"0\">\n\t\t<div class=\"tg_horizontal_gallery_cell\" style=\"margin-right:5px\">\n\t\t\t\t\t\t<img class=\"tg_horizontal_gallery_cell_img\" data-flickity-lazyload=\"https:\/\/www.palaciodeolza.es\/wp-content\/uploads\/2020\/11\/palacio-olza-fachada.jpg\" alt=\"\" style=\"height:700px;\" \/>\n\t\t\t\t\t<\/div>\n\t\t<div class=\"tg_horizontal_gallery_cell\" style=\"margin-right:5px\">\n\t\t\t\t\t\t<img class=\"tg_horizontal_gallery_cell_img\" data-flickity-lazyload=\"https:\/\/www.palaciodeolza.es\/wp-content\/uploads\/2020\/11\/cenador-palacio-olza.jpg\" alt=\"\" style=\"height:700px;\" \/>\n\t\t\t\t\t<\/div>\n\t\t<div class=\"tg_horizontal_gallery_cell\" style=\"margin-right:5px\">\n\t\t\t\t\t\t<img class=\"tg_horizontal_gallery_cell_img\" data-flickity-lazyload=\"https:\/\/www.palaciodeolza.es\/wp-content\/uploads\/2020\/11\/jardin-palacio-olza.jpg\" alt=\"\" style=\"height:700px;\" \/>\n\t\t\t\t\t<\/div>\n\t\t<div class=\"tg_horizontal_gallery_cell\" style=\"margin-right:5px\">\n\t\t\t\t\t\t<img class=\"tg_horizontal_gallery_cell_img\" data-flickity-lazyload=\"https:\/\/www.palaciodeolza.es\/wp-content\/uploads\/2020\/11\/comedor-palacio-olza.jpg\" alt=\"\" style=\"height:700px;\" \/>\n\t\t\t\t\t<\/div>\n\t\t<div class=\"tg_horizontal_gallery_cell\" style=\"margin-right:5px\">\n\t\t\t\t\t\t<img class=\"tg_horizontal_gallery_cell_img\" data-flickity-lazyload=\"https:\/\/www.palaciodeolza.es\/wp-content\/uploads\/2020\/03\/EXTRIOR_3.jpg\" alt=\"\" style=\"height:700px;\" \/>\n\t\t\t\t\t<\/div>\n\t\t<div class=\"tg_horizontal_gallery_cell\" style=\"margin-right:5px\">\n\t\t\t\t\t\t<img class=\"tg_horizontal_gallery_cell_img\" data-flickity-lazyload=\"https:\/\/www.palaciodeolza.es\/wp-content\/uploads\/2020\/06\/zone-nord1.jpg\" alt=\"\" style=\"height:700px;\" \/>\n\t\t\t\t\t<\/div>\n\t\t<div class=\"tg_horizontal_gallery_cell\" style=\"margin-right:5px\">\n\t\t\t\t\t\t<img class=\"tg_horizontal_gallery_cell_img\" data-flickity-lazyload=\"https:\/\/www.palaciodeolza.es\/wp-content\/uploads\/2020\/08\/olza-piscina-de-noche.jpg\" alt=\"\" style=\"height:700px;\" \/>\n\t\t\t\t\t<\/div>\n\t\t<div class=\"tg_horizontal_gallery_cell\" style=\"margin-right:5px\">\n\t\t\t\t\t\t<img class=\"tg_horizontal_gallery_cell_img\" data-flickity-lazyload=\"https:\/\/www.palaciodeolza.es\/wp-content\/uploads\/2020\/08\/palacio-olza-noche.jpg\" alt=\"\" style=\"height:700px;\" \/>\n\t\t\t\t\t<\/div>\n\t\t<div class=\"tg_horizontal_gallery_cell\" style=\"margin-right:5px\">\n\t\t\t\t\t\t<img class=\"tg_horizontal_gallery_cell_img\" data-flickity-lazyload=\"https:\/\/www.palaciodeolza.es\/wp-content\/uploads\/2020\/08\/olza-patio-de-noche.jpg\" alt=\"\" style=\"height:700px;\" \/>\n\t\t\t\t\t<\/div>\n\t\t<div class=\"tg_horizontal_gallery_cell\" style=\"margin-right:5px\">\n\t\t\t\t\t\t<img class=\"tg_horizontal_gallery_cell_img\" data-flickity-lazyload=\"https:\/\/www.palaciodeolza.es\/wp-content\/uploads\/2020\/10\/salon-palacio-de-olza.jpg\" alt=\"\" style=\"height:700px;\" \/>\n\t\t\t\t\t<\/div>\n\t\t<div class=\"tg_horizontal_gallery_cell\" style=\"margin-right:5px\">\n\t\t\t\t\t\t<img class=\"tg_horizontal_gallery_cell_img\" data-flickity-lazyload=\"https:\/\/www.palaciodeolza.es\/wp-content\/uploads\/2020\/08\/palacio-de-olza-chimenea1.jpg\" alt=\"\" style=\"height:700px;\" \/>\n\t\t\t\t\t<\/div>\n\t\t<div class=\"tg_horizontal_gallery_cell\" style=\"margin-right:5px\">\n\t\t\t\t\t\t<img class=\"tg_horizontal_gallery_cell_img\" data-flickity-lazyload=\"https:\/\/www.palaciodeolza.es\/wp-content\/uploads\/2020\/10\/escalera-palacio-de-olza.jpg\" alt=\"\" style=\"height:700px;\" \/>\n\t\t\t\t\t<\/div>\n\t\t<div class=\"tg_horizontal_gallery_cell\" style=\"margin-right:5px\">\n\t\t\t\t\t\t<img class=\"tg_horizontal_gallery_cell_img\" data-flickity-lazyload=\"https:\/\/www.palaciodeolza.es\/wp-content\/uploads\/2020\/10\/ventana-palacio-de-olza.jpg\" alt=\"\" style=\"height:700px;\" \/>\n\t\t\t\t\t<\/div>\n\t\t<div class=\"tg_horizontal_gallery_cell\" style=\"margin-right:5px\">\n\t\t\t\t\t\t<img class=\"tg_horizontal_gallery_cell_img\" data-flickity-lazyload=\"https:\/\/www.palaciodeolza.es\/wp-content\/uploads\/2022\/02\/olza-porteria.jpg\" alt=\"\" style=\"height:700px;\" \/>\n\t\t\t\t\t<\/div>\n\t\t<div class=\"tg_horizontal_gallery_cell\" style=\"margin-right:5px\">\n\t\t\t\t\t\t<img class=\"tg_horizontal_gallery_cell_img\" data-flickity-lazyload=\"https:\/\/www.palaciodeolza.es\/wp-content\/uploads\/2022\/02\/bajocubierta-olza.jpg\" alt=\"\" style=\"height:700px;\" \/>\n\t\t\t\t\t<\/div>\n\t\t<div class=\"tg_horizontal_gallery_cell\" style=\"margin-right:5px\">\n\t\t\t\t\t\t<img class=\"tg_horizontal_gallery_cell_img\" data-flickity-lazyload=\"https:\/\/www.palaciodeolza.es\/wp-content\/uploads\/2022\/02\/cine-olza.jpg\" alt=\"\" style=\"height:700px;\" \/>\n\t\t\t\t\t<\/div>\n\t\t<div class=\"tg_horizontal_gallery_cell\" style=\"margin-right:5px\">\n\t\t\t\t\t\t<img class=\"tg_horizontal_gallery_cell_img\" data-flickity-lazyload=\"https:\/\/www.palaciodeolza.es\/wp-content\/uploads\/2022\/01\/desayunos-palacio-olza2.jpg\" alt=\"\" style=\"height:700px;\" \/>\n\t\t\t\t\t<\/div>\n\t\t<div class=\"tg_horizontal_gallery_cell\" style=\"margin-right:5px\">\n\t\t\t\t\t\t<img class=\"tg_horizontal_gallery_cell_img\" data-flickity-lazyload=\"https:\/\/www.palaciodeolza.es\/wp-content\/uploads\/2022\/01\/desayunos-palacio-olza1.jpg\" alt=\"\" style=\"height:700px;\" \/>\n\t\t\t\t\t<\/div>\n\t\t<div class=\"tg_horizontal_gallery_cell\" style=\"margin-right:5px\">\n\t\t\t\t\t\t<img class=\"tg_horizontal_gallery_cell_img\" data-flickity-lazyload=\"https:\/\/www.palaciodeolza.es\/wp-content\/uploads\/2022\/01\/desayuno-olza-saludable-1.jpg\" alt=\"\" style=\"height:700px;\" \/>\n\t\t\t\t\t<\/div>\n<\/div>\n\t\t\t\t<\/div>\n\t\t\t\t<\/div>\n\t\t\t\t\t<\/div>\n\t\t<\/div>\n\t\t\t\t\t<\/div>\n\t\t<\/section>\n\t\t\t\t<section class=\"elementor-section elementor-top-section elementor-element elementor-element-75c01449 elementor-hidden-desktop elementor-hidden-tablet elementor-hidden-phone elementor-section-boxed elementor-section-height-default elementor-section-height-default\" data-id=\"75c01449\" data-element_type=\"section\" data-e-type=\"section\">\n\t\t\t\t\t\t<div class=\"elementor-container elementor-column-gap-extended\">\n\t\t\t\t\t<div class=\"elementor-column elementor-col-16 elementor-top-column elementor-element elementor-element-1d9c2b23\" data-id=\"1d9c2b23\" data-element_type=\"column\" data-e-type=\"column\">\n\t\t\t<div class=\"elementor-widget-wrap\">\n\t\t\t\t\t\t\t<\/div>\n\t\t<\/div>\n\t\t\t\t<div class=\"elementor-column elementor-col-66 elementor-top-column elementor-element elementor-element-32fb74f1\" data-id=\"32fb74f1\" data-element_type=\"column\" data-e-type=\"column\">\n\t\t\t<div class=\"elementor-widget-wrap elementor-element-populated\">\n\t\t\t\t\t\t<div class=\"elementor-element elementor-element-68e05b5e elementor-widget elementor-widget-shortcode\" data-id=\"68e05b5e\" data-element_type=\"widget\" data-e-type=\"widget\" data-widget_type=\"shortcode.default\">\n\t\t\t\t<div class=\"elementor-widget-container\">\n\t\t\t\t\t\t\t<div class=\"elementor-shortcode\"><div class=\"mphb_sc_search-wrapper \">\n<form method=\"GET\" class=\"mphb_sc_search-form\" action=\"https:\/\/www.palaciodeolza.es\/fr\/resultats-de-recherche\/\" data-first_available_check_in_date=\"2027-05-10\">\n\n\t<p class = \"mphb-required-fields-tip\">\n\t<small>\n\t\tLes champs obligatoires sont suivis de\t\t<abbr title=\"required\">*<\/abbr>\n\t<\/small>\n<\/p>\n\n\t<p class=\"mphb_sc_search-check-in-date\">\n\t\t<label for=\"mphb_check_in_date-mphb-search-form-69fb49c3ed126\">\n\t\t\tArriv\u00e9e\t\t\t<abbr title=\"Format\u00e9 comme dd\/mm\/yyyy\">*<\/abbr>\n\t\t<\/label>\n\t\t<br \/>\n\t\t<input\n\t\t\tid=\"mphb_check_in_date-mphb-search-form-69fb49c3ed126\"\n\t\t\tdata-datepick-group=\"mphb-search-form-69fb49c3ed126\"\n\t\t\tvalue=\"\"\n\t\t\tplaceholder=\"Date d&#039;arriv\u00e9e\"\n\t\t\trequired=\"required\"\n\t\t\ttype=\"text\"\n\t\t\tinputmode=\"none\"\n\t\t\tname=\"mphb_check_in_date\"\n\t\t\tclass=\"mphb-datepick\"\n\t\t\tautocomplete=\"off\"\n\t\t\t\/>\n\t<\/p>\n\n\t<p class=\"mphb_sc_search-check-out-date\">\n\t\t<label for=\"mphb_check_out_date-mphb-search-form-69fb49c3ed126\">\n\t\t\tD\u00e9part\t\t\t<abbr title=\"Format\u00e9 comme dd\/mm\/yyyy\">*<\/abbr>\n\t\t<\/label>\n\t\t<br \/>\n\t\t<input\n\t\t\tid=\"mphb_check_out_date-mphb-search-form-69fb49c3ed126\"\n\t\t\tdata-datepick-group=\"mphb-search-form-69fb49c3ed126\"\n\t\t\tvalue=\"\"\n\t\t\tplaceholder=\"Date de d\u00e9part\"\n\t\t\trequired=\"required\"\n\t\t\ttype=\"text\"\n\t\t\tinputmode=\"none\"\n\t\t\tname=\"mphb_check_out_date\"\n\t\t\tclass=\"mphb-datepick\"\n\t\t\tautocomplete=\"off\"\n\t\t\t\/>\n\t<\/p>\n\n\t\t\t<input type=\"hidden\" id=\"mphb_adults-mphb-search-form-69fb49c3ed126\" name=\"mphb_adults\" value=\"1\" \/>\n\t\n\t\t\t<input type=\"hidden\" id=\"mphb_children-mphb-search-form-69fb49c3ed126\" name=\"mphb_children\" value=\"0\" \/>\n\t\n\t\n\t\n\t<input id=\"mphb_check_in_date-mphb-search-form-69fb49c3ed126-hidden\" value=\"\" type=\"hidden\" name=\"mphb_check_in_date\" \/><input id=\"mphb_check_out_date-mphb-search-form-69fb49c3ed126-hidden\" value=\"\" type=\"hidden\" name=\"mphb_check_out_date\" \/>\n\t<p class=\"mphb_sc_search-submit-button-wrapper\">\n\t\t<input type=\"submit\" class=\"button\" value=\"Chercher\"\/>\n\t<\/p>\n\n\t\n<\/form>\n<\/div><\/div>\n\t\t\t\t\t\t<\/div>\n\t\t\t\t<\/div>\n\t\t\t\t\t<\/div>\n\t\t<\/div>\n\t\t\t\t<div class=\"elementor-column elementor-col-16 elementor-top-column elementor-element elementor-element-5f19cba9\" data-id=\"5f19cba9\" data-element_type=\"column\" data-e-type=\"column\">\n\t\t\t<div class=\"elementor-widget-wrap\">\n\t\t\t\t\t\t\t<\/div>\n\t\t<\/div>\n\t\t\t\t\t<\/div>\n\t\t<\/section>\n\t\t\t\t<\/div>\n\t\t","protected":false},"excerpt":{"rendered":"<p>Le palais Palacio de Olza a ouvert ses portes en juin 2020. C\u2019est un endroit sp\u00e9cial, unique et discret o\u00f9 vous retrouverez avec plaisir tous vos proches.\u00a0Un b\u00e2timent historique dont l\u2019image est rest\u00e9e inchang\u00e9e pendant plus de cinq si\u00e8cles.\u00a0Un palais [&hellip;]<\/p>\n","protected":false},"author":1,"featured_media":6340,"parent":0,"menu_order":0,"comment_status":"closed","ping_status":"closed","template":"","meta":{"footnotes":""},"class_list":["post-6338","page","type-page","status-publish","has-post-thumbnail","hentry"],"aioseo_notices":[],"_links":{"self":[{"href":"https:\/\/www.palaciodeolza.es\/fr\/wp-json\/wp\/v2\/pages\/6338","targetHints":{"allow":["GET"]}}],"collection":[{"href":"https:\/\/www.palaciodeolza.es\/fr\/wp-json\/wp\/v2\/pages"}],"about":[{"href":"https:\/\/www.palaciodeolza.es\/fr\/wp-json\/wp\/v2\/types\/page"}],"author":[{"embeddable":true,"href":"https:\/\/www.palaciodeolza.es\/fr\/wp-json\/wp\/v2\/users\/1"}],"replies":[{"embeddable":true,"href":"https:\/\/www.palaciodeolza.es\/fr\/wp-json\/wp\/v2\/comments?post=6338"}],"version-history":[{"count":17,"href":"https:\/\/www.palaciodeolza.es\/fr\/wp-json\/wp\/v2\/pages\/6338\/revisions"}],"predecessor-version":[{"id":15135,"href":"https:\/\/www.palaciodeolza.es\/fr\/wp-json\/wp\/v2\/pages\/6338\/revisions\/15135"}],"wp:featuredmedia":[{"embeddable":true,"href":"https:\/\/www.palaciodeolza.es\/fr\/wp-json\/wp\/v2\/media\/6340"}],"wp:attachment":[{"href":"https:\/\/www.palaciodeolza.es\/fr\/wp-json\/wp\/v2\/media?parent=6338"}],"curies":[{"name":"wp","href":"https:\/\/api.w.org\/{rel}","templated":true}]}}