{"id":6358,"date":"2020-08-12T16:37:19","date_gmt":"2020-08-12T14:37:19","guid":{"rendered":"https:\/\/www.palaciodeolza.es\/familias\/"},"modified":"2022-11-20T09:26:52","modified_gmt":"2022-11-20T08:26:52","slug":"familles","status":"publish","type":"page","link":"https:\/\/www.palaciodeolza.es\/fr\/familles\/","title":{"rendered":"Familles"},"content":{"rendered":"\t\t<div data-elementor-type=\"wp-page\" data-elementor-id=\"6358\" class=\"elementor elementor-6358 elementor-5997\" data-elementor-post-type=\"page\">\n\t\t\t\t\t\t<section class=\"elementor-section elementor-top-section elementor-element elementor-element-7feb35c elementor-section-boxed elementor-section-height-default elementor-section-height-default\" data-id=\"7feb35c\" data-element_type=\"section\" data-e-type=\"section\">\n\t\t\t\t\t\t<div class=\"elementor-container elementor-column-gap-default\">\n\t\t\t\t\t<div class=\"elementor-column elementor-col-100 elementor-top-column elementor-element elementor-element-09046d3\" data-id=\"09046d3\" data-element_type=\"column\" data-e-type=\"column\">\n\t\t\t<div class=\"elementor-widget-wrap elementor-element-populated\">\n\t\t\t\t\t\t<div class=\"elementor-element elementor-element-756a02b elementor-widget elementor-widget-heading\" data-id=\"756a02b\" data-element_type=\"widget\" data-e-type=\"widget\" data-widget_type=\"heading.default\">\n\t\t\t\t<div class=\"elementor-widget-container\">\n\t\t\t\t\t<h2 class=\"elementor-heading-title elementor-size-default\">FAMILLES<\/h2>\t\t\t\t<\/div>\n\t\t\t\t<\/div>\n\t\t\t\t\t<\/div>\n\t\t<\/div>\n\t\t\t\t\t<\/div>\n\t\t<\/section>\n\t\t\t\t<section class=\"elementor-section elementor-top-section elementor-element elementor-element-48a8506 elementor-section-boxed elementor-section-height-default elementor-section-height-default\" data-id=\"48a8506\" data-element_type=\"section\" data-e-type=\"section\">\n\t\t\t\t\t\t<div class=\"elementor-container elementor-column-gap-default\">\n\t\t\t\t\t<div class=\"elementor-column elementor-col-100 elementor-top-column elementor-element elementor-element-8d99d07\" data-id=\"8d99d07\" data-element_type=\"column\" data-e-type=\"column\">\n\t\t\t<div class=\"elementor-widget-wrap elementor-element-populated\">\n\t\t\t\t\t\t<div class=\"elementor-element elementor-element-4e17317 elementor-widget elementor-widget-heading\" data-id=\"4e17317\" data-element_type=\"widget\" data-e-type=\"widget\" data-widget_type=\"heading.default\">\n\t\t\t\t<div class=\"elementor-widget-container\">\n\t\t\t\t\t<h2 class=\"elementor-heading-title elementor-size-default\">Nous aimons les familles<\/h2>\t\t\t\t<\/div>\n\t\t\t\t<\/div>\n\t\t\t\t\t<\/div>\n\t\t<\/div>\n\t\t\t\t\t<\/div>\n\t\t<\/section>\n\t\t\t\t<section class=\"elementor-section elementor-top-section elementor-element elementor-element-5819603 elementor-section-boxed elementor-section-height-default elementor-section-height-default\" data-id=\"5819603\" data-element_type=\"section\" data-e-type=\"section\">\n\t\t\t\t\t\t<div class=\"elementor-container elementor-column-gap-wide\">\n\t\t\t\t\t<div class=\"elementor-column elementor-col-50 elementor-top-column elementor-element elementor-element-aa23f08\" data-id=\"aa23f08\" data-element_type=\"column\" data-e-type=\"column\">\n\t\t\t<div class=\"elementor-widget-wrap elementor-element-populated\">\n\t\t\t\t\t\t<div class=\"elementor-element elementor-element-0431f07 elementor-widget elementor-widget-text-editor\" data-id=\"0431f07\" data-element_type=\"widget\" data-e-type=\"widget\" data-widget_type=\"text-editor.default\">\n\t\t\t\t<div class=\"elementor-widget-container\">\n\t\t\t\t\t\t\t\t\t<p style=\"text-align: left;\">Palacio de Olza a \u00e9t\u00e9 pens\u00e9 pour accueillir de grandes familles\u00a0: des b\u00e9b\u00e9s aux s\u00e9niors, tout le monde y trouvera son compte.\u00a0 <\/p><p style=\"text-align: left;\"><b>Remise<\/b>: \u00a0Si une famille nombreuse fait partie des h\u00f4tes, nous offrons <strong>10\u00a0% de remise<\/strong> sur toute la r\u00e9servation via le site Internet. Et si vous poss\u00e9dez la carte +Familia, vous b\u00e9n\u00e9ficierez de\u00a0<strong>15\u00a0% de remise<\/strong>. Bon \u00ab\u00a0FAMILLES\u00a0\u00bb ou bon \u00ab\u00a0FAMILLESPLUS\u00a0\u00bb. Bons non cumulables.<\/p><p style=\"text-align: left;\">Pour <strong>les plus petits<\/strong>, nous disposons d\u2019une table \u00e0 langer, d\u2019un babyphone, de barri\u00e8res de protection, d\u2019un chauffe-biberon, de chaises-hautes et d\u2019une aire de jeux.<\/p>\t\t\t\t\t\t\t\t<\/div>\n\t\t\t\t<\/div>\n\t\t\t\t\t<\/div>\n\t\t<\/div>\n\t\t\t\t<div class=\"elementor-column elementor-col-50 elementor-top-column elementor-element elementor-element-bb7922e\" data-id=\"bb7922e\" data-element_type=\"column\" data-e-type=\"column\">\n\t\t\t<div class=\"elementor-widget-wrap elementor-element-populated\">\n\t\t\t\t\t\t<div class=\"elementor-element elementor-element-974b029 elementor-widget elementor-widget-text-editor\" data-id=\"974b029\" data-element_type=\"widget\" data-e-type=\"widget\" data-widget_type=\"text-editor.default\">\n\t\t\t\t<div class=\"elementor-widget-container\">\n\t\t\t\t\t\t\t\t\t<p><span style=\"font-family: Heebo, sans-serif; font-size: 14px; font-style: normal; font-weight: 400; text-align: left;\">Pour les personnes \u00e2g\u00e9es, le b\u00e2timent est \u00e9quip\u00e9 d\u2019un ascenseur pour acc\u00e9der \u00e0 la plupart des chambres et de douches dans toutes les salles de bain.<\/span><\/p>\n<p><span style=\"font-family: Heebo, sans-serif; font-size: 14px; font-style: normal; font-weight: 400; text-align: left;\">Pour toute la famille, c\u2019est un grand espace o\u00f9 tout le monde se retrouvera avec plaisir dans une salle \u00e0 manger o\u00f9 chacun aura sa place (jusqu\u2019\u00e0 33\u00a0personnes, plus des tables suppl\u00e9mentaires pour les c\u00e9l\u00e9brations). La cuisine est \u00e9quip\u00e9e de deux r\u00e9frig\u00e9rateurs et d\u2019un cong\u00e9lateur afin de r\u00e9pondre \u00e0 tous les besoins, d\u2019une plaque \u00e0 cinq feux et de deux fours pour pr\u00e9parer de d\u00e9licieux repas pour tous les convives. Il y a \u00e9galement des zones de divertissement avec de nombreux jeux de soci\u00e9t\u00e9, une table de ping-pong, un baby-foot, un jeu de fl\u00e9chettes et une piscine.<\/span><\/p>\n\t\t\t\t\t\t\t\t<\/div>\n\t\t\t\t<\/div>\n\t\t\t\t\t<\/div>\n\t\t<\/div>\n\t\t\t\t\t<\/div>\n\t\t<\/section>\n\t\t\t\t<section class=\"elementor-section elementor-top-section elementor-element elementor-element-4f9f59c elementor-section-stretched elementor-section-full_width elementor-section-height-default elementor-section-height-default\" data-id=\"4f9f59c\" data-element_type=\"section\" data-e-type=\"section\" data-settings=\"{&quot;stretch_section&quot;:&quot;section-stretched&quot;}\">\n\t\t\t\t\t\t<div class=\"elementor-container elementor-column-gap-default\">\n\t\t\t\t\t<div class=\"elementor-column elementor-col-100 elementor-top-column elementor-element elementor-element-781f09f\" data-id=\"781f09f\" data-element_type=\"column\" data-e-type=\"column\">\n\t\t\t<div class=\"elementor-widget-wrap elementor-element-populated\">\n\t\t\t\t\t\t<div class=\"elementor-element elementor-element-d26eaee elementor-widget elementor-widget-hoteller-gallery-horizontal\" data-id=\"d26eaee\" data-element_type=\"widget\" data-e-type=\"widget\" data-widget_type=\"hoteller-gallery-horizontal.default\">\n\t\t\t\t<div class=\"elementor-widget-container\">\n\t\t\t\t\t<div class=\"tg_horizontal_gallery_wrapper\" data-autoplay=\"0\" data-loop=\"0\" data-navigation=\"1\" data-pagination=\"1\" data-parallax=\"1\" data-fullscreen=\"0\">\n\t\t<div class=\"tg_horizontal_gallery_cell\" style=\"margin-right:5px\">\n\t\t\t\t\t\t<img class=\"tg_horizontal_gallery_cell_img\" data-flickity-lazyload=\"https:\/\/www.palaciodeolza.es\/wp-content\/uploads\/2020\/11\/comedor-palacio-olza-1024x682.jpg\" alt=\"\" style=\"height:700px;\" \/>\n\t\t\t\t\t<\/div>\n\t\t<div class=\"tg_horizontal_gallery_cell\" style=\"margin-right:5px\">\n\t\t\t\t\t\t<img class=\"tg_horizontal_gallery_cell_img\" data-flickity-lazyload=\"https:\/\/www.palaciodeolza.es\/wp-content\/uploads\/2020\/03\/ZONA-COMUN_1-1024x682-1024x682.png\" alt=\"\" style=\"height:700px;\" \/>\n\t\t\t\t\t<\/div>\n\t\t<div class=\"tg_horizontal_gallery_cell\" style=\"margin-right:5px\">\n\t\t\t\t\t\t<img class=\"tg_horizontal_gallery_cell_img\" data-flickity-lazyload=\"https:\/\/www.palaciodeolza.es\/wp-content\/uploads\/2020\/05\/frigorificos-palacio-de-olz-683x1024.jpg\" alt=\"\" style=\"height:700px;\" \/>\n\t\t\t\t\t<\/div>\n\t\t<div class=\"tg_horizontal_gallery_cell\" style=\"margin-right:5px\">\n\t\t\t\t\t\t<img class=\"tg_horizontal_gallery_cell_img\" data-flickity-lazyload=\"https:\/\/www.palaciodeolza.es\/wp-content\/uploads\/2020\/05\/tronas-palacio-de-olza-1024x683.jpg\" alt=\"\" style=\"height:700px;\" \/>\n\t\t\t\t\t<\/div>\n\t\t<div class=\"tg_horizontal_gallery_cell\" style=\"margin-right:5px\">\n\t\t\t\t\t\t<img class=\"tg_horizontal_gallery_cell_img\" data-flickity-lazyload=\"https:\/\/www.palaciodeolza.es\/wp-content\/uploads\/2020\/03\/ZONA-COMUN_1-1024x682_2-1024x682.png\" alt=\"\" style=\"height:700px;\" \/>\n\t\t\t\t\t<\/div>\n\t\t<div class=\"tg_horizontal_gallery_cell\" style=\"margin-right:5px\">\n\t\t\t\t\t\t<img class=\"tg_horizontal_gallery_cell_img\" data-flickity-lazyload=\"https:\/\/www.palaciodeolza.es\/wp-content\/uploads\/2020\/10\/salon-palacio-de-olza-1024x682.jpg\" alt=\"\" style=\"height:700px;\" \/>\n\t\t\t\t\t<\/div>\n\t\t<div class=\"tg_horizontal_gallery_cell\" style=\"margin-right:5px\">\n\t\t\t\t\t\t<img class=\"tg_horizontal_gallery_cell_img\" data-flickity-lazyload=\"https:\/\/www.palaciodeolza.es\/wp-content\/uploads\/2020\/06\/IMG_5449-1024x687.jpg\" alt=\"\" style=\"height:700px;\" \/>\n\t\t\t\t\t<\/div>\n\t\t<div class=\"tg_horizontal_gallery_cell\" style=\"margin-right:5px\">\n\t\t\t\t\t\t<img class=\"tg_horizontal_gallery_cell_img\" data-flickity-lazyload=\"https:\/\/www.palaciodeolza.es\/wp-content\/uploads\/2022\/02\/olza-porteria-1024x682.jpg\" alt=\"\" style=\"height:700px;\" \/>\n\t\t\t\t\t<\/div>\n\t\t<div class=\"tg_horizontal_gallery_cell\" style=\"margin-right:5px\">\n\t\t\t\t\t\t<img class=\"tg_horizontal_gallery_cell_img\" data-flickity-lazyload=\"https:\/\/www.palaciodeolza.es\/wp-content\/uploads\/2020\/09\/futbolin-1024x682.jpg\" alt=\"\" style=\"height:700px;\" \/>\n\t\t\t\t\t<\/div>\n\t\t<div class=\"tg_horizontal_gallery_cell\" style=\"margin-right:5px\">\n\t\t\t\t\t\t<img class=\"tg_horizontal_gallery_cell_img\" data-flickity-lazyload=\"https:\/\/www.palaciodeolza.es\/wp-content\/uploads\/2022\/02\/bajocubierta-olza-1024x682.jpg\" alt=\"\" style=\"height:700px;\" \/>\n\t\t\t\t\t<\/div>\n\t\t<div class=\"tg_horizontal_gallery_cell\" style=\"margin-right:5px\">\n\t\t\t\t\t\t<img class=\"tg_horizontal_gallery_cell_img\" data-flickity-lazyload=\"https:\/\/www.palaciodeolza.es\/wp-content\/uploads\/2022\/02\/cine-olza-1024x682.jpg\" alt=\"\" style=\"height:700px;\" \/>\n\t\t\t\t\t<\/div>\n\t\t<div class=\"tg_horizontal_gallery_cell\" style=\"margin-right:5px\">\n\t\t\t\t\t\t<img class=\"tg_horizontal_gallery_cell_img\" data-flickity-lazyload=\"https:\/\/www.palaciodeolza.es\/wp-content\/uploads\/2020\/08\/foto-juegos-1024x683.jpg\" alt=\"\" style=\"height:700px;\" \/>\n\t\t\t\t\t<\/div>\n\t\t<div class=\"tg_horizontal_gallery_cell\" style=\"margin-right:5px\">\n\t\t\t\t\t\t<img class=\"tg_horizontal_gallery_cell_img\" data-flickity-lazyload=\"https:\/\/www.palaciodeolza.es\/wp-content\/uploads\/2020\/08\/foto-cuna-1024x683.jpg\" alt=\"\" style=\"height:700px;\" \/>\n\t\t\t\t\t<\/div>\n\t\t<div class=\"tg_horizontal_gallery_cell\" style=\"margin-right:5px\">\n\t\t\t\t\t\t<img class=\"tg_horizontal_gallery_cell_img\" data-flickity-lazyload=\"https:\/\/www.palaciodeolza.es\/wp-content\/uploads\/2020\/08\/foto-barrerita-1024x683.jpg\" alt=\"\" style=\"height:700px;\" \/>\n\t\t\t\t\t<\/div>\n\t\t<div class=\"tg_horizontal_gallery_cell\" style=\"margin-right:5px\">\n\t\t\t\t\t\t<img class=\"tg_horizontal_gallery_cell_img\" data-flickity-lazyload=\"https:\/\/www.palaciodeolza.es\/wp-content\/uploads\/2020\/06\/habitacion10-1024x682.jpg\" alt=\"\" style=\"height:700px;\" \/>\n\t\t\t\t\t<\/div>\n\t\t<div class=\"tg_horizontal_gallery_cell\" style=\"margin-right:5px\">\n\t\t\t\t\t\t<img class=\"tg_horizontal_gallery_cell_img\" data-flickity-lazyload=\"https:\/\/www.palaciodeolza.es\/wp-content\/uploads\/2020\/05\/ascensor-palacio-de-olza-1024x683.jpg\" alt=\"\" style=\"height:700px;\" \/>\n\t\t\t\t\t<\/div>\n\t\t<div class=\"tg_horizontal_gallery_cell\" style=\"margin-right:5px\">\n\t\t\t\t\t\t<img class=\"tg_horizontal_gallery_cell_img\" data-flickity-lazyload=\"https:\/\/www.palaciodeolza.es\/wp-content\/uploads\/2020\/09\/columpios-1024x682.jpg\" alt=\"\" style=\"height:700px;\" \/>\n\t\t\t\t\t<\/div>\n\t\t<div class=\"tg_horizontal_gallery_cell\" style=\"margin-right:5px\">\n\t\t\t\t\t\t<img class=\"tg_horizontal_gallery_cell_img\" data-flickity-lazyload=\"https:\/\/www.palaciodeolza.es\/wp-content\/uploads\/2020\/09\/fronton-1024x682.jpg\" alt=\"\" style=\"height:700px;\" \/>\n\t\t\t\t\t<\/div>\n\t\t<div class=\"tg_horizontal_gallery_cell\" style=\"margin-right:5px\">\n\t\t\t\t\t\t<img class=\"tg_horizontal_gallery_cell_img\" data-flickity-lazyload=\"https:\/\/www.palaciodeolza.es\/wp-content\/uploads\/2020\/09\/gimnasio-1024x682.jpg\" alt=\"\" style=\"height:700px;\" \/>\n\t\t\t\t\t<\/div>\n\t\t<div class=\"tg_horizontal_gallery_cell\" style=\"margin-right:5px\">\n\t\t\t\t\t\t<img class=\"tg_horizontal_gallery_cell_img\" data-flickity-lazyload=\"https:\/\/www.palaciodeolza.es\/wp-content\/uploads\/2020\/11\/bosque-olza1-1024x682.jpg\" alt=\"\" style=\"height:700px;\" \/>\n\t\t\t\t\t<\/div>\n<\/div>\n\t\t\t\t<\/div>\n\t\t\t\t<\/div>\n\t\t\t\t<div class=\"elementor-element elementor-element-d156b25 elementor-hidden-desktop elementor-hidden-tablet elementor-hidden-phone elementor-widget elementor-widget-heading\" data-id=\"d156b25\" data-element_type=\"widget\" data-e-type=\"widget\" data-widget_type=\"heading.default\">\n\t\t\t\t<div class=\"elementor-widget-container\">\n\t\t\t\t\t<h2 class=\"elementor-heading-title elementor-size-default\">Salles de bain<\/h2>\t\t\t\t<\/div>\n\t\t\t\t<\/div>\n\t\t\t\t<div class=\"elementor-element elementor-element-f031ee0 elementor-hidden-desktop elementor-hidden-tablet elementor-hidden-phone elementor-widget elementor-widget-hoteller-gallery-horizontal\" data-id=\"f031ee0\" data-element_type=\"widget\" data-e-type=\"widget\" data-widget_type=\"hoteller-gallery-horizontal.default\">\n\t\t\t\t<div class=\"elementor-widget-container\">\n\t\t\t\t\t<div class=\"tg_horizontal_gallery_wrapper\" data-autoplay=\"8000\" data-loop=\"1\" data-navigation=\"1\" data-pagination=\"1\" data-parallax=\"1\" data-fullscreen=\"0\">\n\t\t<div class=\"tg_horizontal_gallery_cell\" style=\"margin-right:5px\">\n\t\t\t\t\t\t<img class=\"tg_horizontal_gallery_cell_img\" data-flickity-lazyload=\"https:\/\/www.palaciodeolza.es\/wp-content\/uploads\/2020\/03\/BA\u00d1O_1-1024x682.jpg\" alt=\"\" style=\"height:700px;\" \/>\n\t\t\t\t\t<\/div>\n\t\t<div class=\"tg_horizontal_gallery_cell\" style=\"margin-right:5px\">\n\t\t\t\t\t\t<img class=\"tg_horizontal_gallery_cell_img\" data-flickity-lazyload=\"https:\/\/www.palaciodeolza.es\/wp-content\/uploads\/2020\/03\/BA\u00d1O_2-1024x682.jpg\" alt=\"\" style=\"height:700px;\" \/>\n\t\t\t\t\t<\/div>\n\t\t<div class=\"tg_horizontal_gallery_cell\" style=\"margin-right:5px\">\n\t\t\t\t\t\t<img class=\"tg_horizontal_gallery_cell_img\" data-flickity-lazyload=\"https:\/\/www.palaciodeolza.es\/wp-content\/uploads\/2020\/03\/BA\u00d1O_3-1024x682.jpg\" alt=\"\" style=\"height:700px;\" \/>\n\t\t\t\t\t<\/div>\n\t\t<div class=\"tg_horizontal_gallery_cell\" style=\"margin-right:5px\">\n\t\t\t\t\t\t<img class=\"tg_horizontal_gallery_cell_img\" data-flickity-lazyload=\"https:\/\/www.palaciodeolza.es\/wp-content\/uploads\/2020\/03\/BA\u00d1O_4-1024x682.jpg\" alt=\"\" style=\"height:700px;\" \/>\n\t\t\t\t\t<\/div>\n\t\t<div class=\"tg_horizontal_gallery_cell\" style=\"margin-right:5px\">\n\t\t\t\t\t\t<img class=\"tg_horizontal_gallery_cell_img\" data-flickity-lazyload=\"https:\/\/www.palaciodeolza.es\/wp-content\/uploads\/2020\/03\/BA\u00d1O_5-1024x682.jpg\" alt=\"\" style=\"height:700px;\" \/>\n\t\t\t\t\t<\/div>\n\t\t<div class=\"tg_horizontal_gallery_cell\" style=\"margin-right:5px\">\n\t\t\t\t\t\t<img class=\"tg_horizontal_gallery_cell_img\" data-flickity-lazyload=\"https:\/\/www.palaciodeolza.es\/wp-content\/uploads\/2020\/03\/BA\u00d1O_6-1024x682.jpg\" alt=\"\" style=\"height:700px;\" \/>\n\t\t\t\t\t<\/div>\n\t\t<div class=\"tg_horizontal_gallery_cell\" style=\"margin-right:5px\">\n\t\t\t\t\t\t<img class=\"tg_horizontal_gallery_cell_img\" data-flickity-lazyload=\"https:\/\/www.palaciodeolza.es\/wp-content\/uploads\/2020\/03\/BA\u00d1O_7-1024x682.jpg\" alt=\"\" style=\"height:700px;\" \/>\n\t\t\t\t\t<\/div>\n\t\t<div class=\"tg_horizontal_gallery_cell\" style=\"margin-right:5px\">\n\t\t\t\t\t\t<img class=\"tg_horizontal_gallery_cell_img\" data-flickity-lazyload=\"https:\/\/www.palaciodeolza.es\/wp-content\/uploads\/2020\/03\/BA\u00d1O_8-1024x682.jpg\" alt=\"\" style=\"height:700px;\" \/>\n\t\t\t\t\t<\/div>\n\t\t<div class=\"tg_horizontal_gallery_cell\" style=\"margin-right:5px\">\n\t\t\t\t\t\t<img class=\"tg_horizontal_gallery_cell_img\" data-flickity-lazyload=\"https:\/\/www.palaciodeolza.es\/wp-content\/uploads\/2020\/03\/BA\u00d1O_9-1024x682.jpg\" alt=\"\" style=\"height:700px;\" \/>\n\t\t\t\t\t<\/div>\n<\/div>\n\t\t\t\t<\/div>\n\t\t\t\t<\/div>\n\t\t\t\t\t<\/div>\n\t\t<\/div>\n\t\t\t\t\t<\/div>\n\t\t<\/section>\n\t\t\t\t<section class=\"elementor-section elementor-top-section elementor-element elementor-element-7fd9fc3 elementor-hidden-desktop elementor-hidden-tablet elementor-hidden-phone elementor-section-boxed elementor-section-height-default elementor-section-height-default\" data-id=\"7fd9fc3\" data-element_type=\"section\" data-e-type=\"section\">\n\t\t\t\t\t\t<div class=\"elementor-container elementor-column-gap-extended\">\n\t\t\t\t\t<div class=\"elementor-column elementor-col-16 elementor-top-column elementor-element elementor-element-ae5183e\" data-id=\"ae5183e\" data-element_type=\"column\" data-e-type=\"column\">\n\t\t\t<div class=\"elementor-widget-wrap\">\n\t\t\t\t\t\t\t<\/div>\n\t\t<\/div>\n\t\t\t\t<div class=\"elementor-column elementor-col-66 elementor-top-column elementor-element elementor-element-35c9af9\" data-id=\"35c9af9\" data-element_type=\"column\" data-e-type=\"column\">\n\t\t\t<div class=\"elementor-widget-wrap elementor-element-populated\">\n\t\t\t\t\t\t<div class=\"elementor-element elementor-element-48b72008 elementor-widget elementor-widget-shortcode\" data-id=\"48b72008\" data-element_type=\"widget\" data-e-type=\"widget\" data-widget_type=\"shortcode.default\">\n\t\t\t\t<div class=\"elementor-widget-container\">\n\t\t\t\t\t\t\t<div class=\"elementor-shortcode\"><div class=\"mphb_sc_search-wrapper \">\n<form method=\"GET\" class=\"mphb_sc_search-form\" action=\"https:\/\/www.palaciodeolza.es\/fr\/resultats-de-recherche\/\" data-first_available_check_in_date=\"2027-05-10\">\n\n\t<p class = \"mphb-required-fields-tip\">\n\t<small>\n\t\tLes champs obligatoires sont suivis de\t\t<abbr title=\"required\">*<\/abbr>\n\t<\/small>\n<\/p>\n\n\t<p class=\"mphb_sc_search-check-in-date\">\n\t\t<label for=\"mphb_check_in_date-mphb-search-form-69fb49b5428fd\">\n\t\t\tArriv\u00e9e\t\t\t<abbr title=\"Format\u00e9 comme dd\/mm\/yyyy\">*<\/abbr>\n\t\t<\/label>\n\t\t<br \/>\n\t\t<input\n\t\t\tid=\"mphb_check_in_date-mphb-search-form-69fb49b5428fd\"\n\t\t\tdata-datepick-group=\"mphb-search-form-69fb49b5428fd\"\n\t\t\tvalue=\"\"\n\t\t\tplaceholder=\"Date d&#039;arriv\u00e9e\"\n\t\t\trequired=\"required\"\n\t\t\ttype=\"text\"\n\t\t\tinputmode=\"none\"\n\t\t\tname=\"mphb_check_in_date\"\n\t\t\tclass=\"mphb-datepick\"\n\t\t\tautocomplete=\"off\"\n\t\t\t\/>\n\t<\/p>\n\n\t<p class=\"mphb_sc_search-check-out-date\">\n\t\t<label for=\"mphb_check_out_date-mphb-search-form-69fb49b5428fd\">\n\t\t\tD\u00e9part\t\t\t<abbr title=\"Format\u00e9 comme dd\/mm\/yyyy\">*<\/abbr>\n\t\t<\/label>\n\t\t<br \/>\n\t\t<input\n\t\t\tid=\"mphb_check_out_date-mphb-search-form-69fb49b5428fd\"\n\t\t\tdata-datepick-group=\"mphb-search-form-69fb49b5428fd\"\n\t\t\tvalue=\"\"\n\t\t\tplaceholder=\"Date de d\u00e9part\"\n\t\t\trequired=\"required\"\n\t\t\ttype=\"text\"\n\t\t\tinputmode=\"none\"\n\t\t\tname=\"mphb_check_out_date\"\n\t\t\tclass=\"mphb-datepick\"\n\t\t\tautocomplete=\"off\"\n\t\t\t\/>\n\t<\/p>\n\n\t\t\t<input type=\"hidden\" id=\"mphb_adults-mphb-search-form-69fb49b5428fd\" name=\"mphb_adults\" value=\"1\" \/>\n\t\n\t\t\t<input type=\"hidden\" id=\"mphb_children-mphb-search-form-69fb49b5428fd\" name=\"mphb_children\" value=\"0\" \/>\n\t\n\t\n\t\n\t<input id=\"mphb_check_in_date-mphb-search-form-69fb49b5428fd-hidden\" value=\"\" type=\"hidden\" name=\"mphb_check_in_date\" \/><input id=\"mphb_check_out_date-mphb-search-form-69fb49b5428fd-hidden\" value=\"\" type=\"hidden\" name=\"mphb_check_out_date\" \/>\n\t<p class=\"mphb_sc_search-submit-button-wrapper\">\n\t\t<input type=\"submit\" class=\"button\" value=\"Chercher\"\/>\n\t<\/p>\n\n\t\n<\/form>\n<\/div><\/div>\n\t\t\t\t\t\t<\/div>\n\t\t\t\t<\/div>\n\t\t\t\t\t<\/div>\n\t\t<\/div>\n\t\t\t\t<div class=\"elementor-column elementor-col-16 elementor-top-column elementor-element elementor-element-7e294a2\" data-id=\"7e294a2\" data-element_type=\"column\" data-e-type=\"column\">\n\t\t\t<div class=\"elementor-widget-wrap\">\n\t\t\t\t\t\t\t<\/div>\n\t\t<\/div>\n\t\t\t\t\t<\/div>\n\t\t<\/section>\n\t\t\t\t<\/div>\n\t\t","protected":false},"excerpt":{"rendered":"<p>FAMILLES Nous aimons les familles Palacio de Olza a \u00e9t\u00e9 pens\u00e9 pour accueillir de grandes familles\u00a0: des b\u00e9b\u00e9s aux s\u00e9niors, tout le monde y trouvera son compte.\u00a0 Remise: \u00a0Si une famille nombreuse fait partie des h\u00f4tes, nous offrons 10\u00a0% de [&hellip;]<\/p>\n","protected":false},"author":1,"featured_media":6359,"parent":0,"menu_order":0,"comment_status":"closed","ping_status":"closed","template":"","meta":{"footnotes":""},"class_list":["post-6358","page","type-page","status-publish","has-post-thumbnail","hentry"],"aioseo_notices":[],"_links":{"self":[{"href":"https:\/\/www.palaciodeolza.es\/fr\/wp-json\/wp\/v2\/pages\/6358","targetHints":{"allow":["GET"]}}],"collection":[{"href":"https:\/\/www.palaciodeolza.es\/fr\/wp-json\/wp\/v2\/pages"}],"about":[{"href":"https:\/\/www.palaciodeolza.es\/fr\/wp-json\/wp\/v2\/types\/page"}],"author":[{"embeddable":true,"href":"https:\/\/www.palaciodeolza.es\/fr\/wp-json\/wp\/v2\/users\/1"}],"replies":[{"embeddable":true,"href":"https:\/\/www.palaciodeolza.es\/fr\/wp-json\/wp\/v2\/comments?post=6358"}],"version-history":[{"count":28,"href":"https:\/\/www.palaciodeolza.es\/fr\/wp-json\/wp\/v2\/pages\/6358\/revisions"}],"predecessor-version":[{"id":15980,"href":"https:\/\/www.palaciodeolza.es\/fr\/wp-json\/wp\/v2\/pages\/6358\/revisions\/15980"}],"wp:featuredmedia":[{"embeddable":true,"href":"https:\/\/www.palaciodeolza.es\/fr\/wp-json\/wp\/v2\/media\/6359"}],"wp:attachment":[{"href":"https:\/\/www.palaciodeolza.es\/fr\/wp-json\/wp\/v2\/media?parent=6358"}],"curies":[{"name":"wp","href":"https:\/\/api.w.org\/{rel}","templated":true}]}}