{"id":6377,"date":"2020-07-01T11:57:36","date_gmt":"2020-07-01T09:57:36","guid":{"rendered":"https:\/\/www.palaciodeolza.es\/covid-19\/"},"modified":"2022-11-20T09:26:59","modified_gmt":"2022-11-20T08:26:59","slug":"covid-19","status":"publish","type":"page","link":"https:\/\/www.palaciodeolza.es\/fr\/covid-19\/","title":{"rendered":"Hygi\u00e8ne Covid-19"},"content":{"rendered":"\t\t<div data-elementor-type=\"wp-page\" data-elementor-id=\"6377\" class=\"elementor elementor-6377 elementor-5948\" data-elementor-post-type=\"page\">\n\t\t\t\t\t\t<section class=\"elementor-section elementor-top-section elementor-element elementor-element-957bc0a elementor-section-boxed elementor-section-height-default elementor-section-height-default\" data-id=\"957bc0a\" data-element_type=\"section\" data-e-type=\"section\">\n\t\t\t\t\t\t<div class=\"elementor-container elementor-column-gap-default\">\n\t\t\t\t\t<div class=\"elementor-column elementor-col-100 elementor-top-column elementor-element elementor-element-8dcdc21\" data-id=\"8dcdc21\" data-element_type=\"column\" data-e-type=\"column\">\n\t\t\t<div class=\"elementor-widget-wrap elementor-element-populated\">\n\t\t\t\t\t\t<div class=\"elementor-element elementor-element-e5dbab1 elementor-widget elementor-widget-heading\" data-id=\"e5dbab1\" data-element_type=\"widget\" data-e-type=\"widget\" data-widget_type=\"heading.default\">\n\t\t\t\t<div class=\"elementor-widget-container\">\n\t\t\t\t\t<h2 class=\"elementor-heading-title elementor-size-default\">MESURES D\u2019HYGI\u00c8NE CONTRE LE COVID-19<\/h2>\t\t\t\t<\/div>\n\t\t\t\t<\/div>\n\t\t\t\t\t<\/div>\n\t\t<\/div>\n\t\t\t\t\t<\/div>\n\t\t<\/section>\n\t\t\t\t<section class=\"elementor-section elementor-top-section elementor-element elementor-element-ad83284 elementor-section-boxed elementor-section-height-default elementor-section-height-default\" data-id=\"ad83284\" data-element_type=\"section\" data-e-type=\"section\">\n\t\t\t\t\t\t<div class=\"elementor-container elementor-column-gap-default\">\n\t\t\t\t\t<div class=\"elementor-column elementor-col-100 elementor-top-column elementor-element elementor-element-9f6dc19\" data-id=\"9f6dc19\" data-element_type=\"column\" data-e-type=\"column\">\n\t\t\t<div class=\"elementor-widget-wrap elementor-element-populated\">\n\t\t\t\t\t\t<div class=\"elementor-element elementor-element-59bef58 elementor-widget elementor-widget-text-editor\" data-id=\"59bef58\" data-element_type=\"widget\" data-e-type=\"widget\" data-widget_type=\"text-editor.default\">\n\t\t\t\t<div class=\"elementor-widget-container\">\n\t\t\t\t\t\t\t\t\t<p>Pour lutter contre la pand\u00e9mie du virus Covid-19, \u00e0 Palacio de Olza, nous avons renforc\u00e9 les mesures d\u2019hygi\u00e8ne mises en place:<br \/><b><br \/>AVANT VOTRE ARRIV\u00c9E:<\/b><br \/>&#8211; L\u2019ensemble du b\u00e2timent est d\u00e9sinfect\u00e9 avec des gants et des masques \u00e0 usage unique et des produits d\u00e9sinfectants conformes \u00e0 la norme <a href=\"https:\/\/www.mscbs.gob.es\/en\/profesionales\/saludPublica\/ccayes\/alertasActual\/nCov-China\/documentos\/Listado_virucidas.pdf\">UNE-EN 14476<\/a>.<span style=\"font-family: Heebo, sans-serif; font-size: 14px; font-style: normal; font-weight: 400;\"> Les poign\u00e9es des portes, les interrupteurs, les boutons de l\u2019ascenseur, la t\u00e9l\u00e9commande, les rampes et les clefs sont scrupuleusement d\u00e9sinfect\u00e9s.<\/span><br \/>&#8211; Les serviettes et les nappes sont lav\u00e9es \u00e0 60\u00ba\u00a0C et les draps \u00e0 plus de 60\u00ba C en blanchisserie.<br \/>&#8211; Le nettoyage \u00e0 l\u2019eau de javel est renforc\u00e9 dans les salles de bain, la cuisine et le sol du salon.<br \/>&#8211; Les couverts, les verres et la vaisselle sont toujours lav\u00e9s en lave-vaisselle \u00e0 haute temp\u00e9rature.<br \/><span style=\"font-family: Heebo, sans-serif; font-size: 14px; font-style: normal; font-weight: 400;\">&#8211; Les articles sensibles (comme les cintres et les coussins du salon) sont altern\u00e9s.<br \/>&#8211; Un d\u00e9lai minimum de 24\u00a0heures est laiss\u00e9 entre chaque groupe d\u2019h\u00f4tes.<\/span><br \/>&#8211; La maison est ventil\u00e9e plus longtemps.\u00a0 <\/p>\n<p><b>NOTRE ENGAGEMENT EN MATI\u00c8RE DE NETTOYAGE\u00a0:<\/b><br \/>1. Nous pr\u00e9parons le mat\u00e9riel dont nous allons avoir besoin avant de commencer.<br \/>2. Nous nettoyons toutes les surfaces pour \u00e9liminer la poussi\u00e8re et toute trace de salet\u00e9.<br \/>3. Nous d\u00e9sinfectons les zones de contact fr\u00e9quentes, les appareils \u00e9lectrom\u00e9nagers et les \u00e9quipements \u00e9lectroniques.<br \/>4. Nous v\u00e9rifions que l\u2019espace est parfaitement propre et d\u00e9sinfect\u00e9.<br \/>5. Nous pr\u00e9parons tout pour les h\u00f4tes suivants et rempla\u00e7ons les produits qui ont \u00e9t\u00e9 utilis\u00e9s.<\/p>\n<p><b>VOTRE ENGAGEMENT:<\/b><br \/>\u00c0 l\u2019heure actuelle, Palacio de Olza peut \u00eatre lou\u00e9, pour un maximum de 31\u00a0personnes\u00a0; les h\u00f4tes doivent toutefois s\u2019engager \u00e0 respecter les r\u00e8gles en mati\u00e8re de r\u00e9union d\u00e9finies par le gouvernement r\u00e9gional de Navarre\u00a0:<br \/>&#8211; Interdiction d\u2019organiser des f\u00eates\u00a0;<br \/>&#8211; Maximum de 24\u00a0personnes pr\u00e9sentes simultan\u00e9ment dans le salon, et en maintenant les distances de s\u00e9curit\u00e9.<br \/><span style=\"font-size: 14px; letter-spacing: 0px;\">&#8211; 1,5\u00a0m de distance entre les personnes, port du masque obligatoire et lavage des mains fr\u00e9quent.<br \/>&#8211; Maximum de six personnes par table au moment des repas.<\/span><\/p>\n<p><span style=\"font-size: 14px; letter-spacing: 0px;\">\u00c0 l\u2019heure actuelle, il est recommand\u00e9 aux personnes de limiter les rencontres sociales hors de leurs unit\u00e9s familiales stables. En cas de restriction, il est possible d\u2019annuler \u00e0 tout moment sans frais. Palacio de Olza se r\u00e9serve le droit d\u2019annuler un s\u00e9jour si l\u2019organisation consid\u00e8re qu\u2019il existe un risque en termes de contr\u00f4le du virus.\u00a0 <\/span><\/p>\n\t\t\t\t\t\t\t\t<\/div>\n\t\t\t\t<\/div>\n\t\t\t\t\t<\/div>\n\t\t<\/div>\n\t\t\t\t\t<\/div>\n\t\t<\/section>\n\t\t\t\t<section class=\"elementor-section elementor-top-section elementor-element elementor-element-5241ceab elementor-hidden-desktop elementor-hidden-tablet elementor-hidden-phone elementor-section-boxed elementor-section-height-default elementor-section-height-default\" data-id=\"5241ceab\" data-element_type=\"section\" data-e-type=\"section\">\n\t\t\t\t\t\t<div class=\"elementor-container elementor-column-gap-extended\">\n\t\t\t\t\t<div class=\"elementor-column elementor-col-16 elementor-top-column elementor-element elementor-element-142d93b0\" data-id=\"142d93b0\" data-element_type=\"column\" data-e-type=\"column\">\n\t\t\t<div class=\"elementor-widget-wrap\">\n\t\t\t\t\t\t\t<\/div>\n\t\t<\/div>\n\t\t\t\t<div class=\"elementor-column elementor-col-66 elementor-top-column elementor-element elementor-element-2917cdba\" data-id=\"2917cdba\" data-element_type=\"column\" data-e-type=\"column\">\n\t\t\t<div class=\"elementor-widget-wrap elementor-element-populated\">\n\t\t\t\t\t\t<div class=\"elementor-element elementor-element-d93cb57 elementor-widget elementor-widget-shortcode\" data-id=\"d93cb57\" data-element_type=\"widget\" data-e-type=\"widget\" data-widget_type=\"shortcode.default\">\n\t\t\t\t<div class=\"elementor-widget-container\">\n\t\t\t\t\t\t\t<div class=\"elementor-shortcode\"><div class=\"mphb_sc_search-wrapper \">\n<form method=\"GET\" class=\"mphb_sc_search-form\" action=\"https:\/\/www.palaciodeolza.es\/fr\/resultats-de-recherche\/\" data-first_available_check_in_date=\"2027-05-03\">\n\n\t<p class = \"mphb-required-fields-tip\">\n\t<small>\n\t\tLes champs obligatoires sont suivis de\t\t<abbr title=\"required\">*<\/abbr>\n\t<\/small>\n<\/p>\n\n\t<p class=\"mphb_sc_search-check-in-date\">\n\t\t<label for=\"mphb_check_in_date-mphb-search-form-69f17638005bd\">\n\t\t\tArriv\u00e9e\t\t\t<abbr title=\"Format\u00e9 comme dd\/mm\/yyyy\">*<\/abbr>\n\t\t<\/label>\n\t\t<br \/>\n\t\t<input\n\t\t\tid=\"mphb_check_in_date-mphb-search-form-69f17638005bd\"\n\t\t\tdata-datepick-group=\"mphb-search-form-69f17638005bd\"\n\t\t\tvalue=\"\"\n\t\t\tplaceholder=\"Date d&#039;arriv\u00e9e\"\n\t\t\trequired=\"required\"\n\t\t\ttype=\"text\"\n\t\t\tinputmode=\"none\"\n\t\t\tname=\"mphb_check_in_date\"\n\t\t\tclass=\"mphb-datepick\"\n\t\t\tautocomplete=\"off\"\n\t\t\t\/>\n\t<\/p>\n\n\t<p class=\"mphb_sc_search-check-out-date\">\n\t\t<label for=\"mphb_check_out_date-mphb-search-form-69f17638005bd\">\n\t\t\tD\u00e9part\t\t\t<abbr title=\"Format\u00e9 comme dd\/mm\/yyyy\">*<\/abbr>\n\t\t<\/label>\n\t\t<br \/>\n\t\t<input\n\t\t\tid=\"mphb_check_out_date-mphb-search-form-69f17638005bd\"\n\t\t\tdata-datepick-group=\"mphb-search-form-69f17638005bd\"\n\t\t\tvalue=\"\"\n\t\t\tplaceholder=\"Date de d\u00e9part\"\n\t\t\trequired=\"required\"\n\t\t\ttype=\"text\"\n\t\t\tinputmode=\"none\"\n\t\t\tname=\"mphb_check_out_date\"\n\t\t\tclass=\"mphb-datepick\"\n\t\t\tautocomplete=\"off\"\n\t\t\t\/>\n\t<\/p>\n\n\t\t\t<input type=\"hidden\" id=\"mphb_adults-mphb-search-form-69f17638005bd\" name=\"mphb_adults\" value=\"1\" \/>\n\t\n\t\t\t<input type=\"hidden\" id=\"mphb_children-mphb-search-form-69f17638005bd\" name=\"mphb_children\" value=\"0\" \/>\n\t\n\t\n\t\n\t<input id=\"mphb_check_in_date-mphb-search-form-69f17638005bd-hidden\" value=\"\" type=\"hidden\" name=\"mphb_check_in_date\" \/><input id=\"mphb_check_out_date-mphb-search-form-69f17638005bd-hidden\" value=\"\" type=\"hidden\" name=\"mphb_check_out_date\" \/>\n\t<p class=\"mphb_sc_search-submit-button-wrapper\">\n\t\t<input type=\"submit\" class=\"button\" value=\"Chercher\"\/>\n\t<\/p>\n\n\t\n<\/form>\n<\/div><\/div>\n\t\t\t\t\t\t<\/div>\n\t\t\t\t<\/div>\n\t\t\t\t\t<\/div>\n\t\t<\/div>\n\t\t\t\t<div class=\"elementor-column elementor-col-16 elementor-top-column elementor-element elementor-element-33f37695\" data-id=\"33f37695\" data-element_type=\"column\" data-e-type=\"column\">\n\t\t\t<div class=\"elementor-widget-wrap\">\n\t\t\t\t\t\t\t<\/div>\n\t\t<\/div>\n\t\t\t\t\t<\/div>\n\t\t<\/section>\n\t\t\t\t<\/div>\n\t\t","protected":false},"excerpt":{"rendered":"<p>MESURES D\u2019HYGI\u00c8NE CONTRE LE COVID-19 Pour lutter contre la pand\u00e9mie du virus Covid-19, \u00e0 Palacio de Olza, nous avons renforc\u00e9 les mesures d\u2019hygi\u00e8ne mises en place:AVANT VOTRE ARRIV\u00c9E:&#8211; L\u2019ensemble du b\u00e2timent est d\u00e9sinfect\u00e9 avec des gants et des masques \u00e0 [&hellip;]<\/p>\n","protected":false},"author":1,"featured_media":0,"parent":0,"menu_order":0,"comment_status":"closed","ping_status":"closed","template":"","meta":{"footnotes":""},"class_list":["post-6377","page","type-page","status-publish","hentry"],"aioseo_notices":[],"_links":{"self":[{"href":"https:\/\/www.palaciodeolza.es\/fr\/wp-json\/wp\/v2\/pages\/6377","targetHints":{"allow":["GET"]}}],"collection":[{"href":"https:\/\/www.palaciodeolza.es\/fr\/wp-json\/wp\/v2\/pages"}],"about":[{"href":"https:\/\/www.palaciodeolza.es\/fr\/wp-json\/wp\/v2\/types\/page"}],"author":[{"embeddable":true,"href":"https:\/\/www.palaciodeolza.es\/fr\/wp-json\/wp\/v2\/users\/1"}],"replies":[{"embeddable":true,"href":"https:\/\/www.palaciodeolza.es\/fr\/wp-json\/wp\/v2\/comments?post=6377"}],"version-history":[{"count":8,"href":"https:\/\/www.palaciodeolza.es\/fr\/wp-json\/wp\/v2\/pages\/6377\/revisions"}],"predecessor-version":[{"id":6631,"href":"https:\/\/www.palaciodeolza.es\/fr\/wp-json\/wp\/v2\/pages\/6377\/revisions\/6631"}],"wp:attachment":[{"href":"https:\/\/www.palaciodeolza.es\/fr\/wp-json\/wp\/v2\/media?parent=6377"}],"curies":[{"name":"wp","href":"https:\/\/api.w.org\/{rel}","templated":true}]}}