{"id":6379,"date":"2019-11-14T15:34:35","date_gmt":"2019-11-14T14:34:35","guid":{"rendered":"https:\/\/www.palaciodeolza.es\/aviso-legal\/"},"modified":"2023-08-18T15:36:16","modified_gmt":"2023-08-18T13:36:16","slug":"avertissement-legal","status":"publish","type":"page","link":"https:\/\/www.palaciodeolza.es\/fr\/avertissement-legal\/","title":{"rendered":"Avertissement l\u00e9gal"},"content":{"rendered":"\t\t<div data-elementor-type=\"wp-page\" data-elementor-id=\"6379\" class=\"elementor elementor-6379 elementor-3074\" data-elementor-post-type=\"page\">\n\t\t\t\t\t\t<section class=\"elementor-section elementor-top-section elementor-element elementor-element-0dcdd67 elementor-section-boxed elementor-section-height-default elementor-section-height-default\" data-id=\"0dcdd67\" data-element_type=\"section\" data-e-type=\"section\">\n\t\t\t\t\t\t<div class=\"elementor-container elementor-column-gap-default\">\n\t\t\t\t\t<div class=\"elementor-column elementor-col-100 elementor-top-column elementor-element elementor-element-57d5b39\" data-id=\"57d5b39\" data-element_type=\"column\" data-e-type=\"column\">\n\t\t\t<div class=\"elementor-widget-wrap elementor-element-populated\">\n\t\t\t\t\t\t<div class=\"elementor-element elementor-element-a55e556 elementor-widget elementor-widget-heading\" data-id=\"a55e556\" data-element_type=\"widget\" data-e-type=\"widget\" data-widget_type=\"heading.default\">\n\t\t\t\t<div class=\"elementor-widget-container\">\n\t\t\t\t\t<h2 class=\"elementor-heading-title elementor-size-default\"><span style=\"border-bottom:2px solid #6b3a2d\">Avertissement l\u00e9gal<\/span><\/h2>\t\t\t\t<\/div>\n\t\t\t\t<\/div>\n\t\t\t\t\t<\/div>\n\t\t<\/div>\n\t\t\t\t\t<\/div>\n\t\t<\/section>\n\t\t\t\t<section class=\"elementor-section elementor-top-section elementor-element elementor-element-3af056f1 elementor-section-boxed elementor-section-height-default elementor-section-height-default\" data-id=\"3af056f1\" data-element_type=\"section\" data-e-type=\"section\">\n\t\t\t\t\t\t<div class=\"elementor-container elementor-column-gap-default\">\n\t\t\t\t\t<div class=\"elementor-column elementor-col-100 elementor-top-column elementor-element elementor-element-74fe6e1\" data-id=\"74fe6e1\" data-element_type=\"column\" data-e-type=\"column\">\n\t\t\t<div class=\"elementor-widget-wrap elementor-element-populated\">\n\t\t\t\t\t\t<div class=\"elementor-element elementor-element-17b03e77 elementor-widget elementor-widget-text-editor\" data-id=\"17b03e77\" data-element_type=\"widget\" data-e-type=\"widget\" data-widget_type=\"text-editor.default\">\n\t\t\t\t<div class=\"elementor-widget-container\">\n\t\t\t\t\t\t\t\t\t<p>Conform\u00e9ment aux dispositions de la loi espagnole 34\/2002 du 11 juillet relative aux services de la soci\u00e9t\u00e9 de l\u2019information, les donn\u00e9es d\u2019information g\u00e9n\u00e9rales sur ce site Internet sont les suivantes&nbsp;:<\/p>\n<ul>\n<li>Propri\u00e9taire du site Internet&nbsp;: Palacio de Olza SL<\/li>\n<li>CIF: B71323828<\/li>\n<li>Donn\u00e9es d\u2019immatriculation&nbsp;: Registre du Commerce de Navarre (Tome xxx, Folio xxxx, Page NA-xxxx)<\/li>\n<li>Adresse&nbsp;: Calle Ansoleaga 14 \u2013 Pampelune<\/li>\n<li>T\u00e9l\u00e9phone&nbsp;: 613 026 207<\/li>\n<li>E-mail: <a href=\"mailto:info@palaciodeolza.es\">info@palaciodeolza.es<br><br><\/a><\/li>\n<\/ul>\n<p><strong>PROTECTION DES DONN\u00c9ES<\/strong><\/p>\n<p>Conform\u00e9ment aux dispositions de l\u2019article 13 du R\u00e8glement (UE) 2016\/679, PALACIO DE OLZA informe les utilisateurs de son site Internet de ce qui suit&nbsp;:<\/p>\n<ul>\n<li>Les donn\u00e9es fournies par les visiteurs du site Internet \u00e0 travers les formulaires de contact feront l\u2019objet d\u2019un traitement de la part de PALACIO DE OLZA dans le but de pouvoir r\u00e9pondre \u00e0 leur demande ou question par courrier \u00e9lectronique.<\/li>\n<li>L\u2019envoi d\u2019un courrier \u00e9lectronique \u00e0 l\u2019adresse de contact figurant sur la page implique le consentement expr\u00e8s de l\u2019utilisateur quant \u00e0 l\u2019utilisation par PALACIO DE OLZA de son adresse e-mail afin de r\u00e9pondre \u00e0 sa question moyennant l\u2019envoi d\u2019un e-mail.<\/li>\n<li>La base juridique sur laquelle se fonde le traitement des donn\u00e9es personnelles de l\u2019utilisateur est le consentement qu\u2019il fournit en acceptant la pr\u00e9sente politique de confidentialit\u00e9 au moment o\u00f9 il inscrit ses donn\u00e9es dans le formulaire de contact.<\/li>\n<li>Toutes les donn\u00e9es personnelles seront trait\u00e9es dans la plus stricte confidentialit\u00e9 et avec toutes les mesures de s\u00e9curit\u00e9 pertinentes, conform\u00e9ment \u00e0 la loi en vigueur en mati\u00e8re de protection des donn\u00e9es.<\/li>\n<li>Elles seront conserv\u00e9es pendant la dur\u00e9e n\u00e9cessaire afin de r\u00e9pondre \u00e0 la question ou \u00e0 la demande d\u2019informations lors du contact&nbsp;; toutefois, si l\u2019utilisateur souhaite recevoir des informations \u00e0 propos de notre activit\u00e9 et de nos promotions, nous conserverons ses donn\u00e9es \u00e0 cet effet et jusqu\u2019\u00e0 ce qu\u2019il nous fasse part de son opposition \u00e0 ce traitement.<\/li>\n<li>L\u2019utilisateur a le droit \u00e0 tout moment de v\u00e9rifier les informations que PALACIO DE OLZA poss\u00e8de \u00e0 son sujet. PALACIO DE OLZA lui confirmera s\u2019il traite des donn\u00e9es personnelles \u00e0 son sujet ou non et, le cas \u00e9ch\u00e9ant, quelles sont ces donn\u00e9es. L\u2019utilisateur pourra \u00e9galement demander l\u2019annulation des donn\u00e9es s\u2019il consid\u00e8re que celles-ci ne sont plus n\u00e9cessaires pour les fins pour lesquelles elles ont \u00e9t\u00e9 collect\u00e9es et leur rectification s\u2019il consid\u00e8re qu\u2019elles sont inexactes.<\/li>\n<li>Dans certains cas, et pour des raisons li\u00e9es \u00e0 sa situation particuli\u00e8re, le client peut s\u2019opposer au traitement des donn\u00e9es personnelles fournies. PALACIO DE OLZA pourra alors arr\u00eater de traiter les donn\u00e9es sauf pour des raisons l\u00e9gitimes imp\u00e9rieuses ou pour l\u2019exercice ou la d\u00e9fense d\u2019\u00e9ventuelles r\u00e9clamations. Pour exercer les droits suscit\u00e9s, il vous suffit d\u2019\u00e9crire \u00e0 l\u2019adresse de PALACIO DE OLZA indiqu\u00e9e ci-dessus.<\/li>\n<li>Dans tous les cas, l\u2019utilisateur client a le droit de d\u00e9poser une r\u00e9clamation aupr\u00e8s de l\u2019Agence espagnole de protection des donn\u00e9es (agpd.es) s\u2019il estime que le traitement n\u2019est pas conforme \u00e0 la r\u00e9glementation en vigueur.<br>\n<br><br><\/li>\n<\/ul>\n<p><strong>DROITS D\u2019AUTEUR ET DROITS DE PROPRI\u00c9T\u00c9 INDUSTRIELLE<\/strong><\/p>\n<p>PALACIO DE OLZA est responsable de l\u2019exercice exclusif des droits d\u2019auteur relatifs \u00e0 ce site Internet et tout acte de distribution ou de communication publique, de reproduction ou de stockage total ou partiel, doit \u00eatre effectu\u00e9 avec l\u2019accord pr\u00e9alable des responsables de PALACIO DE OLZA.<\/p>\n<p>Ce site Internet et son contenu sont prot\u00e9g\u00e9s par les lois espagnoles et internationales en mati\u00e8re de propri\u00e9t\u00e9 intellectuelle et industrielle.<\/p>\n<p>La reproduction totale ou partielle de ce site Internet et de ses images sans l\u2019autorisation expresse et par \u00e9crit de PALACIO DE OLZA est express\u00e9ment interdite.<br><br><\/p>\n<p><strong>ACC\u00c8S ET S\u00c9CURIT\u00c9<\/strong><\/p>\n<p>Les visiteurs pourront acc\u00e9der au site Internet librement et volontairement. L\u2019utilisateur s\u2019engage \u00e0 faire un usage diligent du service Internet et \u00e0 pr\u00e9server le secret de ses informations&nbsp;; il assumera toute responsabilit\u00e9 d\u00e9riv\u00e9e des cons\u00e9quences d\u2019une divulgation \u00e0 des tiers.<\/p>\n<p>PALACIO DE OLZA d\u00e9cline toute responsabilit\u00e9 quant aux dommages, directs ou indirects, et aux pertes r\u00e9sultant de l\u2019utilisation de ce site Internet ou des informations qu\u2019il contient.<\/p>\n<p>PALACIO DE OLZA se r\u00e9serve le droit de modifier les sp\u00e9cifications des produits et services de ce site Internet.<\/p>\t\t\t\t\t\t\t\t<\/div>\n\t\t\t\t<\/div>\n\t\t\t\t\t<\/div>\n\t\t<\/div>\n\t\t\t\t\t<\/div>\n\t\t<\/section>\n\t\t\t\t<\/div>\n\t\t","protected":false},"excerpt":{"rendered":"<p>Avertissement l\u00e9gal Conform\u00e9ment aux dispositions de la loi espagnole 34\/2002 du 11 juillet relative aux services de la soci\u00e9t\u00e9 de l\u2019information, les donn\u00e9es d\u2019information g\u00e9n\u00e9rales sur ce site Internet sont les suivantes&nbsp;: Propri\u00e9taire du site Internet&nbsp;: Palacio de Olza SL [&hellip;]<\/p>\n","protected":false},"author":1,"featured_media":0,"parent":0,"menu_order":0,"comment_status":"closed","ping_status":"closed","template":"","meta":{"footnotes":""},"class_list":["post-6379","page","type-page","status-publish","hentry"],"aioseo_notices":[],"_links":{"self":[{"href":"https:\/\/www.palaciodeolza.es\/fr\/wp-json\/wp\/v2\/pages\/6379","targetHints":{"allow":["GET"]}}],"collection":[{"href":"https:\/\/www.palaciodeolza.es\/fr\/wp-json\/wp\/v2\/pages"}],"about":[{"href":"https:\/\/www.palaciodeolza.es\/fr\/wp-json\/wp\/v2\/types\/page"}],"author":[{"embeddable":true,"href":"https:\/\/www.palaciodeolza.es\/fr\/wp-json\/wp\/v2\/users\/1"}],"replies":[{"embeddable":true,"href":"https:\/\/www.palaciodeolza.es\/fr\/wp-json\/wp\/v2\/comments?post=6379"}],"version-history":[{"count":9,"href":"https:\/\/www.palaciodeolza.es\/fr\/wp-json\/wp\/v2\/pages\/6379\/revisions"}],"predecessor-version":[{"id":17424,"href":"https:\/\/www.palaciodeolza.es\/fr\/wp-json\/wp\/v2\/pages\/6379\/revisions\/17424"}],"wp:attachment":[{"href":"https:\/\/www.palaciodeolza.es\/fr\/wp-json\/wp\/v2\/media?parent=6379"}],"curies":[{"name":"wp","href":"https:\/\/api.w.org\/{rel}","templated":true}]}}