{"id":6383,"date":"2019-11-14T15:37:37","date_gmt":"2019-11-14T14:37:37","guid":{"rendered":"https:\/\/www.palaciodeolza.es\/politica-de-cookies\/"},"modified":"2020-11-30T18:37:05","modified_gmt":"2020-11-30T17:37:05","slug":"politique-d-utilisation-des-cookies","status":"publish","type":"page","link":"https:\/\/www.palaciodeolza.es\/fr\/politique-d-utilisation-des-cookies\/","title":{"rendered":"Politique d\u2019utilisation des cookies"},"content":{"rendered":"\t\t<div data-elementor-type=\"wp-page\" data-elementor-id=\"6383\" class=\"elementor elementor-6383 elementor-3077\" data-elementor-post-type=\"page\">\n\t\t\t\t\t\t<section class=\"elementor-section elementor-top-section elementor-element elementor-element-1776b4c elementor-section-boxed elementor-section-height-default elementor-section-height-default\" data-id=\"1776b4c\" data-element_type=\"section\" data-e-type=\"section\">\n\t\t\t\t\t\t<div class=\"elementor-container elementor-column-gap-default\">\n\t\t\t\t\t<div class=\"elementor-column elementor-col-100 elementor-top-column elementor-element elementor-element-8df10f3\" data-id=\"8df10f3\" data-element_type=\"column\" data-e-type=\"column\">\n\t\t\t<div class=\"elementor-widget-wrap elementor-element-populated\">\n\t\t\t\t\t\t<div class=\"elementor-element elementor-element-0e2c206 elementor-widget elementor-widget-heading\" data-id=\"0e2c206\" data-element_type=\"widget\" data-e-type=\"widget\" data-widget_type=\"heading.default\">\n\t\t\t\t<div class=\"elementor-widget-container\">\n\t\t\t\t\t<h2 class=\"elementor-heading-title elementor-size-default\"><span style=\"border-bottom:2px solid #6b3a2d\">Politique d\u2019utilisation des cookies<\/span><\/h2>\t\t\t\t<\/div>\n\t\t\t\t<\/div>\n\t\t\t\t\t<\/div>\n\t\t<\/div>\n\t\t\t\t\t<\/div>\n\t\t<\/section>\n\t\t\t\t<section class=\"elementor-section elementor-top-section elementor-element elementor-element-a8b6371 elementor-section-boxed elementor-section-height-default elementor-section-height-default\" data-id=\"a8b6371\" data-element_type=\"section\" data-e-type=\"section\">\n\t\t\t\t\t\t<div class=\"elementor-container elementor-column-gap-default\">\n\t\t\t\t\t<div class=\"elementor-column elementor-col-100 elementor-top-column elementor-element elementor-element-38a5bac\" data-id=\"38a5bac\" data-element_type=\"column\" data-e-type=\"column\">\n\t\t\t<div class=\"elementor-widget-wrap elementor-element-populated\">\n\t\t\t\t\t\t<div class=\"elementor-element elementor-element-51b0eb35 elementor-widget elementor-widget-text-editor\" data-id=\"51b0eb35\" data-element_type=\"widget\" data-e-type=\"widget\" data-widget_type=\"text-editor.default\">\n\t\t\t\t<div class=\"elementor-widget-container\">\n\t\t\t\t\t\t\t\t\t<p>Sur notre site Internet, nous utilisons des cookies lorsque vous visitez les diff\u00e9rentes pages. Ils servent, entre autres, \u00e0 reconna\u00eetre votre navigateur, la langue que vous avez choisie ou d\u2019autres \u00e9l\u00e9ments configurables. Ils vous permettent en outre de naviguer normalement sur le site Internet.<\/p><p>Nous utilisons des cookies internes et des cookies de tiers. Certains services fournis sur notre site Internet peuvent \u00e9galement utiliser des cookies d\u2019entreprises partenaires.<\/p><p>En naviguant dans les contenus, vous acceptez l\u2019utilisation de cookies telle qu\u2019elle est d\u00e9crite dans la pr\u00e9sente politique d\u2019utilisation des cookies. En aucun cas, nous n\u2019utilisons des cookies internes pour vous montrer des publicit\u00e9s en fonction de vos habitudes de navigation.<\/p><p>Vous pouvez modifier vos pr\u00e9f\u00e9rences en mati\u00e8re de cookies \u00e0 partir des param\u00e8tres de votre navigateur afin que celui-ci vous pr\u00e9vienne lorsque vous recevez des cookies et emp\u00eache, le cas \u00e9ch\u00e9ant, leur installation sur votre disque dur.<\/p><p>\u00a0<\/p><p><strong>QUE SONT LES COOKIES\u00a0?<\/strong><\/p><p>Les cookies sont de petits fichiers texte qui sont enregistr\u00e9s sur votre appareil (ordinateur, t\u00e9l\u00e9phone portable, etc.) lorsque vous acc\u00e9dez \u00e0 certains sites Internet. Ils permettent au propri\u00e9taire du site Internet de stocker ou de r\u00e9cup\u00e9rer certaines informations (nombre de visites de la page, identification d\u2019un utilisateur enregistr\u00e9, maintien de la session de l\u2019utilisateur, etc.). Les cookies sont associ\u00e9s uniquement au navigateur (Firefox, Chrome, Internet Explorer, Opera,) \u00e0 partir duquel l\u2019utilisateur visite les sites Internet. Par cons\u00e9quent, si vous utilisez plusieurs navigateurs, chacun aura ses propres cookies.<\/p><p>Les cookies peuvent \u00eatre \u00ab\u00a0de session\u00a0\u00bb (ils sont supprim\u00e9s lorsque vous quittez le site) ou \u00ab\u00a0permanents\u00a0\u00bb (ils restent sur votre ordinateur jusqu\u2019\u00e0 une certaine date).<\/p><p>\u00a0<\/p><p><strong>\u00c0 QUOI SERVENT-ILS\u00a0?<\/strong>?<\/p><p>Ils facilitent votre navigation sur le site Internet et la rendent plus conviviale car ils permettent de personnaliser certains contenus en fonction des choix que vous faites. C\u2019est par exemple gr\u00e2ce aux cookies que le site Internet s\u2019affiche dans votre langue pr\u00e9f\u00e9r\u00e9e \u00e0 chaque fois que vous acc\u00e9dez au site.<\/p><p>Certains cookies sont absolument n\u00e9cessaires pour utiliser certaines fonctions, telles que l\u2019acc\u00e8s \u00e0 des zones s\u00e9curis\u00e9es du site Internet ou pour autoriser des contenus adapt\u00e9s \u00e0 votre appareil.<\/p><p>Nous utilisons \u00e9galement des cookies d\u2019analyse sur nos sites Internet. Ces cookies permettent de savoir le nombre de visites que re\u00e7oit le site Internet et les habitudes de navigation. Ils sont donc tr\u00e8s utiles pour analyser le trafic et am\u00e9liorer le service. Ces informations sont anonymes et ne contiennent en aucun cas des donn\u00e9es d\u2019identification personnelle.<\/p><p>\u00a0<\/p><p><strong>QUELS COOKIES UTILISONS-NOUS\u00a0?<\/strong><\/p><p>Nous expliquons ci-apr\u00e8s les diff\u00e9rents types de cookies que nous utilisons et \u00e0 quelles fins.<\/p><p><strong>Cookies internes<\/strong><\/p><ul><li><u>Cookies de session<\/u><br \/>Les cookies de session permettent d\u2019identifier votre visite sur le site Internet. Ils sont tous supprim\u00e9s lorsque vous fermez votre navigateur.<\/li><li><u>Cookies techniques et fonctionnels<\/u><br \/>Ces cookies restent plus longtemps sur votre appareil\u00a0; ils nous permettent d\u2019adapter les contenus \u00e0 vos pr\u00e9f\u00e9rences. Les autres cookies utilis\u00e9s sont n\u00e9cessaires au bon fonctionnement des diff\u00e9rents services que nous proposons sur le site.<\/li><\/ul><p><strong>Cookies de tiers ou de soci\u00e9t\u00e9s partenaires<\/strong><\/p><ul><li style=\"list-style-type: none;\"><ul><li><u>Google Analytics<\/u><br \/>Ils collectent des informations sur le nombre de visites, les pages ou rubriques visit\u00e9es, le temps de navigation, les termes de recherche utilis\u00e9s, des d\u00e9tails sur les navigateurs utilis\u00e9s, etc. Ils permettent d\u2019analyser les habitudes de navigation des utilisateurs sur le site Internet et d\u2019am\u00e9liorer son fonctionnement. Les informations recueillies par ces cookies sont globales et anonymes. Pour en savoir plus \u00e0 propos de ces cookies, nous vous invitons \u00e0 cliquer ici. Vous pouvez \u00e9galement emp\u00eacher l\u2019utilisation de Google Analytics en t\u00e9l\u00e9chargeant et en installant ce module compl\u00e9mentaire\u00a0: <a href=\"https:\/\/tools.google.com\/dlpage\/gaoptout?hl=es-ES\">https:\/\/tools.google.com\/dlpage\/gaoptout?hl=es-ES.<\/a><\/li><\/ul><\/li><\/ul><p>\u00a0<\/p><p><strong>BLOCAGE OU SUPPRESSION DES COOKIES<\/strong><\/p><p>Si vous souhaitez savoir quels sont les cookies qui ont \u00e9t\u00e9 install\u00e9s sur votre ordinateur, les bloquer ou les supprimer, vous pouvez configurer le navigateur install\u00e9 sur votre ordinateur.<\/p><p>Pour restreindre ou bloquer les cookies, vous devez modifier la configuration du navigateur que vous utilisez sur votre appareil, qu\u2019il s\u2019agisse d\u2019un ordinateur, d\u2019un Smartphone ou d\u2019une tablette. En g\u00e9n\u00e9ral, les navigateurs proposent les options de configuration suivantes en ce qui concerne l\u2019installation des cookies\u00a0:<\/p><ul><li>Blocage de tous les cookies. Aucun cookie, d\u2019aucun site Internet, ne sera alors install\u00e9 sur votre appareil.<\/li><li>Avertissement avant l\u2019installation d\u2019un cookie afin que vous puissiez d\u00e9cider d\u2019accepter ou non de l\u2019installer.<\/li><li>Blocage des cookies tiers des sites Internet que vous visitez\u00a0; les cookies du site Internet sur lequel vous naviguez pourront en revanche \u00eatre install\u00e9s.<\/li><li>Enfin, vous pouvez s\u00e9lectionner l\u2019option de navigation en mode priv\u00e9 par laquelle des cookies sont install\u00e9s sur votre appareil mais sont automatiquement supprim\u00e9s lorsque vous abandonnez le site Internet.<\/li><\/ul><p>Nous vous invitons \u00e0 visiter les liens suivants pour savoir comment proc\u00e9der pour les diff\u00e9rents navigateurs\u00a0:<\/p><ul><li><a href=\"http:\/\/windows.microsoft.com\/es-es\/internet-explorer\/delete-manage-cookies#ie=ie-11\">Internet Explorer<\/a><\/li><li><a href=\"https:\/\/support.mozilla.org\/es\/kb\/cookies-informacion-que-los-sitios-web-guardan-en-?redirectlocale=en-US&amp;redirectslug=Cookies\">Mozilla Firefox<\/a><\/li><li><a href=\"https:\/\/support.google.com\/chrome\/answer\/95647?hl=es\">Google Chrome<\/a><\/li><li><a href=\"https:\/\/support.apple.com\/kb\/PH19214?viewlocale=es_ES&amp;locale=es_ES\">Safari<\/a><\/li><\/ul><p>En cas de blocage ou d&rsquo;\u00e9limination des cookies, nous ne pourrons pas conserver vos pr\u00e9f\u00e9rences et il est possible que certaines fonctionnalit\u00e9s du site ne soient pas op\u00e9rationnelles.<\/p>\t\t\t\t\t\t\t\t<\/div>\n\t\t\t\t<\/div>\n\t\t\t\t\t<\/div>\n\t\t<\/div>\n\t\t\t\t\t<\/div>\n\t\t<\/section>\n\t\t\t\t<\/div>\n\t\t","protected":false},"excerpt":{"rendered":"<p>Politique d\u2019utilisation des cookies Sur notre site Internet, nous utilisons des cookies lorsque vous visitez les diff\u00e9rentes pages. Ils servent, entre autres, \u00e0 reconna\u00eetre votre navigateur, la langue que vous avez choisie ou d\u2019autres \u00e9l\u00e9ments configurables. Ils vous permettent en [&hellip;]<\/p>\n","protected":false},"author":1,"featured_media":0,"parent":0,"menu_order":0,"comment_status":"closed","ping_status":"closed","template":"","meta":{"footnotes":""},"class_list":["post-6383","page","type-page","status-publish","hentry"],"aioseo_notices":[],"_links":{"self":[{"href":"https:\/\/www.palaciodeolza.es\/fr\/wp-json\/wp\/v2\/pages\/6383","targetHints":{"allow":["GET"]}}],"collection":[{"href":"https:\/\/www.palaciodeolza.es\/fr\/wp-json\/wp\/v2\/pages"}],"about":[{"href":"https:\/\/www.palaciodeolza.es\/fr\/wp-json\/wp\/v2\/types\/page"}],"author":[{"embeddable":true,"href":"https:\/\/www.palaciodeolza.es\/fr\/wp-json\/wp\/v2\/users\/1"}],"replies":[{"embeddable":true,"href":"https:\/\/www.palaciodeolza.es\/fr\/wp-json\/wp\/v2\/comments?post=6383"}],"version-history":[{"count":5,"href":"https:\/\/www.palaciodeolza.es\/fr\/wp-json\/wp\/v2\/pages\/6383\/revisions"}],"predecessor-version":[{"id":6888,"href":"https:\/\/www.palaciodeolza.es\/fr\/wp-json\/wp\/v2\/pages\/6383\/revisions\/6888"}],"wp:attachment":[{"href":"https:\/\/www.palaciodeolza.es\/fr\/wp-json\/wp\/v2\/media?parent=6383"}],"curies":[{"name":"wp","href":"https:\/\/api.w.org\/{rel}","templated":true}]}}